{"id":23230,"date":"2026-02-27T08:03:47","date_gmt":"2026-02-27T08:03:47","guid":{"rendered":"https:\/\/ulexproject.org\/donaciones\/"},"modified":"2026-02-27T16:47:18","modified_gmt":"2026-02-27T16:47:18","slug":"donaciones","status":"publish","type":"page","link":"https:\/\/ulexproject.org\/ca\/donaciones\/","title":{"rendered":"Donaciones"},"content":{"rendered":"\t\t<div data-elementor-type=\"wp-page\" data-elementor-id=\"23230\" class=\"elementor elementor-23230 elementor-272\" data-elementor-settings=\"{&quot;element_pack_global_tooltip_width&quot;:{&quot;unit&quot;:&quot;px&quot;,&quot;size&quot;:&quot;&quot;,&quot;sizes&quot;:[]},&quot;element_pack_global_tooltip_width_tablet&quot;:{&quot;unit&quot;:&quot;px&quot;,&quot;size&quot;:&quot;&quot;,&quot;sizes&quot;:[]},&quot;element_pack_global_tooltip_width_mobile&quot;:{&quot;unit&quot;:&quot;px&quot;,&quot;size&quot;:&quot;&quot;,&quot;sizes&quot;:[]},&quot;element_pack_global_tooltip_padding&quot;:{&quot;unit&quot;:&quot;px&quot;,&quot;top&quot;:&quot;&quot;,&quot;right&quot;:&quot;&quot;,&quot;bottom&quot;:&quot;&quot;,&quot;left&quot;:&quot;&quot;,&quot;isLinked&quot;:true},&quot;element_pack_global_tooltip_padding_tablet&quot;:{&quot;unit&quot;:&quot;px&quot;,&quot;top&quot;:&quot;&quot;,&quot;right&quot;:&quot;&quot;,&quot;bottom&quot;:&quot;&quot;,&quot;left&quot;:&quot;&quot;,&quot;isLinked&quot;:true},&quot;element_pack_global_tooltip_padding_mobile&quot;:{&quot;unit&quot;:&quot;px&quot;,&quot;top&quot;:&quot;&quot;,&quot;right&quot;:&quot;&quot;,&quot;bottom&quot;:&quot;&quot;,&quot;left&quot;:&quot;&quot;,&quot;isLinked&quot;:true},&quot;element_pack_global_tooltip_border_radius&quot;:{&quot;unit&quot;:&quot;px&quot;,&quot;top&quot;:&quot;&quot;,&quot;right&quot;:&quot;&quot;,&quot;bottom&quot;:&quot;&quot;,&quot;left&quot;:&quot;&quot;,&quot;isLinked&quot;:true},&quot;element_pack_global_tooltip_border_radius_tablet&quot;:{&quot;unit&quot;:&quot;px&quot;,&quot;top&quot;:&quot;&quot;,&quot;right&quot;:&quot;&quot;,&quot;bottom&quot;:&quot;&quot;,&quot;left&quot;:&quot;&quot;,&quot;isLinked&quot;:true},&quot;element_pack_global_tooltip_border_radius_mobile&quot;:{&quot;unit&quot;:&quot;px&quot;,&quot;top&quot;:&quot;&quot;,&quot;right&quot;:&quot;&quot;,&quot;bottom&quot;:&quot;&quot;,&quot;left&quot;:&quot;&quot;,&quot;isLinked&quot;:true}}\" data-elementor-post-type=\"page\">\n\t\t\t\t<div class=\"elementor-element elementor-element-c08f6ba e-flex e-con-boxed e-con e-parent\" data-id=\"c08f6ba\" data-element_type=\"container\" data-e-type=\"container\">\n\t\t\t\t\t<div class=\"e-con-inner\">\n\t\t\t\t<div class=\"elementor-element elementor-element-73be673 elementor-widget elementor-widget-template\" data-id=\"73be673\" data-element_type=\"widget\" data-e-type=\"widget\" data-widget_type=\"template.default\">\n\t\t\t\t<div class=\"elementor-widget-container\">\n\t\t\t\t\t\t\t<div class=\"elementor-template\">\n\t\t\t\t\t<div data-elementor-type=\"container\" data-elementor-id=\"9466\" class=\"elementor elementor-9466\" data-elementor-post-type=\"elementor_library\">\n\t\t\t\t<div class=\"elementor-element elementor-element-7fd21df e-flex e-con-boxed e-con e-parent\" data-id=\"7fd21df\" data-element_type=\"container\" data-e-type=\"container\" data-settings=\"{&quot;background_background&quot;:&quot;gradient&quot;}\">\n\t\t\t\t\t<div class=\"e-con-inner\">\n\t\t<div class=\"elementor-element elementor-element-498aa85 e-con-full e-flex e-con e-child\" data-id=\"498aa85\" data-element_type=\"container\" data-e-type=\"container\">\n\t\t\t\t<\/div>\n\t\t\t\t\t<\/div>\n\t\t\t\t<\/div>\n\t\t\t\t<\/div>\n\t\t\t\t<\/div>\n\t\t\t\t\t\t<\/div>\n\t\t\t\t<\/div>\n\t\t\t\t\t<\/div>\n\t\t\t\t<\/div>\n\t\t<div class=\"elementor-element elementor-element-c3b220f e-flex e-con-boxed e-con e-parent\" data-id=\"c3b220f\" data-element_type=\"container\" data-e-type=\"container\" data-settings=\"{&quot;background_background&quot;:&quot;classic&quot;}\">\n\t\t\t\t\t<div class=\"e-con-inner\">\n\t\t<div class=\"elementor-element elementor-element-face217 e-con-full e-flex e-con e-child\" data-id=\"face217\" data-element_type=\"container\" data-e-type=\"container\">\n\t\t\t\t<div class=\"elementor-element elementor-element-71d6334 elementor-widget elementor-widget-text-editor\" data-id=\"71d6334\" data-element_type=\"widget\" data-e-type=\"widget\" data-widget_type=\"text-editor.default\">\n\t\t\t\t<div class=\"elementor-widget-container\">\n\t\t\t\t\t\t\t\t\tNombroses persones dediquen enormes quantitats de temps i energia per fer que Ulex funcioni, enfortint els moviments socials, la just\u00edcia social i la integritat ecol\u00f2gica. La nostra feina desafia l&#8217;exclusi\u00f3 social i la marginaci\u00f3, donant acc\u00e9s a formaci\u00f3 en desenvolupament de capacitats per a molts tipus d&#8217;activistes de tot Europa. Hi ha moltes maneres en qu\u00e8 us podeu unir i donar-nos suport en aquesta important tasca. Si podeu ajudar econ\u00f2micament, us n&#8217;estem profundament agra\u00efts.\t\t\t\t\t\t\t\t<\/div>\n\t\t\t\t<\/div>\n\t\t\t\t<div class=\"elementor-element elementor-element-370caa6 elementor-align-left elementor-tablet-align-center elementor-hidden-desktop elementor-hidden-tablet elementor-hidden-mobile elementor-widget elementor-widget-button\" data-id=\"370caa6\" data-element_type=\"widget\" data-e-type=\"widget\" data-widget_type=\"button.default\">\n\t\t\t\t<div class=\"elementor-widget-container\">\n\t\t\t\t\t\t\t\t\t<div class=\"elementor-button-wrapper\">\n\t\t\t\t\t<a class=\"elementor-button elementor-button-link elementor-size-sm\" href=\"https:\/\/ulexproject.org\/ca\/certificate-of-donations\/\">\n\t\t\t\t\t\t<span class=\"elementor-button-content-wrapper\">\n\t\t\t\t\t\t\t\t\t<span class=\"elementor-button-text\">Dona aqu\u00ed<\/span>\n\t\t\t\t\t<\/span>\n\t\t\t\t\t<\/a>\n\t\t\t\t<\/div>\n\t\t\t\t\t\t\t\t<\/div>\n\t\t\t\t<\/div>\n\t\t\t\t<div class=\"elementor-element elementor-element-0245176 elementor-widget elementor-widget-button\" data-id=\"0245176\" data-element_type=\"widget\" data-e-type=\"widget\" data-widget_type=\"button.default\">\n\t\t\t\t<div class=\"elementor-widget-container\">\n\t\t\t\t\t\t\t\t\t<div class=\"elementor-button-wrapper\">\n\t\t\t\t\t<a class=\"elementor-button elementor-button-link elementor-size-sm\" href=\"https:\/\/ulexproject.org\/ca\/certificate-of-donations\/\">\n\t\t\t\t\t\t<span class=\"elementor-button-content-wrapper\">\n\t\t\t\t\t\t\t\t\t<span class=\"elementor-button-text\">DONA AQU\u00cd<\/span>\n\t\t\t\t\t<\/span>\n\t\t\t\t\t<\/a>\n\t\t\t\t<\/div>\n\t\t\t\t\t\t\t\t<\/div>\n\t\t\t\t<\/div>\n\t\t\t\t<div class=\"elementor-element elementor-element-e7d4422 elementor-hidden-desktop elementor-hidden-tablet elementor-hidden-mobile elementor-widget elementor-widget-html\" data-id=\"e7d4422\" data-element_type=\"widget\" data-e-type=\"widget\" data-widget_type=\"html.default\">\n\t\t\t\t<div class=\"elementor-widget-container\">\n\t\t\t\t\t<a href=\"https:\/\/ulexproject.org\/certificate-of-donations\/\" target=\"_blank\">\r\n  <img decoding=\"async\" src=\"https:\/\/ulexproject.org\/wp-content\/uploads\/2025\/10\/Donate-Here-100.jpg\" style=\"width:300px; height:auto;\">\r\n<\/a>\t\t\t\t<\/div>\n\t\t\t\t<\/div>\n\t\t\t\t<div class=\"elementor-element elementor-element-ef232a8 elementor-hidden-desktop elementor-hidden-tablet elementor-hidden-mobile elementor-widget elementor-widget-text-editor\" data-id=\"ef232a8\" data-element_type=\"widget\" data-e-type=\"widget\" data-widget_type=\"text-editor.default\">\n\t\t\t\t<div class=\"elementor-widget-container\">\n\t\t\t\t\t\t\t\t\t<pre id=\"tw-target-text\" class=\"tw-data-text tw-text-large tw-ta\" dir=\"ltr\" tabindex=\"-1\" role=\"text\" data-placeholder=\"Translation\" data-ved=\"2ahUKEwi3jYuLmvmSAxVtKvsDHZ8REHwQ3ewLegQIBBAW\" aria-label=\"Translated text: Si us plau, doneu suport a la tasca considerant fer donacions puntuals o regulars:\"><span class=\"Y2IQFc\" lang=\"ca\">Si us plau, doneu suport a la tasca considerant fer donacions puntuals o regulars:<\/span><\/pre>\n\t\t\t\t\t\t\t\t<\/div>\n\t\t\t\t<\/div>\n\t\t\t\t<div class=\"elementor-element elementor-element-ea0868c elementor-widget__width-initial elementor-hidden-desktop elementor-hidden-tablet elementor-hidden-mobile elementor-widget elementor-widget-text-editor\" data-id=\"ea0868c\" data-element_type=\"widget\" data-e-type=\"widget\" data-widget_type=\"text-editor.default\">\n\t\t\t\t<div class=\"elementor-widget-container\">\n\t\t\t\t\t\t\t\t\t<input alt=\"PayPal - The safer, easier way to pay online!\" name=\"submit\" src=\"http:\/\/ulexproject.org\/wp-content\/uploads\/2016\/10\/onetimepng.png\" type=\"image\" \/><br><div class=\"col-lg-3 col-md-3 col-xs-12 col-sm-12 nopad stepbut\">\r\n<div class=\"box-buttons-step1\">\r\n<div class=\"subah\"><form action=\"https:\/\/www.paypal.com\/cgi-bin\/webscr\" method=\"post\" target=\"_top\"><span style=\"font-size: 8pt;\"><img decoding=\"async\" src=\"https:\/\/www.paypalobjects.com\/en_US\/i\/scr\/pixel.gif\" alt=\"\" width=\"1\" height=\"1\" border=\"0\" \/><\/span><\/form><\/div><br><div class=\"subah\"><form action=\"https:\/\/www.paypal.com\/cgi-bin\/webscr\" method=\"post\" target=\"_top\"><input name=\"cmd\" type=\"hidden\" value=\"_s-xclick\" \/>\r\n<input name=\"hosted_button_id\" type=\"hidden\" value=\"QYSRM6H3LSCC2\" \/><\/form><\/div><br><\/div><br><\/div><br><table id=\"paypal-select\">\r\n<tbody>\r\n<tr>\r\n<td><input name=\"on0\" type=\"hidden\" value=\"\" \/><\/td>\r\n<\/tr>\r\n<tr>\r\n<td data-children-count=\"1\"><select id=\"mySelect\" name=\"os0\">\r\n<option value=\"Option 1\">Option 1 : \u20ac5,00 EUR &#8211; monthly<\/option>\r\n<option value=\"Option 2\">Option 2 : \u20ac10,00 EUR &#8211; monthly<\/option>\r\n<option value=\"Option 3\">Option 3 : \u20ac25,00 EUR &#8211; monthly<\/option>\r\n<option value=\"Option 4\">Option 4 : \u20ac50,00 EUR &#8211; monthly<\/option>\r\n<option value=\"Option 5\">Option 5 : \u20ac100,00 EUR &#8211; monthly<\/option>\r\n<\/select><\/td>\r\n<\/tr>\r\n<\/tbody>\r\n<\/table><br><div class=\"absolutexs\"><input alt=\"PayPal - The safer, easier way to pay online!\" name=\"submit\" src=\"http:\/\/ulexproject.org\/wp-content\/uploads\/2016\/11\/imgpsh_fullsize.png\" type=\"image\" \/><\/div><br><input name=\"currency_code\" type=\"hidden\" value=\"EUR\" \/>\t\t\t\t\t\t\t\t<\/div>\n\t\t\t\t<\/div>\n\t\t\t\t<div class=\"elementor-element elementor-element-880cb64 elementor-widget__width-initial elementor-hidden-desktop elementor-hidden-tablet elementor-hidden-mobile elementor-widget elementor-widget-html\" data-id=\"880cb64\" data-element_type=\"widget\" data-e-type=\"widget\" data-widget_type=\"html.default\">\n\t\t\t\t<div class=\"elementor-widget-container\">\n\t\t\t\t\t<div class=\"col-lg-3 col-md-3 col-xs-12 col-sm-12 nopad stepbut\">\r\n<div class=\"box-buttons-step1\">\r\n<div class=\"subah\"><form action=\"https:\/\/www.paypal.com\/cgi-bin\/webscr\" method=\"post\" target=\"_top\"><input name=\"cmd\" type=\"hidden\" value=\"_s-xclick\" \/>\r\n<input name=\"hosted_button_id\" type=\"hidden\" value=\"9DZ8D8HX76644\" \/>\r\n<input alt=\"PayPal - The safer, easier way to pay online!\" name=\"submit\" src=\"https:\/\/ulexproject.org\/wp-content\/uploads\/2025\/03\/OneTimePayment.png\" type=\"image\" \/>\r\n<img decoding=\"async\" src=\"https:\/\/www.paypalobjects.com\/en_US\/i\/scr\/pixel.gif\" alt=\"\" width=\"1\" height=\"1\" border=\"0\" \/><\/form><\/div>\r\n<div class=\"subah\"><form action=\"https:\/\/www.paypal.com\/cgi-bin\/webscr\" method=\"post\" target=\"_top\"><input name=\"cmd\" type=\"hidden\" value=\"_s-xclick\" \/>\r\n<input name=\"hosted_button_id\" type=\"hidden\" value=\"QYSRM6H3LSCC2\" \/><\/form><\/div>\r\n<\/div>\r\n<\/div>\t\t\t\t<\/div>\n\t\t\t\t<\/div>\n\t\t\t\t<div class=\"elementor-element elementor-element-d6e0fb1 elementor-widget__width-initial elementor-hidden-desktop elementor-hidden-tablet elementor-hidden-mobile elementor-widget elementor-widget-html\" data-id=\"d6e0fb1\" data-element_type=\"widget\" data-e-type=\"widget\" data-widget_type=\"html.default\">\n\t\t\t\t<div class=\"elementor-widget-container\">\n\t\t\t\t\t<!-- PayPal Payment Form -->\r\n<form action=\"https:\/\/www.paypal.com\/cgi-bin\/webscr\" method=\"post\" target=\"_top\" style=\"display:inline-block;\">\r\n  <!-- Hidden inputs for PayPal configuration -->\r\n  <input type=\"hidden\" name=\"cmd\" value=\"_s-xclick\" \/>\r\n  <input type=\"hidden\" name=\"hosted_button_id\" value=\"QYSRM6H3LSCC2\" \/>\r\n  <input type=\"hidden\" name=\"currency_code\" value=\"EUR\" \/>\r\n\r\n  <!-- Dropdown for subscription options -->\r\n  <select name=\"os0\" id=\"mySelect\">\r\n    <option value=\"Option 1\">Option 1 : \u20ac5,00 EUR - monthly<\/option>\r\n    <option value=\"Option 2\">Option 2 : \u20ac10,00 EUR - monthly<\/option>\r\n    <option value=\"Option 3\">Option 3 : \u20ac25,00 EUR - monthly<\/option>\r\n    <option value=\"Option 4\">Option 4 : \u20ac50,00 EUR - monthly<\/option>\r\n    <option value=\"Option 5\">Option 5 : \u20ac100,00 EUR - monthly<\/option>\r\n  <\/select>\r\n\r\n  <!-- Submit button as an image -->\r\n  <input type=\"image\" src=\"https:\/\/ulexproject.org\/wp-content\/uploads\/2025\/03\/PayMonthly.png\" alt=\"PayPal - The safer, easier way to pay online !\" \/>\r\n<\/form>\t\t\t\t<\/div>\n\t\t\t\t<\/div>\n\t\t\t\t<div class=\"elementor-element elementor-element-df06755 elementor-hidden-desktop elementor-hidden-tablet elementor-hidden-mobile elementor-widget elementor-widget-text-editor\" data-id=\"df06755\" data-element_type=\"widget\" data-e-type=\"widget\" data-widget_type=\"text-editor.default\">\n\t\t\t\t<div class=\"elementor-widget-container\">\n\t\t\t\t\t\t\t\t\t<h6><span style=\"font-size: 12pt;\"><a href=\"https:\/\/ulexproject.org\/ca\/contact-us\/\">Get in touch<\/a> if you want to discuss specific ways of giving us financial support.<\/span><\/h6>\n<h6>We are a registered non-profit organisation.<\/h6>\n\t\t\t\t\t\t\t\t<\/div>\n\t\t\t\t<\/div>\n\t\t\t\t<\/div>\n\t\t\t\t\t<\/div>\n\t\t\t\t<\/div>\n\t\t<div class=\"elementor-element elementor-element-ac9f4e6 e-flex e-con-boxed e-con e-parent\" data-id=\"ac9f4e6\" data-element_type=\"container\" data-e-type=\"container\">\n\t\t\t\t\t<div class=\"e-con-inner\">\n\t\t\t\t\t<\/div>\n\t\t\t\t<\/div>\n\t\t\t\t<\/div>\n\t\t","protected":false},"excerpt":{"rendered":"<p>Dona aqu\u00ed DONA AQU\u00cd Si us plau, doneu suport a la tasca considerant fer donacions puntuals o regulars: &nbsp; &nbsp; Option 1 : \u20ac5,00 EUR &#8211; monthlyOption 2 : \u20ac10,00 EUR &#8211; monthlyOption 3 : \u20ac25,00 EUR &#8211; monthlyOption 4 : \u20ac50,00 EUR &#8211; monthlyOption 5 : \u20ac100,00 EUR &#8211; monthly Option 1 : \u20ac5,00 [&hellip;]<\/p>\n","protected":false},"author":3,"featured_media":23236,"parent":0,"menu_order":25,"comment_status":"closed","ping_status":"closed","template":"","meta":{"_acf_changed":false,"_mo_disable_npp":"","cybocfi_hide_featured_image":"","footnotes":""},"class_list":["post-23230","page","type-page","status-publish","has-post-thumbnail","hentry"],"acf":[],"yoast_head":"<!-- This site is optimized with the Yoast SEO plugin v27.3 - https:\/\/yoast.com\/product\/yoast-seo-wordpress\/ -->\n<title>Donaciones - Ulex<\/title>\n<meta name=\"robots\" content=\"index, follow, max-snippet:-1, max-image-preview:large, max-video-preview:-1\" \/>\n<link rel=\"canonical\" href=\"https:\/\/ulexproject.org\/ca\/donaciones\/\" \/>\n<meta property=\"og:locale\" content=\"ca_ES\" \/>\n<meta property=\"og:type\" content=\"article\" \/>\n<meta property=\"og:title\" content=\"Donaciones - Ulex\" \/>\n<meta property=\"og:description\" content=\"Dona aqu\u00ed DONA AQU\u00cd Si us plau, doneu suport a la tasca considerant fer donacions puntuals o regulars: &nbsp; &nbsp; Option 1 : \u20ac5,00 EUR &#8211; monthlyOption 2 : \u20ac10,00 EUR &#8211; monthlyOption 3 : \u20ac25,00 EUR &#8211; monthlyOption 4 : \u20ac50,00 EUR &#8211; monthlyOption 5 : \u20ac100,00 EUR &#8211; monthly Option 1 : \u20ac5,00 [&hellip;]\" \/>\n<meta property=\"og:url\" content=\"https:\/\/ulexproject.org\/ca\/donaciones\/\" \/>\n<meta property=\"og:site_name\" content=\"Ulex\" \/>\n<meta property=\"article:modified_time\" content=\"2026-02-27T16:47:18+00:00\" \/>\n<meta property=\"og:image\" content=\"https:\/\/ulexproject.org\/wp-content\/uploads\/2026\/02\/Hands-in-together-1.webp\" \/>\n\t<meta property=\"og:image:width\" content=\"1920\" \/>\n\t<meta property=\"og:image:height\" content=\"650\" \/>\n\t<meta property=\"og:image:type\" content=\"image\/webp\" \/>\n<meta name=\"twitter:card\" content=\"summary_large_image\" \/>\n<meta name=\"twitter:label1\" content=\"Temps estimat de lectura\" \/>\n\t<meta name=\"twitter:data1\" content=\"1 minut\" \/>\n<script type=\"application\/ld+json\" class=\"yoast-schema-graph\">{\"@context\":\"https:\\\/\\\/schema.org\",\"@graph\":[{\"@type\":\"WebPage\",\"@id\":\"https:\\\/\\\/ulexproject.org\\\/ca\\\/donaciones\\\/\",\"url\":\"https:\\\/\\\/ulexproject.org\\\/ca\\\/donaciones\\\/\",\"name\":\"Donaciones - Ulex\",\"isPartOf\":{\"@id\":\"https:\\\/\\\/ulexproject.org\\\/ca\\\/#website\"},\"primaryImageOfPage\":{\"@id\":\"https:\\\/\\\/ulexproject.org\\\/ca\\\/donaciones\\\/#primaryimage\"},\"image\":{\"@id\":\"https:\\\/\\\/ulexproject.org\\\/ca\\\/donaciones\\\/#primaryimage\"},\"thumbnailUrl\":\"https:\\\/\\\/ulexproject.org\\\/wp-content\\\/uploads\\\/2026\\\/02\\\/Hands-in-together-1.webp\",\"datePublished\":\"2026-02-27T08:03:47+00:00\",\"dateModified\":\"2026-02-27T16:47:18+00:00\",\"breadcrumb\":{\"@id\":\"https:\\\/\\\/ulexproject.org\\\/ca\\\/donaciones\\\/#breadcrumb\"},\"inLanguage\":\"ca\",\"potentialAction\":[{\"@type\":\"ReadAction\",\"target\":[\"https:\\\/\\\/ulexproject.org\\\/ca\\\/donaciones\\\/\"]}]},{\"@type\":\"ImageObject\",\"inLanguage\":\"ca\",\"@id\":\"https:\\\/\\\/ulexproject.org\\\/ca\\\/donaciones\\\/#primaryimage\",\"url\":\"https:\\\/\\\/ulexproject.org\\\/wp-content\\\/uploads\\\/2026\\\/02\\\/Hands-in-together-1.webp\",\"contentUrl\":\"https:\\\/\\\/ulexproject.org\\\/wp-content\\\/uploads\\\/2026\\\/02\\\/Hands-in-together-1.webp\",\"width\":1920,\"height\":650},{\"@type\":\"BreadcrumbList\",\"@id\":\"https:\\\/\\\/ulexproject.org\\\/ca\\\/donaciones\\\/#breadcrumb\",\"itemListElement\":[{\"@type\":\"ListItem\",\"position\":1,\"name\":\"Home\",\"item\":\"https:\\\/\\\/ulexproject.org\\\/ca\\\/\"},{\"@type\":\"ListItem\",\"position\":2,\"name\":\"Donaciones\"}]},{\"@type\":\"WebSite\",\"@id\":\"https:\\\/\\\/ulexproject.org\\\/ca\\\/#website\",\"url\":\"https:\\\/\\\/ulexproject.org\\\/ca\\\/\",\"name\":\"Ulex\",\"description\":\"TRAININGS FOR SOCIAL MOVEMENT IMPACT &amp; RESILIENCE\",\"publisher\":{\"@id\":\"https:\\\/\\\/ulexproject.org\\\/ca\\\/#organization\"},\"potentialAction\":[{\"@type\":\"SearchAction\",\"target\":{\"@type\":\"EntryPoint\",\"urlTemplate\":\"https:\\\/\\\/ulexproject.org\\\/ca\\\/?s={search_term_string}\"},\"query-input\":{\"@type\":\"PropertyValueSpecification\",\"valueRequired\":true,\"valueName\":\"search_term_string\"}}],\"inLanguage\":\"ca\"},{\"@type\":\"Organization\",\"@id\":\"https:\\\/\\\/ulexproject.org\\\/ca\\\/#organization\",\"name\":\"Ulex\",\"url\":\"https:\\\/\\\/ulexproject.org\\\/ca\\\/\",\"logo\":{\"@type\":\"ImageObject\",\"inLanguage\":\"ca\",\"@id\":\"https:\\\/\\\/ulexproject.org\\\/ca\\\/#\\\/schema\\\/logo\\\/image\\\/\",\"url\":\"https:\\\/\\\/ulexproject.org\\\/wp-content\\\/uploads\\\/2016\\\/10\\\/ulex-new-logo.png\",\"contentUrl\":\"https:\\\/\\\/ulexproject.org\\\/wp-content\\\/uploads\\\/2016\\\/10\\\/ulex-new-logo.png\",\"width\":250,\"height\":133,\"caption\":\"Ulex\"},\"image\":{\"@id\":\"https:\\\/\\\/ulexproject.org\\\/ca\\\/#\\\/schema\\\/logo\\\/image\\\/\"}}]}<\/script>\n<!-- \/ Yoast SEO plugin. -->","yoast_head_json":{"title":"Donaciones - Ulex","robots":{"index":"index","follow":"follow","max-snippet":"max-snippet:-1","max-image-preview":"max-image-preview:large","max-video-preview":"max-video-preview:-1"},"canonical":"https:\/\/ulexproject.org\/ca\/donaciones\/","og_locale":"ca_ES","og_type":"article","og_title":"Donaciones - Ulex","og_description":"Dona aqu\u00ed DONA AQU\u00cd Si us plau, doneu suport a la tasca considerant fer donacions puntuals o regulars: &nbsp; &nbsp; Option 1 : \u20ac5,00 EUR &#8211; monthlyOption 2 : \u20ac10,00 EUR &#8211; monthlyOption 3 : \u20ac25,00 EUR &#8211; monthlyOption 4 : \u20ac50,00 EUR &#8211; monthlyOption 5 : \u20ac100,00 EUR &#8211; monthly Option 1 : \u20ac5,00 [&hellip;]","og_url":"https:\/\/ulexproject.org\/ca\/donaciones\/","og_site_name":"Ulex","article_modified_time":"2026-02-27T16:47:18+00:00","og_image":[{"width":1920,"height":650,"url":"https:\/\/ulexproject.org\/wp-content\/uploads\/2026\/02\/Hands-in-together-1.webp","type":"image\/webp"}],"twitter_card":"summary_large_image","twitter_misc":{"Temps estimat de lectura":"1 minut"},"schema":{"@context":"https:\/\/schema.org","@graph":[{"@type":"WebPage","@id":"https:\/\/ulexproject.org\/ca\/donaciones\/","url":"https:\/\/ulexproject.org\/ca\/donaciones\/","name":"Donaciones - Ulex","isPartOf":{"@id":"https:\/\/ulexproject.org\/ca\/#website"},"primaryImageOfPage":{"@id":"https:\/\/ulexproject.org\/ca\/donaciones\/#primaryimage"},"image":{"@id":"https:\/\/ulexproject.org\/ca\/donaciones\/#primaryimage"},"thumbnailUrl":"https:\/\/ulexproject.org\/wp-content\/uploads\/2026\/02\/Hands-in-together-1.webp","datePublished":"2026-02-27T08:03:47+00:00","dateModified":"2026-02-27T16:47:18+00:00","breadcrumb":{"@id":"https:\/\/ulexproject.org\/ca\/donaciones\/#breadcrumb"},"inLanguage":"ca","potentialAction":[{"@type":"ReadAction","target":["https:\/\/ulexproject.org\/ca\/donaciones\/"]}]},{"@type":"ImageObject","inLanguage":"ca","@id":"https:\/\/ulexproject.org\/ca\/donaciones\/#primaryimage","url":"https:\/\/ulexproject.org\/wp-content\/uploads\/2026\/02\/Hands-in-together-1.webp","contentUrl":"https:\/\/ulexproject.org\/wp-content\/uploads\/2026\/02\/Hands-in-together-1.webp","width":1920,"height":650},{"@type":"BreadcrumbList","@id":"https:\/\/ulexproject.org\/ca\/donaciones\/#breadcrumb","itemListElement":[{"@type":"ListItem","position":1,"name":"Home","item":"https:\/\/ulexproject.org\/ca\/"},{"@type":"ListItem","position":2,"name":"Donaciones"}]},{"@type":"WebSite","@id":"https:\/\/ulexproject.org\/ca\/#website","url":"https:\/\/ulexproject.org\/ca\/","name":"Ulex","description":"TRAININGS FOR SOCIAL MOVEMENT IMPACT &amp; RESILIENCE","publisher":{"@id":"https:\/\/ulexproject.org\/ca\/#organization"},"potentialAction":[{"@type":"SearchAction","target":{"@type":"EntryPoint","urlTemplate":"https:\/\/ulexproject.org\/ca\/?s={search_term_string}"},"query-input":{"@type":"PropertyValueSpecification","valueRequired":true,"valueName":"search_term_string"}}],"inLanguage":"ca"},{"@type":"Organization","@id":"https:\/\/ulexproject.org\/ca\/#organization","name":"Ulex","url":"https:\/\/ulexproject.org\/ca\/","logo":{"@type":"ImageObject","inLanguage":"ca","@id":"https:\/\/ulexproject.org\/ca\/#\/schema\/logo\/image\/","url":"https:\/\/ulexproject.org\/wp-content\/uploads\/2016\/10\/ulex-new-logo.png","contentUrl":"https:\/\/ulexproject.org\/wp-content\/uploads\/2016\/10\/ulex-new-logo.png","width":250,"height":133,"caption":"Ulex"},"image":{"@id":"https:\/\/ulexproject.org\/ca\/#\/schema\/logo\/image\/"}}]}},"_links":{"self":[{"href":"https:\/\/ulexproject.org\/ca\/wp-json\/wp\/v2\/pages\/23230","targetHints":{"allow":["GET"]}}],"collection":[{"href":"https:\/\/ulexproject.org\/ca\/wp-json\/wp\/v2\/pages"}],"about":[{"href":"https:\/\/ulexproject.org\/ca\/wp-json\/wp\/v2\/types\/page"}],"author":[{"embeddable":true,"href":"https:\/\/ulexproject.org\/ca\/wp-json\/wp\/v2\/users\/3"}],"replies":[{"embeddable":true,"href":"https:\/\/ulexproject.org\/ca\/wp-json\/wp\/v2\/comments?post=23230"}],"version-history":[{"count":2,"href":"https:\/\/ulexproject.org\/ca\/wp-json\/wp\/v2\/pages\/23230\/revisions"}],"predecessor-version":[{"id":23239,"href":"https:\/\/ulexproject.org\/ca\/wp-json\/wp\/v2\/pages\/23230\/revisions\/23239"}],"wp:featuredmedia":[{"embeddable":true,"href":"https:\/\/ulexproject.org\/ca\/wp-json\/wp\/v2\/media\/23236"}],"wp:attachment":[{"href":"https:\/\/ulexproject.org\/ca\/wp-json\/wp\/v2\/media?parent=23230"}],"curies":[{"name":"wp","href":"https:\/\/api.w.org\/{rel}","templated":true}]}}