{"id":2797,"date":"2016-10-14T10:26:42","date_gmt":"2016-10-14T10:26:42","guid":{"rendered":"https:\/\/ulexproject.org\/the-place\/"},"modified":"2024-07-18T10:22:13","modified_gmt":"2024-07-18T10:22:13","slug":"the-place","status":"publish","type":"page","link":"https:\/\/ulexproject.org\/ca\/el-centre\/the-place\/","title":{"rendered":"El lloc"},"content":{"rendered":"\t\t<div data-elementor-type=\"wp-page\" data-elementor-id=\"2797\" class=\"elementor elementor-2797 elementor-266\" data-elementor-settings=\"{&quot;element_pack_global_tooltip_width&quot;:{&quot;unit&quot;:&quot;px&quot;,&quot;size&quot;:&quot;&quot;,&quot;sizes&quot;:[]},&quot;element_pack_global_tooltip_width_tablet&quot;:{&quot;unit&quot;:&quot;px&quot;,&quot;size&quot;:&quot;&quot;,&quot;sizes&quot;:[]},&quot;element_pack_global_tooltip_width_mobile&quot;:{&quot;unit&quot;:&quot;px&quot;,&quot;size&quot;:&quot;&quot;,&quot;sizes&quot;:[]},&quot;element_pack_global_tooltip_padding&quot;:{&quot;unit&quot;:&quot;px&quot;,&quot;top&quot;:&quot;&quot;,&quot;right&quot;:&quot;&quot;,&quot;bottom&quot;:&quot;&quot;,&quot;left&quot;:&quot;&quot;,&quot;isLinked&quot;:true},&quot;element_pack_global_tooltip_padding_tablet&quot;:{&quot;unit&quot;:&quot;px&quot;,&quot;top&quot;:&quot;&quot;,&quot;right&quot;:&quot;&quot;,&quot;bottom&quot;:&quot;&quot;,&quot;left&quot;:&quot;&quot;,&quot;isLinked&quot;:true},&quot;element_pack_global_tooltip_padding_mobile&quot;:{&quot;unit&quot;:&quot;px&quot;,&quot;top&quot;:&quot;&quot;,&quot;right&quot;:&quot;&quot;,&quot;bottom&quot;:&quot;&quot;,&quot;left&quot;:&quot;&quot;,&quot;isLinked&quot;:true},&quot;element_pack_global_tooltip_border_radius&quot;:{&quot;unit&quot;:&quot;px&quot;,&quot;top&quot;:&quot;&quot;,&quot;right&quot;:&quot;&quot;,&quot;bottom&quot;:&quot;&quot;,&quot;left&quot;:&quot;&quot;,&quot;isLinked&quot;:true},&quot;element_pack_global_tooltip_border_radius_tablet&quot;:{&quot;unit&quot;:&quot;px&quot;,&quot;top&quot;:&quot;&quot;,&quot;right&quot;:&quot;&quot;,&quot;bottom&quot;:&quot;&quot;,&quot;left&quot;:&quot;&quot;,&quot;isLinked&quot;:true},&quot;element_pack_global_tooltip_border_radius_mobile&quot;:{&quot;unit&quot;:&quot;px&quot;,&quot;top&quot;:&quot;&quot;,&quot;right&quot;:&quot;&quot;,&quot;bottom&quot;:&quot;&quot;,&quot;left&quot;:&quot;&quot;,&quot;isLinked&quot;:true}}\" data-elementor-post-type=\"page\">\n\t\t\t\t<div class=\"elementor-element elementor-element-58d6ea5c e-flex e-con-boxed e-con e-parent\" data-id=\"58d6ea5c\" data-element_type=\"container\" data-e-type=\"container\">\n\t\t\t\t\t<div class=\"e-con-inner\">\n\t\t\t\t<div class=\"elementor-element elementor-element-620e396e elementor-widget elementor-widget-text-editor\" data-id=\"620e396e\" data-element_type=\"widget\" data-e-type=\"widget\" data-widget_type=\"text-editor.default\">\n\t\t\t\t<div class=\"elementor-widget-container\">\n\t\t\t\t\t\t\t\t\t<p>\u00a0<\/p><p>Barcelona \u00e9s el principal punt de connexions de transport per a arribar al centre d\u2019Ulex. <a href=\"https:\/\/ulexproject.org\/contact-us\/?lang=ca\">Per a m\u00e9s informaci\u00f3 sobre com arribar&#8230;<\/a><\/p><p><strong>Accessibilitat:<\/strong>\u00a0Malauradament, el lloc actualment no \u00e9s totalment accessible i t\u00e9 diverses escales. Estem treballant en un pla a llarg termini per fer les modificacions i els canvis necessaris. Mentrestant, poseu-vos en contacte amb nosaltres a support@ulexproject.org si voleu informaci\u00f3 m\u00e9s detallada sobre el disseny general de l\u2019edifici, el nombre d&#8217;escales, etc.<\/p>\t\t\t\t\t\t\t\t<\/div>\n\t\t\t\t<\/div>\n\t\t\t\t\t<\/div>\n\t\t\t\t<\/div>\n\t\t<div class=\"elementor-element elementor-element-c6f1999 e-con-full e-flex e-con e-parent\" data-id=\"c6f1999\" data-element_type=\"container\" data-e-type=\"container\">\n\t\t\t\t<div class=\"elementor-element elementor-element-aa95d97 elementor-widget elementor-widget-template\" data-id=\"aa95d97\" data-element_type=\"widget\" data-e-type=\"widget\" data-widget_type=\"template.default\">\n\t\t\t\t<div class=\"elementor-widget-container\">\n\t\t\t\t\t\t\t<div class=\"elementor-template\">\n\t\t\t\t\t<div data-elementor-type=\"single-page\" data-elementor-id=\"11580\" class=\"elementor elementor-11580\" data-elementor-settings=\"{&quot;element_pack_global_tooltip_width&quot;:{&quot;unit&quot;:&quot;px&quot;,&quot;size&quot;:&quot;&quot;,&quot;sizes&quot;:[]},&quot;element_pack_global_tooltip_width_tablet&quot;:{&quot;unit&quot;:&quot;px&quot;,&quot;size&quot;:&quot;&quot;,&quot;sizes&quot;:[]},&quot;element_pack_global_tooltip_width_mobile&quot;:{&quot;unit&quot;:&quot;px&quot;,&quot;size&quot;:&quot;&quot;,&quot;sizes&quot;:[]},&quot;element_pack_global_tooltip_padding&quot;:{&quot;unit&quot;:&quot;px&quot;,&quot;top&quot;:&quot;&quot;,&quot;right&quot;:&quot;&quot;,&quot;bottom&quot;:&quot;&quot;,&quot;left&quot;:&quot;&quot;,&quot;isLinked&quot;:true},&quot;element_pack_global_tooltip_padding_tablet&quot;:{&quot;unit&quot;:&quot;px&quot;,&quot;top&quot;:&quot;&quot;,&quot;right&quot;:&quot;&quot;,&quot;bottom&quot;:&quot;&quot;,&quot;left&quot;:&quot;&quot;,&quot;isLinked&quot;:true},&quot;element_pack_global_tooltip_padding_mobile&quot;:{&quot;unit&quot;:&quot;px&quot;,&quot;top&quot;:&quot;&quot;,&quot;right&quot;:&quot;&quot;,&quot;bottom&quot;:&quot;&quot;,&quot;left&quot;:&quot;&quot;,&quot;isLinked&quot;:true},&quot;element_pack_global_tooltip_border_radius&quot;:{&quot;unit&quot;:&quot;px&quot;,&quot;top&quot;:&quot;&quot;,&quot;right&quot;:&quot;&quot;,&quot;bottom&quot;:&quot;&quot;,&quot;left&quot;:&quot;&quot;,&quot;isLinked&quot;:true},&quot;element_pack_global_tooltip_border_radius_tablet&quot;:{&quot;unit&quot;:&quot;px&quot;,&quot;top&quot;:&quot;&quot;,&quot;right&quot;:&quot;&quot;,&quot;bottom&quot;:&quot;&quot;,&quot;left&quot;:&quot;&quot;,&quot;isLinked&quot;:true},&quot;element_pack_global_tooltip_border_radius_mobile&quot;:{&quot;unit&quot;:&quot;px&quot;,&quot;top&quot;:&quot;&quot;,&quot;right&quot;:&quot;&quot;,&quot;bottom&quot;:&quot;&quot;,&quot;left&quot;:&quot;&quot;,&quot;isLinked&quot;:true}}\" data-elementor-post-type=\"elementor_library\">\n\t\t\t<div class=\"elementor-element elementor-element-a4ad064 e-con-full e-flex e-con e-parent\" data-id=\"a4ad064\" data-element_type=\"container\" data-e-type=\"container\">\n\t\t\t\t<div class=\"elementor-element elementor-element-50e5abe elementor-widget elementor-widget-template\" data-id=\"50e5abe\" data-element_type=\"widget\" data-e-type=\"widget\" data-widget_type=\"template.default\">\n\t\t\t\t<div class=\"elementor-widget-container\">\n\t\t\t\t\t\t\t<div class=\"elementor-template\">\n\t\t\t\t\t<div data-elementor-type=\"container\" data-elementor-id=\"9466\" class=\"elementor elementor-9466\" data-elementor-post-type=\"elementor_library\">\n\t\t\t\t<div class=\"elementor-element elementor-element-7fd21df e-flex e-con-boxed e-con e-parent\" data-id=\"7fd21df\" data-element_type=\"container\" data-e-type=\"container\" data-settings=\"{&quot;background_background&quot;:&quot;gradient&quot;}\">\n\t\t\t\t\t<div class=\"e-con-inner\">\n\t\t<div class=\"elementor-element elementor-element-498aa85 e-con-full e-flex e-con e-child\" data-id=\"498aa85\" data-element_type=\"container\" data-e-type=\"container\">\n\t\t\t\t<\/div>\n\t\t\t\t\t<\/div>\n\t\t\t\t<\/div>\n\t\t\t\t<\/div>\n\t\t\t\t<\/div>\n\t\t\t\t\t\t<\/div>\n\t\t\t\t<\/div>\n\t\t\t\t<\/div>\n\t\t<div class=\"elementor-element elementor-element-68d2dd6 e-flex e-con-boxed e-con e-parent\" data-id=\"68d2dd6\" data-element_type=\"container\" data-e-type=\"container\">\n\t\t\t\t\t<div class=\"e-con-inner\">\n\t\t<div class=\"elementor-element elementor-element-5afd219 e-flex e-con-boxed e-con e-child\" data-id=\"5afd219\" data-element_type=\"container\" data-e-type=\"container\">\n\t\t\t\t\t<div class=\"e-con-inner\">\n\t\t\t\t<div class=\"elementor-element elementor-element-3a34196 elementor-widget elementor-widget-text-editor\" data-id=\"3a34196\" data-element_type=\"widget\" data-e-type=\"widget\" data-widget_type=\"text-editor.default\">\n\t\t\t\t<div class=\"elementor-widget-container\">\n\t\t\t\t\t\t\t\t\tCatalunya t\u00e9 una llarga hist\u00f2ria de lluita pol\u00edtica progressista. Avui dia, \u00e9s la llar d\u2019autogesti\u00f3 i organitzaci\u00f3 inspiradores.\t\t\t\t\t\t\t\t<\/div>\n\t\t\t\t<\/div>\n\t\t\t\t<div class=\"elementor-element elementor-element-4c42b8d elementor-widget elementor-widget-text-editor\" data-id=\"4c42b8d\" data-element_type=\"widget\" data-e-type=\"widget\" data-widget_type=\"text-editor.default\">\n\t\t\t\t<div class=\"elementor-widget-container\">\n\t\t\t\t\t\t\t\t\t<p>El centre d\u2019Ulex es troba al salvatge oest de Catalunya. Est\u00e0 allotjat en una regi\u00f3 muntanyosa; el tipus de terreny que cerca evadir-se de l\u2019hegemonia del capitalisme tard\u00e0. De diverses maneres, \u00e9s una regi\u00f3 en qu\u00e8 hi ha espai per a experiments de relocalitzaci\u00f3 econ\u00f2mica, producci\u00f3 local i org\u00e0nica d\u2019aliments i noves formes de vida en comunitat. Quin lloc millor per a donar espai a la novetat? Per formular les preguntes profundes que ens cal preguntar? Per explorar els canvis que necessitem fer?<\/p>\n\t\t\t\t\t\t\t\t<\/div>\n\t\t\t\t<\/div>\n\t\t\t\t<div class=\"elementor-element elementor-element-b788899 elementor-widget elementor-widget-text-editor\" data-id=\"b788899\" data-element_type=\"widget\" data-e-type=\"widget\" data-widget_type=\"text-editor.default\">\n\t\t\t\t<div class=\"elementor-widget-container\">\n\t\t\t\t\t\t\t\t\t<p>L\u2019edifici \u00e9s una antiga casa de camp al cor d\u2019un petit poble acinglat. Actualment est\u00e0 en fase de renovaci\u00f3. Un membre del nostre col\u00b7lectiu la va comprar l\u2019any 2001 i la va donar al projecte. Repartits en tres plantes, hi ha diversos dormitoris compartits (generalment, per a dues o tres persones), una espaiosa sala-menjador, un espai per a tallers, algunes terrasses i un pati. Passant per uns finestrals es pot sortir al balc\u00f3 i gaudir de la vasta vista de la vall cap a l\u2019est. Al costat de la casa, l\u2019antic graner segueix esperant fons per a ser restaurat.<\/p>\n\t\t\t\t\t\t\t\t<\/div>\n\t\t\t\t<\/div>\n\t\t\t\t<div class=\"elementor-element elementor-element-19b412a elementor-widget elementor-widget-text-editor\" data-id=\"19b412a\" data-element_type=\"widget\" data-e-type=\"widget\" data-widget_type=\"text-editor.default\">\n\t\t\t\t<div class=\"elementor-widget-container\">\n\t\t\t\t\t\t\t\t\t<p>Hi ha humilitat en el paisatge. El poble mateix va estar abandonat durant alguns anys fins que l\u2019\u00e8xode va comen\u00e7ar a revertir en les darreres dues d\u00e8cades. Petits rierols s\u2019escorren entre argila grisosa i velles oliveres es cargolen damunt de les roques. El cel nocturn \u00e9s un dels m\u00e9s clars d\u2019Europa. Els camps dels voltants estan farcits d\u2019herbes arom\u00e0tiques. Hi ha quelcom en l\u2019entorn descurat que ens recorda que aqu\u00ed estem fora dels marges.<\/p>\n\t\t\t\t\t\t\t\t<\/div>\n\t\t\t\t<\/div>\n\t\t\t\t<div class=\"elementor-element elementor-element-63a7912 elementor-widget elementor-widget-text-editor\" data-id=\"63a7912\" data-element_type=\"widget\" data-e-type=\"widget\" data-widget_type=\"text-editor.default\">\n\t\t\t\t<div class=\"elementor-widget-container\">\n\t\t\t\t\t\t\t\t\t<p>Tot i que tenim una comesa internacional, actuar globalment no ens impedeix d\u2019actuar localment. Tal com la planta de la qual prov\u00e9 el nostre nom, el Projecte Ulex ajuda a crear les condicions per a rejovenir la comunitat local i l\u2019economia sostenible. Durant anys, hem participat en tasques per a enfortir la comunitat local. El menjar que oferim \u00e9s gaireb\u00e9 tot de producci\u00f3 local o org\u00e0nica. Hem passat anys donant suport a la relocalitzaci\u00f3 a trav\u00e9s d\u2019una petita iniciativa de cooperativa local i hem sembrat projectes d\u2019agricultura sostinguda per la comunitat amb pagesos locals. El nostre equip resident est\u00e0 implicat en moviments socials locals i regionals, tan des de la vessant d\u2019activistes com de formadors. El nostre programa de formaci\u00f3 global tamb\u00e9 nodreix la localitat d\u2019on ens trobem.<\/p>\n\t\t\t\t\t\t\t\t<\/div>\n\t\t\t\t<\/div>\n\t\t\t\t\t<\/div>\n\t\t\t\t<\/div>\n\t\t\t\t\t<\/div>\n\t\t\t\t<\/div>\n\t\t\t\t<\/div>\n\t\t\t\t<\/div>\n\t\t\t\t\t\t<\/div>\n\t\t\t\t<\/div>\n\t\t\t\t<\/div>\n\t\t\t\t<\/div>\n\t\t","protected":false},"excerpt":{"rendered":"<p>Catalunya t\u00e9 una llarga hist\u00f2ria de lluita pol\u00edtica progressista. Avui dia, \u00e9s la llar d\u2019autogesti\u00f3 i organitzaci\u00f3 inspiradores. El centre d\u2019Ulex es troba al salvatge oest de Catalunya. Est\u00e0 allotjat en una regi\u00f3 muntanyosa; el tipus de terreny que cerca evadir-se de l\u2019hegemonia del capitalisme tard\u00e0. De diverses maneres, \u00e9s una regi\u00f3 en qu\u00e8 hi [&hellip;]<\/p>\n","protected":false},"author":3,"featured_media":1245,"parent":11529,"menu_order":0,"comment_status":"closed","ping_status":"closed","template":"","meta":{"_acf_changed":false,"_mo_disable_npp":"","cybocfi_hide_featured_image":"","footnotes":""},"class_list":["post-2797","page","type-page","status-publish","has-post-thumbnail","hentry"],"acf":[],"yoast_head":"<!-- This site is optimized with the Yoast SEO plugin v27.3 - https:\/\/yoast.com\/product\/yoast-seo-wordpress\/ -->\n<title>El lloc - Ulex<\/title>\n<meta name=\"robots\" content=\"index, follow, max-snippet:-1, max-image-preview:large, max-video-preview:-1\" \/>\n<link rel=\"canonical\" href=\"https:\/\/ulexproject.org\/ca\/el-centre\/the-place\/\" \/>\n<meta property=\"og:locale\" content=\"ca_ES\" \/>\n<meta property=\"og:type\" content=\"article\" \/>\n<meta property=\"og:title\" content=\"El lloc - Ulex\" \/>\n<meta property=\"og:description\" content=\"Catalunya t\u00e9 una llarga hist\u00f2ria de lluita pol\u00edtica progressista. Avui dia, \u00e9s la llar d\u2019autogesti\u00f3 i organitzaci\u00f3 inspiradores. El centre d\u2019Ulex es troba al salvatge oest de Catalunya. Est\u00e0 allotjat en una regi\u00f3 muntanyosa; el tipus de terreny que cerca evadir-se de l\u2019hegemonia del capitalisme tard\u00e0. De diverses maneres, \u00e9s una regi\u00f3 en qu\u00e8 hi [&hellip;]\" \/>\n<meta property=\"og:url\" content=\"https:\/\/ulexproject.org\/ca\/el-centre\/the-place\/\" \/>\n<meta property=\"og:site_name\" content=\"Ulex\" \/>\n<meta property=\"article:modified_time\" content=\"2024-07-18T10:22:13+00:00\" \/>\n<meta property=\"og:image\" content=\"https:\/\/ulexproject.org\/wp-content\/uploads\/2017\/01\/h-place-6-blank-1-e1483717280274.jpg\" \/>\n\t<meta property=\"og:image:width\" content=\"1500\" \/>\n\t<meta property=\"og:image:height\" content=\"1001\" \/>\n\t<meta property=\"og:image:type\" content=\"image\/jpeg\" \/>\n<meta name=\"twitter:card\" content=\"summary_large_image\" \/>\n<meta name=\"twitter:label1\" content=\"Temps estimat de lectura\" \/>\n\t<meta name=\"twitter:data1\" content=\"4 minuts\" \/>\n<script type=\"application\/ld+json\" class=\"yoast-schema-graph\">{\"@context\":\"https:\\\/\\\/schema.org\",\"@graph\":[{\"@type\":\"WebPage\",\"@id\":\"https:\\\/\\\/ulexproject.org\\\/ca\\\/el-centre\\\/the-place\\\/\",\"url\":\"https:\\\/\\\/ulexproject.org\\\/ca\\\/el-centre\\\/the-place\\\/\",\"name\":\"El lloc - Ulex\",\"isPartOf\":{\"@id\":\"https:\\\/\\\/ulexproject.org\\\/ca\\\/#website\"},\"primaryImageOfPage\":{\"@id\":\"https:\\\/\\\/ulexproject.org\\\/ca\\\/el-centre\\\/the-place\\\/#primaryimage\"},\"image\":{\"@id\":\"https:\\\/\\\/ulexproject.org\\\/ca\\\/el-centre\\\/the-place\\\/#primaryimage\"},\"thumbnailUrl\":\"https:\\\/\\\/ulexproject.org\\\/wp-content\\\/uploads\\\/2017\\\/01\\\/h-place-6-blank-1-e1483717280274.jpg\",\"datePublished\":\"2016-10-14T10:26:42+00:00\",\"dateModified\":\"2024-07-18T10:22:13+00:00\",\"breadcrumb\":{\"@id\":\"https:\\\/\\\/ulexproject.org\\\/ca\\\/el-centre\\\/the-place\\\/#breadcrumb\"},\"inLanguage\":\"ca\",\"potentialAction\":[{\"@type\":\"ReadAction\",\"target\":[\"https:\\\/\\\/ulexproject.org\\\/ca\\\/el-centre\\\/the-place\\\/\"]}]},{\"@type\":\"ImageObject\",\"inLanguage\":\"ca\",\"@id\":\"https:\\\/\\\/ulexproject.org\\\/ca\\\/el-centre\\\/the-place\\\/#primaryimage\",\"url\":\"https:\\\/\\\/ulexproject.org\\\/wp-content\\\/uploads\\\/2017\\\/01\\\/h-place-6-blank-1-e1483717280274.jpg\",\"contentUrl\":\"https:\\\/\\\/ulexproject.org\\\/wp-content\\\/uploads\\\/2017\\\/01\\\/h-place-6-blank-1-e1483717280274.jpg\",\"width\":1500,\"height\":1001},{\"@type\":\"BreadcrumbList\",\"@id\":\"https:\\\/\\\/ulexproject.org\\\/ca\\\/el-centre\\\/the-place\\\/#breadcrumb\",\"itemListElement\":[{\"@type\":\"ListItem\",\"position\":1,\"name\":\"Home\",\"item\":\"https:\\\/\\\/ulexproject.org\\\/ca\\\/\"},{\"@type\":\"ListItem\",\"position\":2,\"name\":\"El Centre\",\"item\":\"https:\\\/\\\/ulexproject.org\\\/ca\\\/el-centre\\\/\"},{\"@type\":\"ListItem\",\"position\":3,\"name\":\"El lloc\"}]},{\"@type\":\"WebSite\",\"@id\":\"https:\\\/\\\/ulexproject.org\\\/ca\\\/#website\",\"url\":\"https:\\\/\\\/ulexproject.org\\\/ca\\\/\",\"name\":\"Ulex\",\"description\":\"TRAININGS FOR SOCIAL MOVEMENT IMPACT &amp; RESILIENCE\",\"publisher\":{\"@id\":\"https:\\\/\\\/ulexproject.org\\\/ca\\\/#organization\"},\"potentialAction\":[{\"@type\":\"SearchAction\",\"target\":{\"@type\":\"EntryPoint\",\"urlTemplate\":\"https:\\\/\\\/ulexproject.org\\\/ca\\\/?s={search_term_string}\"},\"query-input\":{\"@type\":\"PropertyValueSpecification\",\"valueRequired\":true,\"valueName\":\"search_term_string\"}}],\"inLanguage\":\"ca\"},{\"@type\":\"Organization\",\"@id\":\"https:\\\/\\\/ulexproject.org\\\/ca\\\/#organization\",\"name\":\"Ulex\",\"url\":\"https:\\\/\\\/ulexproject.org\\\/ca\\\/\",\"logo\":{\"@type\":\"ImageObject\",\"inLanguage\":\"ca\",\"@id\":\"https:\\\/\\\/ulexproject.org\\\/ca\\\/#\\\/schema\\\/logo\\\/image\\\/\",\"url\":\"https:\\\/\\\/ulexproject.org\\\/wp-content\\\/uploads\\\/2016\\\/10\\\/ulex-new-logo.png\",\"contentUrl\":\"https:\\\/\\\/ulexproject.org\\\/wp-content\\\/uploads\\\/2016\\\/10\\\/ulex-new-logo.png\",\"width\":250,\"height\":133,\"caption\":\"Ulex\"},\"image\":{\"@id\":\"https:\\\/\\\/ulexproject.org\\\/ca\\\/#\\\/schema\\\/logo\\\/image\\\/\"}}]}<\/script>\n<!-- \/ Yoast SEO plugin. -->","yoast_head_json":{"title":"El lloc - Ulex","robots":{"index":"index","follow":"follow","max-snippet":"max-snippet:-1","max-image-preview":"max-image-preview:large","max-video-preview":"max-video-preview:-1"},"canonical":"https:\/\/ulexproject.org\/ca\/el-centre\/the-place\/","og_locale":"ca_ES","og_type":"article","og_title":"El lloc - Ulex","og_description":"Catalunya t\u00e9 una llarga hist\u00f2ria de lluita pol\u00edtica progressista. Avui dia, \u00e9s la llar d\u2019autogesti\u00f3 i organitzaci\u00f3 inspiradores. El centre d\u2019Ulex es troba al salvatge oest de Catalunya. Est\u00e0 allotjat en una regi\u00f3 muntanyosa; el tipus de terreny que cerca evadir-se de l\u2019hegemonia del capitalisme tard\u00e0. De diverses maneres, \u00e9s una regi\u00f3 en qu\u00e8 hi [&hellip;]","og_url":"https:\/\/ulexproject.org\/ca\/el-centre\/the-place\/","og_site_name":"Ulex","article_modified_time":"2024-07-18T10:22:13+00:00","og_image":[{"width":1500,"height":1001,"url":"https:\/\/ulexproject.org\/wp-content\/uploads\/2017\/01\/h-place-6-blank-1-e1483717280274.jpg","type":"image\/jpeg"}],"twitter_card":"summary_large_image","twitter_misc":{"Temps estimat de lectura":"4 minuts"},"schema":{"@context":"https:\/\/schema.org","@graph":[{"@type":"WebPage","@id":"https:\/\/ulexproject.org\/ca\/el-centre\/the-place\/","url":"https:\/\/ulexproject.org\/ca\/el-centre\/the-place\/","name":"El lloc - Ulex","isPartOf":{"@id":"https:\/\/ulexproject.org\/ca\/#website"},"primaryImageOfPage":{"@id":"https:\/\/ulexproject.org\/ca\/el-centre\/the-place\/#primaryimage"},"image":{"@id":"https:\/\/ulexproject.org\/ca\/el-centre\/the-place\/#primaryimage"},"thumbnailUrl":"https:\/\/ulexproject.org\/wp-content\/uploads\/2017\/01\/h-place-6-blank-1-e1483717280274.jpg","datePublished":"2016-10-14T10:26:42+00:00","dateModified":"2024-07-18T10:22:13+00:00","breadcrumb":{"@id":"https:\/\/ulexproject.org\/ca\/el-centre\/the-place\/#breadcrumb"},"inLanguage":"ca","potentialAction":[{"@type":"ReadAction","target":["https:\/\/ulexproject.org\/ca\/el-centre\/the-place\/"]}]},{"@type":"ImageObject","inLanguage":"ca","@id":"https:\/\/ulexproject.org\/ca\/el-centre\/the-place\/#primaryimage","url":"https:\/\/ulexproject.org\/wp-content\/uploads\/2017\/01\/h-place-6-blank-1-e1483717280274.jpg","contentUrl":"https:\/\/ulexproject.org\/wp-content\/uploads\/2017\/01\/h-place-6-blank-1-e1483717280274.jpg","width":1500,"height":1001},{"@type":"BreadcrumbList","@id":"https:\/\/ulexproject.org\/ca\/el-centre\/the-place\/#breadcrumb","itemListElement":[{"@type":"ListItem","position":1,"name":"Home","item":"https:\/\/ulexproject.org\/ca\/"},{"@type":"ListItem","position":2,"name":"El Centre","item":"https:\/\/ulexproject.org\/ca\/el-centre\/"},{"@type":"ListItem","position":3,"name":"El lloc"}]},{"@type":"WebSite","@id":"https:\/\/ulexproject.org\/ca\/#website","url":"https:\/\/ulexproject.org\/ca\/","name":"Ulex","description":"TRAININGS FOR SOCIAL MOVEMENT IMPACT &amp; RESILIENCE","publisher":{"@id":"https:\/\/ulexproject.org\/ca\/#organization"},"potentialAction":[{"@type":"SearchAction","target":{"@type":"EntryPoint","urlTemplate":"https:\/\/ulexproject.org\/ca\/?s={search_term_string}"},"query-input":{"@type":"PropertyValueSpecification","valueRequired":true,"valueName":"search_term_string"}}],"inLanguage":"ca"},{"@type":"Organization","@id":"https:\/\/ulexproject.org\/ca\/#organization","name":"Ulex","url":"https:\/\/ulexproject.org\/ca\/","logo":{"@type":"ImageObject","inLanguage":"ca","@id":"https:\/\/ulexproject.org\/ca\/#\/schema\/logo\/image\/","url":"https:\/\/ulexproject.org\/wp-content\/uploads\/2016\/10\/ulex-new-logo.png","contentUrl":"https:\/\/ulexproject.org\/wp-content\/uploads\/2016\/10\/ulex-new-logo.png","width":250,"height":133,"caption":"Ulex"},"image":{"@id":"https:\/\/ulexproject.org\/ca\/#\/schema\/logo\/image\/"}}]}},"_links":{"self":[{"href":"https:\/\/ulexproject.org\/ca\/wp-json\/wp\/v2\/pages\/2797","targetHints":{"allow":["GET"]}}],"collection":[{"href":"https:\/\/ulexproject.org\/ca\/wp-json\/wp\/v2\/pages"}],"about":[{"href":"https:\/\/ulexproject.org\/ca\/wp-json\/wp\/v2\/types\/page"}],"author":[{"embeddable":true,"href":"https:\/\/ulexproject.org\/ca\/wp-json\/wp\/v2\/users\/3"}],"replies":[{"embeddable":true,"href":"https:\/\/ulexproject.org\/ca\/wp-json\/wp\/v2\/comments?post=2797"}],"version-history":[{"count":18,"href":"https:\/\/ulexproject.org\/ca\/wp-json\/wp\/v2\/pages\/2797\/revisions"}],"predecessor-version":[{"id":12721,"href":"https:\/\/ulexproject.org\/ca\/wp-json\/wp\/v2\/pages\/2797\/revisions\/12721"}],"up":[{"embeddable":true,"href":"https:\/\/ulexproject.org\/ca\/wp-json\/wp\/v2\/pages\/11529"}],"wp:featuredmedia":[{"embeddable":true,"href":"https:\/\/ulexproject.org\/ca\/wp-json\/wp\/v2\/media\/1245"}],"wp:attachment":[{"href":"https:\/\/ulexproject.org\/ca\/wp-json\/wp\/v2\/media?parent=2797"}],"curies":[{"name":"wp","href":"https:\/\/api.w.org\/{rel}","templated":true}]}}