{"id":2802,"date":"2016-10-14T10:26:58","date_gmt":"2016-10-14T10:26:58","guid":{"rendered":"https:\/\/ulexproject.org\/immersive-learning\/"},"modified":"2024-07-15T13:11:40","modified_gmt":"2024-07-15T13:11:40","slug":"aprenentatge-immersiu","status":"publish","type":"page","link":"https:\/\/ulexproject.org\/ca\/el-centre\/aprenentatge-immersiu\/","title":{"rendered":"Aprenentatge immersiu"},"content":{"rendered":"\t\t<div data-elementor-type=\"wp-page\" data-elementor-id=\"2802\" class=\"elementor elementor-2802 elementor-268\" data-elementor-settings=\"{&quot;element_pack_global_tooltip_width&quot;:{&quot;unit&quot;:&quot;px&quot;,&quot;size&quot;:&quot;&quot;,&quot;sizes&quot;:[]},&quot;element_pack_global_tooltip_width_tablet&quot;:{&quot;unit&quot;:&quot;px&quot;,&quot;size&quot;:&quot;&quot;,&quot;sizes&quot;:[]},&quot;element_pack_global_tooltip_width_mobile&quot;:{&quot;unit&quot;:&quot;px&quot;,&quot;size&quot;:&quot;&quot;,&quot;sizes&quot;:[]},&quot;element_pack_global_tooltip_padding&quot;:{&quot;unit&quot;:&quot;px&quot;,&quot;top&quot;:&quot;&quot;,&quot;right&quot;:&quot;&quot;,&quot;bottom&quot;:&quot;&quot;,&quot;left&quot;:&quot;&quot;,&quot;isLinked&quot;:true},&quot;element_pack_global_tooltip_padding_tablet&quot;:{&quot;unit&quot;:&quot;px&quot;,&quot;top&quot;:&quot;&quot;,&quot;right&quot;:&quot;&quot;,&quot;bottom&quot;:&quot;&quot;,&quot;left&quot;:&quot;&quot;,&quot;isLinked&quot;:true},&quot;element_pack_global_tooltip_padding_mobile&quot;:{&quot;unit&quot;:&quot;px&quot;,&quot;top&quot;:&quot;&quot;,&quot;right&quot;:&quot;&quot;,&quot;bottom&quot;:&quot;&quot;,&quot;left&quot;:&quot;&quot;,&quot;isLinked&quot;:true},&quot;element_pack_global_tooltip_border_radius&quot;:{&quot;unit&quot;:&quot;px&quot;,&quot;top&quot;:&quot;&quot;,&quot;right&quot;:&quot;&quot;,&quot;bottom&quot;:&quot;&quot;,&quot;left&quot;:&quot;&quot;,&quot;isLinked&quot;:true},&quot;element_pack_global_tooltip_border_radius_tablet&quot;:{&quot;unit&quot;:&quot;px&quot;,&quot;top&quot;:&quot;&quot;,&quot;right&quot;:&quot;&quot;,&quot;bottom&quot;:&quot;&quot;,&quot;left&quot;:&quot;&quot;,&quot;isLinked&quot;:true},&quot;element_pack_global_tooltip_border_radius_mobile&quot;:{&quot;unit&quot;:&quot;px&quot;,&quot;top&quot;:&quot;&quot;,&quot;right&quot;:&quot;&quot;,&quot;bottom&quot;:&quot;&quot;,&quot;left&quot;:&quot;&quot;,&quot;isLinked&quot;:true}}\" data-elementor-post-type=\"page\">\n\t\t\t\t<div class=\"elementor-element elementor-element-49d8e9ae e-flex e-con-boxed e-con e-parent\" data-id=\"49d8e9ae\" data-element_type=\"container\" data-e-type=\"container\">\n\t\t\t\t\t<div class=\"e-con-inner\">\n\t\t\t\t<div class=\"elementor-element elementor-element-7cb6ae9b elementor-widget elementor-widget-text-editor\" data-id=\"7cb6ae9b\" data-element_type=\"widget\" data-e-type=\"widget\" data-widget_type=\"text-editor.default\">\n\t\t\t\t<div class=\"elementor-widget-container\">\n\t\t\t\t\t\t\t\t\t<h3><span style=\"color: #000000;\">El centre d\u2019Ulex \u00e9s un lloc per a:<\/span><\/h3>\r\n<span style=\"color: #000000;\"><strong>\u00b7<\/strong>\u00a0l&#8217;aprenentatge transformador<\/span>\r\n\r\n<span style=\"color: #000000;\"><strong>\u00b7<\/strong>\u00a0les connexions enriquidores<\/span>\r\n\r\n<span style=\"color: #000000;\"><strong>\u00b7<\/strong>\u00a0l&#8217;encarnaci\u00f3 de valors<\/span>\r\n\r\nTot reunint activistes i coordinadors d\u2019arreu d\u2019Europa, Ulex \u00e9s un lloc on es duen a terme connexions transversals; on es comparteix l\u2019experi\u00e8ncia, i l\u2019aprenentatge es torna viu. \u00c9s un lloc per a la reflexi\u00f3 i la indagaci\u00f3 profundes; un lloc on trobar solidaritat i honrar la diversitat, un lloc per fer \u00fas dels recursos personals m\u00e9s profunds alhora que s\u2019estableixen noves connexions per a apoderar l\u2019ag\u00e8ncia col\u00b7lectiva.\r\n<h4><span style=\"color: #c41414;\">APRENENTATGE TRANSFORMADOR<\/span><\/h4>\r\n<img fetchpriority=\"high\" decoding=\"async\" class=\"size-full wp-image-1197 alignright\" src=\"https:\/\/ulexproject.org\/wp-content\/uploads\/2017\/01\/body-NJ0B7502-e1483713215779.jpg\" alt=\"body-nj0b7502-e1483713215779\" width=\"250\" height=\"250\" srcset=\"https:\/\/ulexproject.org\/wp-content\/uploads\/2017\/01\/body-NJ0B7502-e1483713215779.jpg 250w, https:\/\/ulexproject.org\/wp-content\/uploads\/2017\/01\/body-NJ0B7502-e1483713215779-150x150.jpg 150w\" sizes=\"(max-width: 250px) 100vw, 250px\" \/>Les formacions residencials recolzen un aprenentatge realment transformador. L\u2019oportunitat d\u2019allunyar-nos de les demandes cont\u00ednues de les feines i les organitzacions, en aquest tipus de marc remot i rural, ens facilita guanyar perspectiva de les nostres tend\u00e8ncies i maneres de pensar. Ens permet fer una reflexi\u00f3 m\u00e9s profunda que, al seu torn, esdev\u00e9 un aprenentatge m\u00e9s profund. Aix\u00f2 comporta una transformaci\u00f3 m\u00e9s profunda, tamb\u00e9, tant per a nosaltres mateixos com per a les nostres organitzacions, que pot tenir un impacte encara m\u00e9s notori si pots programar la resposta autom\u00e0tica i desconnectar de la feina pendent mentre siguis aqu\u00ed. En les nostres vides di\u00e0ries, sempre sembla que tenim massa coses per fer com per a prendre\u2019ns un temps per a una reflexi\u00f3 i un aprenentatge m\u00e9s profunds i, malgrat tot, aquesta \u00e9s una de les maneres m\u00e9s significatives mitjan\u00e7ant les quals podem realment obtenir temps i augmentar la nostra efectivitat. Demanem a tots els participants de les nostres formacions que apaguin els tel\u00e8fons m\u00f2bils i els ordinadors port\u00e0tils, sempre que sigui possible, per tal d\u2019aconseguir unes perspectives vitals i renovades arran d\u2019un experi\u00e8ncia d\u2019aprenentatge immersiu.\r\n<h4><span style=\"color: #c41414;\">CONNEXIONS ENRIQUIDORES<\/span><\/h4>\r\n<img decoding=\"async\" class=\"size-full wp-image-1291 alignright\" src=\"https:\/\/ulexproject.org\/wp-content\/uploads\/2017\/01\/body_IMG_1304.jpg\" alt=\"body_img_1304\" width=\"350\" height=\"233\" \/>A m\u00e9s de connectar-nos m\u00e9s profundament amb nosaltres mateixos, les formacions residencials ens permeten establir unes connexions m\u00e9s fortes amb les altres. Els problemes a qu\u00e8 ens enfrontem estan interconnectats. Un dels grans reptes \u00e9s trobar solucions sist\u00e8miques als problemes sist\u00e8mics. En el nostre m\u00f3n globalitzat, els moviments socials i els agents de canvi necessiten unes connexions m\u00e9s \u00e0mplies: que traspassin fronteres; que traspassin problemes; que traspassin circumscripcions i inquietuds.\r\n\r\nCrear i enfortir connexions millora l\u2019impacte i la resili\u00e8ncia. Compartir l\u2019experi\u00e8ncia i l\u2019aprenentatge augmenta la capacitat de resposta del moviment i la vitalitat. Viure temporalment amb altres professionals de diversos moviments socials enriqueix l\u2019oportunitat per la tasca de compartir i aprendre. Per aix\u00f2, Ulex aplega persones d\u2019arreu Europa, de diversos grups i moviments, per aprendre i construir solidaritat juntes.\r\n\r\n<img decoding=\"async\" class=\"size-full wp-image-1399 alignright\" src=\"https:\/\/ulexproject.org\/wp-content\/uploads\/2016\/10\/body-toop2.jpg\" alt=\"body-toop2\" width=\"350\" height=\"350\" srcset=\"https:\/\/ulexproject.org\/wp-content\/uploads\/2016\/10\/body-toop2.jpg 350w, https:\/\/ulexproject.org\/wp-content\/uploads\/2016\/10\/body-toop2-150x150.jpg 150w\" sizes=\"(max-width: 350px) 100vw, 350px\" \/>El moment actual, a Europa, sembla cridar especialment a una connectivitat paneuropea m\u00e9s forta entre els moviments socials. Ho necessitem per desafiar significativament l\u2019equilibri de poder i la injust\u00edcia distributiva; per resistir el deteriorament d\u2019una pol\u00edtica tancada, intolerant i xen\u00f2foba; per canalitzar el descontentament i el desapoderament de la just\u00edcia social i la integritat ecol\u00f2gica. L\u2019aprenentatge, la indagaci\u00f3 i la reflexi\u00f3 conjunta recolzen la profunditat de connexi\u00f3 necess\u00e0ria per refor\u00e7ar la col\u00b7laboraci\u00f3 posterior, afrontar els reptes inevitables d\u2019organitzar junts i construir una ag\u00e8ncia col\u00b7lectiva efica\u00e7 a llarg termini.\r\n<h4><span style=\"color: #c41414;\">ENCARNACI\u00d3 DE VALORS<\/span><\/h4>\r\n<img loading=\"lazy\" decoding=\"async\" class=\"size-full wp-image-1232 alignright\" src=\"https:\/\/ulexproject.org\/wp-content\/uploads\/2017\/01\/body-IMG_4353-e1483705782920.jpg\" alt=\"body-img_4353-e1483705782920\" width=\"250\" height=\"250\" srcset=\"https:\/\/ulexproject.org\/wp-content\/uploads\/2017\/01\/body-IMG_4353-e1483705782920.jpg 250w, https:\/\/ulexproject.org\/wp-content\/uploads\/2017\/01\/body-IMG_4353-e1483705782920-150x150.jpg 150w\" sizes=\"(max-width: 250px) 100vw, 250px\" \/>Una de les dimensions m\u00e9s poderoses i transformadores de les formacions residencials prov\u00e9 de l\u2019experi\u00e8ncia de viure com una comunitat temporal d\u2019aprenentatge. Aix\u00f2 ens ofereix la possibilitat d\u2019explorar l\u2019encarnaci\u00f3 col\u00b7lectiva dels valors en qu\u00e8 treballem. L\u2019apoderament, la inspiraci\u00f3 i l\u2019aprenentatge sorgeixen del fet de donar vida als valors que compartim. Es pot trobar un aprenentatge inoblidable en l\u2019acte d\u2019afrontar amb recolzament els reptes que impliquen incorporar-los a les nostres pr\u00f2pies vides.\r\n<h4><span style=\"color: #c41414;\">UN RECURS PER AL FUTUR<\/span><\/h4>\r\nEl canvi social i sist\u00e8mic \u00e9s una marat\u00f3, no un esprint. Els moviments socials creixen progressivament, durant generacions. Com a instituci\u00f3 que pot ajudar a recollir l\u2019aprenentatge des dels nostres moviments i que est\u00e0 construint els recursos per compartir experi\u00e8ncies de manera \u00e0mplia i intergeneracional, busquem aportar una capacitat significativa a llarg termini als moviments socials europeus. Un centre per a la formaci\u00f3 de moviments socials permet mostrar les millors pr\u00e0ctiques, donar suport a la innovaci\u00f3 i promoure la pol\u00b7linitzaci\u00f3 creuada dels enfocaments; aspectes, tots ells, que nodreixen l\u2019evoluci\u00f3 d\u2019una formaci\u00f3 efica\u00e7 i d\u2019alta qualitat. Gestionat sense \u00e0nim de lucre, el centre residencial significa que podem facilitar l\u2019acc\u00e9s a una formaci\u00f3 d\u2019alta qualitat a moltes persones i organitzacions del sector que, d\u2019altra manera, en quedarien econ\u00f2micament excloses. Els ingressos es reinverteixen en les millores del centre i el desenvolupament del programa, creant un recurs creixent per als moviments socials de cara al futur.\t\t\t\t\t\t\t\t<\/div>\n\t\t\t\t<\/div>\n\t\t\t\t\t<\/div>\n\t\t\t\t<\/div>\n\t\t<div class=\"elementor-element elementor-element-9de147b e-flex e-con-boxed e-con e-parent\" data-id=\"9de147b\" data-element_type=\"container\" data-e-type=\"container\">\n\t\t\t\t\t<div class=\"e-con-inner\">\n\t\t\t\t\t<\/div>\n\t\t\t\t<\/div>\n\t\t\t\t<\/div>\n\t\t","protected":false},"excerpt":{"rendered":"<p>El centre d\u2019Ulex \u00e9s un lloc per a: \u00b7\u00a0l&#8217;aprenentatge transformador \u00b7\u00a0les connexions enriquidores \u00b7\u00a0l&#8217;encarnaci\u00f3 de valors Tot reunint activistes i coordinadors d\u2019arreu d\u2019Europa, Ulex \u00e9s un lloc on es duen a terme connexions transversals; on es comparteix l\u2019experi\u00e8ncia, i l\u2019aprenentatge es torna viu. \u00c9s un lloc per a la reflexi\u00f3 i la indagaci\u00f3 profundes; un [&hellip;]<\/p>\n","protected":false},"author":3,"featured_media":1243,"parent":11529,"menu_order":1,"comment_status":"closed","ping_status":"closed","template":"","meta":{"_acf_changed":false,"_mo_disable_npp":"","cybocfi_hide_featured_image":"","footnotes":""},"class_list":["post-2802","page","type-page","status-publish","has-post-thumbnail","hentry"],"acf":[],"yoast_head":"<!-- This site is optimized with the Yoast SEO plugin v27.3 - https:\/\/yoast.com\/product\/yoast-seo-wordpress\/ -->\n<title>Aprenentatge immersiu - Ulex<\/title>\n<meta name=\"robots\" content=\"index, follow, max-snippet:-1, max-image-preview:large, max-video-preview:-1\" \/>\n<link rel=\"canonical\" href=\"https:\/\/ulexproject.org\/ca\/el-centre\/aprenentatge-immersiu\/\" \/>\n<meta property=\"og:locale\" content=\"ca_ES\" \/>\n<meta property=\"og:type\" content=\"article\" \/>\n<meta property=\"og:title\" content=\"Aprenentatge immersiu - Ulex\" \/>\n<meta property=\"og:description\" content=\"El centre d\u2019Ulex \u00e9s un lloc per a: \u00b7\u00a0l&#8217;aprenentatge transformador \u00b7\u00a0les connexions enriquidores \u00b7\u00a0l&#8217;encarnaci\u00f3 de valors Tot reunint activistes i coordinadors d\u2019arreu d\u2019Europa, Ulex \u00e9s un lloc on es duen a terme connexions transversals; on es comparteix l\u2019experi\u00e8ncia, i l\u2019aprenentatge es torna viu. \u00c9s un lloc per a la reflexi\u00f3 i la indagaci\u00f3 profundes; un [&hellip;]\" \/>\n<meta property=\"og:url\" content=\"https:\/\/ulexproject.org\/ca\/el-centre\/aprenentatge-immersiu\/\" \/>\n<meta property=\"og:site_name\" content=\"Ulex\" \/>\n<meta property=\"article:modified_time\" content=\"2024-07-15T13:11:40+00:00\" \/>\n<meta property=\"og:image\" content=\"https:\/\/ulexproject.org\/wp-content\/uploads\/2017\/01\/h-NJ0B7511-3-e1483698804957.jpg\" \/>\n\t<meta property=\"og:image:width\" content=\"2000\" \/>\n\t<meta property=\"og:image:height\" content=\"1333\" \/>\n\t<meta property=\"og:image:type\" content=\"image\/jpeg\" \/>\n<meta name=\"twitter:card\" content=\"summary_large_image\" \/>\n<meta name=\"twitter:label1\" content=\"Temps estimat de lectura\" \/>\n\t<meta name=\"twitter:data1\" content=\"5 minuts\" \/>\n<script type=\"application\/ld+json\" class=\"yoast-schema-graph\">{\"@context\":\"https:\\\/\\\/schema.org\",\"@graph\":[{\"@type\":\"WebPage\",\"@id\":\"https:\\\/\\\/ulexproject.org\\\/ca\\\/el-centre\\\/aprenentatge-immersiu\\\/\",\"url\":\"https:\\\/\\\/ulexproject.org\\\/ca\\\/el-centre\\\/aprenentatge-immersiu\\\/\",\"name\":\"Aprenentatge immersiu - Ulex\",\"isPartOf\":{\"@id\":\"https:\\\/\\\/ulexproject.org\\\/ca\\\/#website\"},\"primaryImageOfPage\":{\"@id\":\"https:\\\/\\\/ulexproject.org\\\/ca\\\/el-centre\\\/aprenentatge-immersiu\\\/#primaryimage\"},\"image\":{\"@id\":\"https:\\\/\\\/ulexproject.org\\\/ca\\\/el-centre\\\/aprenentatge-immersiu\\\/#primaryimage\"},\"thumbnailUrl\":\"https:\\\/\\\/ulexproject.org\\\/wp-content\\\/uploads\\\/2017\\\/01\\\/h-NJ0B7511-3-e1483698804957.jpg\",\"datePublished\":\"2016-10-14T10:26:58+00:00\",\"dateModified\":\"2024-07-15T13:11:40+00:00\",\"breadcrumb\":{\"@id\":\"https:\\\/\\\/ulexproject.org\\\/ca\\\/el-centre\\\/aprenentatge-immersiu\\\/#breadcrumb\"},\"inLanguage\":\"ca\",\"potentialAction\":[{\"@type\":\"ReadAction\",\"target\":[\"https:\\\/\\\/ulexproject.org\\\/ca\\\/el-centre\\\/aprenentatge-immersiu\\\/\"]}]},{\"@type\":\"ImageObject\",\"inLanguage\":\"ca\",\"@id\":\"https:\\\/\\\/ulexproject.org\\\/ca\\\/el-centre\\\/aprenentatge-immersiu\\\/#primaryimage\",\"url\":\"https:\\\/\\\/ulexproject.org\\\/wp-content\\\/uploads\\\/2017\\\/01\\\/h-NJ0B7511-3-e1483698804957.jpg\",\"contentUrl\":\"https:\\\/\\\/ulexproject.org\\\/wp-content\\\/uploads\\\/2017\\\/01\\\/h-NJ0B7511-3-e1483698804957.jpg\",\"width\":2000,\"height\":1333},{\"@type\":\"BreadcrumbList\",\"@id\":\"https:\\\/\\\/ulexproject.org\\\/ca\\\/el-centre\\\/aprenentatge-immersiu\\\/#breadcrumb\",\"itemListElement\":[{\"@type\":\"ListItem\",\"position\":1,\"name\":\"Home\",\"item\":\"https:\\\/\\\/ulexproject.org\\\/ca\\\/\"},{\"@type\":\"ListItem\",\"position\":2,\"name\":\"El Centre\",\"item\":\"https:\\\/\\\/ulexproject.org\\\/ca\\\/el-centre\\\/\"},{\"@type\":\"ListItem\",\"position\":3,\"name\":\"Aprenentatge immersiu\"}]},{\"@type\":\"WebSite\",\"@id\":\"https:\\\/\\\/ulexproject.org\\\/ca\\\/#website\",\"url\":\"https:\\\/\\\/ulexproject.org\\\/ca\\\/\",\"name\":\"Ulex\",\"description\":\"TRAININGS FOR SOCIAL MOVEMENT IMPACT &amp; RESILIENCE\",\"publisher\":{\"@id\":\"https:\\\/\\\/ulexproject.org\\\/ca\\\/#organization\"},\"potentialAction\":[{\"@type\":\"SearchAction\",\"target\":{\"@type\":\"EntryPoint\",\"urlTemplate\":\"https:\\\/\\\/ulexproject.org\\\/ca\\\/?s={search_term_string}\"},\"query-input\":{\"@type\":\"PropertyValueSpecification\",\"valueRequired\":true,\"valueName\":\"search_term_string\"}}],\"inLanguage\":\"ca\"},{\"@type\":\"Organization\",\"@id\":\"https:\\\/\\\/ulexproject.org\\\/ca\\\/#organization\",\"name\":\"Ulex\",\"url\":\"https:\\\/\\\/ulexproject.org\\\/ca\\\/\",\"logo\":{\"@type\":\"ImageObject\",\"inLanguage\":\"ca\",\"@id\":\"https:\\\/\\\/ulexproject.org\\\/ca\\\/#\\\/schema\\\/logo\\\/image\\\/\",\"url\":\"https:\\\/\\\/ulexproject.org\\\/wp-content\\\/uploads\\\/2016\\\/10\\\/ulex-new-logo.png\",\"contentUrl\":\"https:\\\/\\\/ulexproject.org\\\/wp-content\\\/uploads\\\/2016\\\/10\\\/ulex-new-logo.png\",\"width\":250,\"height\":133,\"caption\":\"Ulex\"},\"image\":{\"@id\":\"https:\\\/\\\/ulexproject.org\\\/ca\\\/#\\\/schema\\\/logo\\\/image\\\/\"}}]}<\/script>\n<!-- \/ Yoast SEO plugin. -->","yoast_head_json":{"title":"Aprenentatge immersiu - Ulex","robots":{"index":"index","follow":"follow","max-snippet":"max-snippet:-1","max-image-preview":"max-image-preview:large","max-video-preview":"max-video-preview:-1"},"canonical":"https:\/\/ulexproject.org\/ca\/el-centre\/aprenentatge-immersiu\/","og_locale":"ca_ES","og_type":"article","og_title":"Aprenentatge immersiu - Ulex","og_description":"El centre d\u2019Ulex \u00e9s un lloc per a: \u00b7\u00a0l&#8217;aprenentatge transformador \u00b7\u00a0les connexions enriquidores \u00b7\u00a0l&#8217;encarnaci\u00f3 de valors Tot reunint activistes i coordinadors d\u2019arreu d\u2019Europa, Ulex \u00e9s un lloc on es duen a terme connexions transversals; on es comparteix l\u2019experi\u00e8ncia, i l\u2019aprenentatge es torna viu. \u00c9s un lloc per a la reflexi\u00f3 i la indagaci\u00f3 profundes; un [&hellip;]","og_url":"https:\/\/ulexproject.org\/ca\/el-centre\/aprenentatge-immersiu\/","og_site_name":"Ulex","article_modified_time":"2024-07-15T13:11:40+00:00","og_image":[{"width":2000,"height":1333,"url":"https:\/\/ulexproject.org\/wp-content\/uploads\/2017\/01\/h-NJ0B7511-3-e1483698804957.jpg","type":"image\/jpeg"}],"twitter_card":"summary_large_image","twitter_misc":{"Temps estimat de lectura":"5 minuts"},"schema":{"@context":"https:\/\/schema.org","@graph":[{"@type":"WebPage","@id":"https:\/\/ulexproject.org\/ca\/el-centre\/aprenentatge-immersiu\/","url":"https:\/\/ulexproject.org\/ca\/el-centre\/aprenentatge-immersiu\/","name":"Aprenentatge immersiu - Ulex","isPartOf":{"@id":"https:\/\/ulexproject.org\/ca\/#website"},"primaryImageOfPage":{"@id":"https:\/\/ulexproject.org\/ca\/el-centre\/aprenentatge-immersiu\/#primaryimage"},"image":{"@id":"https:\/\/ulexproject.org\/ca\/el-centre\/aprenentatge-immersiu\/#primaryimage"},"thumbnailUrl":"https:\/\/ulexproject.org\/wp-content\/uploads\/2017\/01\/h-NJ0B7511-3-e1483698804957.jpg","datePublished":"2016-10-14T10:26:58+00:00","dateModified":"2024-07-15T13:11:40+00:00","breadcrumb":{"@id":"https:\/\/ulexproject.org\/ca\/el-centre\/aprenentatge-immersiu\/#breadcrumb"},"inLanguage":"ca","potentialAction":[{"@type":"ReadAction","target":["https:\/\/ulexproject.org\/ca\/el-centre\/aprenentatge-immersiu\/"]}]},{"@type":"ImageObject","inLanguage":"ca","@id":"https:\/\/ulexproject.org\/ca\/el-centre\/aprenentatge-immersiu\/#primaryimage","url":"https:\/\/ulexproject.org\/wp-content\/uploads\/2017\/01\/h-NJ0B7511-3-e1483698804957.jpg","contentUrl":"https:\/\/ulexproject.org\/wp-content\/uploads\/2017\/01\/h-NJ0B7511-3-e1483698804957.jpg","width":2000,"height":1333},{"@type":"BreadcrumbList","@id":"https:\/\/ulexproject.org\/ca\/el-centre\/aprenentatge-immersiu\/#breadcrumb","itemListElement":[{"@type":"ListItem","position":1,"name":"Home","item":"https:\/\/ulexproject.org\/ca\/"},{"@type":"ListItem","position":2,"name":"El Centre","item":"https:\/\/ulexproject.org\/ca\/el-centre\/"},{"@type":"ListItem","position":3,"name":"Aprenentatge immersiu"}]},{"@type":"WebSite","@id":"https:\/\/ulexproject.org\/ca\/#website","url":"https:\/\/ulexproject.org\/ca\/","name":"Ulex","description":"TRAININGS FOR SOCIAL MOVEMENT IMPACT &amp; RESILIENCE","publisher":{"@id":"https:\/\/ulexproject.org\/ca\/#organization"},"potentialAction":[{"@type":"SearchAction","target":{"@type":"EntryPoint","urlTemplate":"https:\/\/ulexproject.org\/ca\/?s={search_term_string}"},"query-input":{"@type":"PropertyValueSpecification","valueRequired":true,"valueName":"search_term_string"}}],"inLanguage":"ca"},{"@type":"Organization","@id":"https:\/\/ulexproject.org\/ca\/#organization","name":"Ulex","url":"https:\/\/ulexproject.org\/ca\/","logo":{"@type":"ImageObject","inLanguage":"ca","@id":"https:\/\/ulexproject.org\/ca\/#\/schema\/logo\/image\/","url":"https:\/\/ulexproject.org\/wp-content\/uploads\/2016\/10\/ulex-new-logo.png","contentUrl":"https:\/\/ulexproject.org\/wp-content\/uploads\/2016\/10\/ulex-new-logo.png","width":250,"height":133,"caption":"Ulex"},"image":{"@id":"https:\/\/ulexproject.org\/ca\/#\/schema\/logo\/image\/"}}]}},"_links":{"self":[{"href":"https:\/\/ulexproject.org\/ca\/wp-json\/wp\/v2\/pages\/2802","targetHints":{"allow":["GET"]}}],"collection":[{"href":"https:\/\/ulexproject.org\/ca\/wp-json\/wp\/v2\/pages"}],"about":[{"href":"https:\/\/ulexproject.org\/ca\/wp-json\/wp\/v2\/types\/page"}],"author":[{"embeddable":true,"href":"https:\/\/ulexproject.org\/ca\/wp-json\/wp\/v2\/users\/3"}],"replies":[{"embeddable":true,"href":"https:\/\/ulexproject.org\/ca\/wp-json\/wp\/v2\/comments?post=2802"}],"version-history":[{"count":8,"href":"https:\/\/ulexproject.org\/ca\/wp-json\/wp\/v2\/pages\/2802\/revisions"}],"predecessor-version":[{"id":11651,"href":"https:\/\/ulexproject.org\/ca\/wp-json\/wp\/v2\/pages\/2802\/revisions\/11651"}],"up":[{"embeddable":true,"href":"https:\/\/ulexproject.org\/ca\/wp-json\/wp\/v2\/pages\/11529"}],"wp:featuredmedia":[{"embeddable":true,"href":"https:\/\/ulexproject.org\/ca\/wp-json\/wp\/v2\/media\/1243"}],"wp:attachment":[{"href":"https:\/\/ulexproject.org\/ca\/wp-json\/wp\/v2\/media?parent=2802"}],"curies":[{"name":"wp","href":"https:\/\/api.w.org\/{rel}","templated":true}]}}