{"id":2854,"date":"2020-06-11T11:14:46","date_gmt":"2020-06-11T11:14:46","guid":{"rendered":"https:\/\/ulexproject.org\/lgbtqi-resilience-project\/"},"modified":"2020-07-08T12:37:30","modified_gmt":"2020-07-08T12:37:30","slug":"lgbtqi-resilience-project","status":"publish","type":"page","link":"https:\/\/ulexproject.org\/ca\/lgbtqi-resilience-project\/","title":{"rendered":"Projecte de Resili\u00e8ncia LGBTQI+"},"content":{"rendered":"<style>\n.metaback {\n    background: #fff;\n    color: #000 !important;\n}\n.metaback span,\n.metaback p,\n.metaback b {\n    color: #000;\n}\n<\/style>\n<h3><span style=\"font-weight: 400;\">Enfortint la resili\u00e8ncia psico-social i la seguretat hol\u00edstica amb organitzacions LGBTQI+ d&#8217;Europa central i de l\u2019est, els Balcans, i altres pa\u00efsos post-sovi\u00e8tics <\/span>.<\/h3>\n<figure id=\"attachment_2686\" aria-describedby=\"caption-attachment-2686\" style=\"width: 350px\" class=\"wp-caption alignright\"><img fetchpriority=\"high\" decoding=\"async\" class=\"wp-image-2686\" style=\"margin-left: 20px;\" src=\"https:\/\/ulexproject.org\/wp-content\/uploads\/2020\/05\/da-56.2small.jpg\" alt=\"da-56.2small\" width=\"350\" height=\"466\" \/><figcaption id=\"caption-attachment-2686\" class=\"wp-caption-text\"><span style=\"font-size: 8pt;\">\u00a0 \u00a0 \u00a0 \u00a0Photo credit | Agata Kubis\/OKO.press<\/span><\/figcaption><\/figure>\n<p><span style=\"font-weight: 400;\">La comunitat LGBTQI+ \u00e9s una diana per a l&#8217;augment de l&#8217;extrema dreta. Els moviments populistes nacionalistes estan utilitzant narratives anti-LGBTQI+ com a arma dins la seua guerra cultural. Aquestes narratives esdevenen delits d&#8217;odi, lleis repressives i fomenten la intoler\u00e0ncia. A\u00e7\u00f2 genera un contexte que cada vegada \u00e9s m\u00e9s hostil i sost\u00e9 m\u00e9s prejudicis. Les organitzacions LGBTQI+ treballen diariament amb nivells d&#8217;estr\u00e9s molt elevats, atacs dels mitjans de comunicaci\u00f3 i repressi\u00f3 exercida tant per l&#8217;estat com f\u00f3ra d&#8217;ell. Per a les persones activities, aquesta repressi\u00f3 pol\u00edtica es combina amb l&#8217;exposici\u00f3 a discriminacio i agressions constants en la seua vida personal.<\/span><\/p>\n<p><span style=\"font-weight: 400;\">A trav\u00e9s de formacions i acompanyament per incrementar capacitat, aquest programa t\u00e9 com a objectiu enfortir la resiliencia de les comunitats LGBTQI+ per a resistir la repressi\u00f3 i per enfortir les xarxes i moviments dins la lluita per la just\u00edcia social i els drets humans b\u00e0sics.\u00a0<\/span><\/p>\n<p><span style=\"font-weight: 400;\">Les organitzacions i activistes rebran formaci\u00f3 i &#8220;coaching&#8221; al voltant d&#8217;eines i pr\u00e0ctiques per a treballar amb la repressi\u00f3 social, pol\u00edtica i estatal; a m\u00e9s d&#8217;eines per a gestionar l&#8217;estr\u00e9s, previndre s\u00edndromes de cremar-se i esgotar-se, valorar riscos i crear cultures organitzatives resilients.<br \/>\n<\/span><\/p>\n<h4><span style=\"color: #cb113d;\">Objectius del projecte<\/span><\/h4>\n<ul>\n<li>Enfortir el moviment LGBTQI+ a l&#8217;Europa de l\u2019est i pa\u00efsos post-sovi\u00e8tics a trav\u00e9s de treballar en xarxa i compartir experi\u00e8ncies<\/li>\n<li>Equipar les organitzacions, grups i activistes amb les eines per:<br \/>\n-construir resili\u00e8ncia a nivell personal, organitzatiu i de moviment<br \/>\n-valorar riscos i contruir estrat\u00e8gies creatives per a afrontar la repressi\u00f3<br \/>\n-entendre els mecanismes d&#8217;estr\u00e9s, trauma i s\u00edndrome de cremar-se per a poder reconeixer-los i tractar-los a nivell personal, organitzatiu i de moviment<\/li>\n<li>Crear una vibrant xarxa de suport i inspiraci\u00f3 m\u00fatua a tota la regi\u00f3<\/li>\n<li>Recolzar a les organitzacions, a les coalicions i als grups per implementar canvis en les seves estrat\u00e8gies i cultures organitzatives cap a un model sostenible de participaci\u00f3 en el canvi social<\/li>\n<\/ul>\n<figure id=\"attachment_2647\" aria-describedby=\"caption-attachment-2647\" style=\"width: 300px\" class=\"wp-caption alignright\"><img decoding=\"async\" class=\"wp-image-2647 size-medium\" style=\"margin-left: 20px;\" src=\"https:\/\/ulexproject.org\/wp-content\/uploads\/2020\/05\/ll-42-e1591267369357-650x500.jpg\" width=\"300\" height=\"231\" \/><figcaption id=\"caption-attachment-2647\" class=\"wp-caption-text\"><span style=\"font-size: 8pt;\">\u00a0 \u00a0 \u00a0 \u00a0Photo Credit | Agata Kubis\/OKO.press<\/span><\/figcaption><\/figure>\n<p><span style=\"font-weight: 400; color: #cb113d;\">\u201cL\u2019entorn en qu\u00e8 treballem \u00e9s extremadament hostil i queda molt per fer. Necessitem m\u00e9s gent a l\u2019equip, per\u00f2 no tenim la manera d\u2019invitar persones noves d&#8217;una manera segura per a nosaltres. Sempre estem pensant en la seguretat. Necessitem oportunitats per cr\u00e9ixer i adquirir noves habilitats, ja que no les tenim aqu\u00ed, localment.&#8221;<\/span><\/p>\n<p><span style=\"font-weight: 400;\">Durant m\u00e9s d\u2019una d\u00e8cada, les formadores d\u2019Ulex han estat treballant en la formaci\u00f3 de resili\u00e8ncia psicosocial per a activistes. En els darrers anys hem estat desenvolupant un curr\u00edculum dirigit espec\u00edficament a la comunitat LGBTQI +, a m\u00e9s de donar suport als moviments socials de l\u2019Europa de l\u2019Est i de l\u2019Europa Central. El nostre grup de formadores inclou tant gent de comunitats LGBTQI +, com persones de l&#8217;Europa de l&#8217;est. Hem dissenyat aquest programa a partir de moltes converses i entrevistes amb nombroses organitzacions de Bielor\u00fassia, Pol\u00f2nia, Ucra\u00efna, Romania, Eslov\u00e0quia, Alb\u00e0nia, S\u00e8rbia i Hongria.<\/span><\/p>\n<h4><span style=\"color: #cb113d;\">Programa: Maig 2020 a Decembre 2021\u00a0<\/span><\/h4>\n<p><strong>Formacions i reunions per compartir habilitats &#8211;\u00a0<\/strong>Dos trobades internacionals tindran lloc a la regi\u00f3, agrupant organitzacions LGBTQI + de Bielor\u00fassia, Ucra\u00efna, Pol\u00f2nia, Hongria, Romania, Eslov\u00e0quia, Alb\u00e0nia, B\u00f2snia i Hercegovina, Cro\u00e0cia, Maced\u00f2nia, Kosovo, Montenegro, S\u00e8rbia, Eslov\u00e8nia i Turquia. Explorarem les din\u00e0miques de repressi\u00f3 i viol\u00e8ncia, la creaci\u00f3 d\u2019aliances i la resili\u00e8ncia organitzativa \/ de moviments.<\/p>\n<p><b><img decoding=\"async\" class=\"alignright size-medium wp-image-1960\" src=\"https:\/\/ulexproject.org\/wp-content\/uploads\/2018\/02\/Immersive-learning-maria-blank-650x500.jpg\" alt=\"Immersive learning maria blank\" width=\"300\" height=\"231\" \/>Formaci\u00f3 residencial de formadores &#8211;\u00a0<\/b>Es realitzaran tres formacions al nostre centre, creant oportunitats perqu\u00e8 les persones clau de grups i organitzacions participin en un llarg taller residencial i es formin com a formadores i facilitadores locals que puguin compartir coneiximents i eines a la regi\u00f3.<\/p>\n<p><b>Tallers organitzatius i regionals &#8211; <\/b>Tallers m\u00e9s curts (d\u2019un a dos dies) per a organitzacions o grups d\u2019organitzacions de determinades regions \/ pa\u00efsos. Aquests oferiran contingut a mida i permetran adaptar m\u00e8todes i pr\u00e0ctiques als contextos locals. Analitzarem temes com:<\/p>\n<ul>\n<li>S\u00edndromes de cremar-se i salut mental\/f\u00edsica<\/li>\n<li>Aprenentatge emocional per treballar amb por, desmotivaci\u00f3 i estr\u00e8s<\/li>\n<li>Cultures de cura personal i col\u00b7lectiva<\/li>\n<li>Pr\u00e0ctiques regeneratives dins de grups<\/li>\n<li>Comprensi\u00f3 de riscos i amenaces<\/li>\n<li>Cultura organtizativa regenerativa<\/li>\n<li>Habilitats per a l&#8217;efic\u00e0cia mental<\/li>\n<li>Conflicte i comunicaci\u00f3<\/li>\n<\/ul>\n<p><b>Coaching, consulta i suport<\/b><b> &#8211;\u00a0<\/b><span style=\"font-weight: 400;\">El programa ofereix un acompanyament espec\u00edfic per a cada organitzaci\u00f3. El proc\u00e9s d\u2019acompanyament es far\u00e0 durant reunions presencials, seminaris en l\u00ednia, comunitats en l\u00ednia de praxis, consultes en l\u00ednia i sessions de resoluci\u00f3 de problemes.<\/span><\/p>\n<p><b>Desenvolupament i traducci\u00f3 de recursos de suport &#8211;\u00a0<\/b><span style=\"font-weight: 400;\">Per completar el projecte, crearem materials de Resil\u00e8ncia psicosocial en forma de fullet\u00f3, tradu\u00eft a diversos idiomes regionals.<\/span><\/p>\n<p><span style=\"font-weight: 400;\">Per obtenir m\u00e9s informaci\u00f3, contacteu amb Eweryst &#8211; eweryst (at) ulexproject.org<\/span><\/p>\n<p><span style=\"font-size: 8pt;\">Header image\u00a0photo credit: Agata Kubis\/OKO.press<\/span><\/p>\n<p>&nbsp;<\/p>\n","protected":false},"excerpt":{"rendered":"<p>Enfortint la resili\u00e8ncia psico-social i la seguretat hol\u00edstica amb organitzacions LGBTQI+ d&#8217;Europa central i de l\u2019est, els Balcans, i altres pa\u00efsos post-sovi\u00e8tics . La comunitat LGBTQI+ \u00e9s una diana per a l&#8217;augment de l&#8217;extrema dreta. Els moviments populistes nacionalistes estan utilitzant narratives anti-LGBTQI+ com a arma dins la seua guerra cultural. Aquestes narratives esdevenen delits [&hellip;]<\/p>\n","protected":false},"author":3,"featured_media":2643,"parent":0,"menu_order":19,"comment_status":"closed","ping_status":"closed","template":"","meta":{"_acf_changed":false,"_mo_disable_npp":"","cybocfi_hide_featured_image":"","footnotes":""},"class_list":["post-2854","page","type-page","status-publish","has-post-thumbnail","hentry"],"acf":[],"yoast_head":"<!-- This site is optimized with the Yoast SEO plugin v27.4 - https:\/\/yoast.com\/product\/yoast-seo-wordpress\/ -->\n<title>Projecte de Resili\u00e8ncia LGBTQI+ - Ulex<\/title>\n<meta name=\"robots\" content=\"index, follow, max-snippet:-1, max-image-preview:large, max-video-preview:-1\" \/>\n<link rel=\"canonical\" href=\"https:\/\/ulexproject.org\/ca\/lgbtqi-resilience-project\/\" \/>\n<meta property=\"og:locale\" content=\"ca_ES\" \/>\n<meta property=\"og:type\" content=\"article\" \/>\n<meta property=\"og:title\" content=\"Projecte de Resili\u00e8ncia LGBTQI+ - Ulex\" \/>\n<meta property=\"og:description\" content=\"Enfortint la resili\u00e8ncia psico-social i la seguretat hol\u00edstica amb organitzacions LGBTQI+ d&#8217;Europa central i de l\u2019est, els Balcans, i altres pa\u00efsos post-sovi\u00e8tics . La comunitat LGBTQI+ \u00e9s una diana per a l&#8217;augment de l&#8217;extrema dreta. Els moviments populistes nacionalistes estan utilitzant narratives anti-LGBTQI+ com a arma dins la seua guerra cultural. Aquestes narratives esdevenen delits [&hellip;]\" \/>\n<meta property=\"og:url\" content=\"https:\/\/ulexproject.org\/ca\/lgbtqi-resilience-project\/\" \/>\n<meta property=\"og:site_name\" content=\"Ulex\" \/>\n<meta property=\"article:modified_time\" content=\"2020-07-08T12:37:30+00:00\" \/>\n<meta property=\"og:image\" content=\"https:\/\/ulexproject.org\/wp-content\/uploads\/2020\/05\/da-25-e1614794856699-960x623.jpg\" \/>\n\t<meta property=\"og:image:width\" content=\"960\" \/>\n\t<meta property=\"og:image:height\" content=\"623\" \/>\n\t<meta property=\"og:image:type\" content=\"image\/jpeg\" \/>\n<meta name=\"twitter:card\" content=\"summary_large_image\" \/>\n<meta name=\"twitter:label1\" content=\"Temps estimat de lectura\" \/>\n\t<meta name=\"twitter:data1\" content=\"4 minuts\" \/>\n<script type=\"application\/ld+json\" class=\"yoast-schema-graph\">{\"@context\":\"https:\\\/\\\/schema.org\",\"@graph\":[{\"@type\":\"WebPage\",\"@id\":\"https:\\\/\\\/ulexproject.org\\\/ca\\\/lgbtqi-resilience-project\\\/\",\"url\":\"https:\\\/\\\/ulexproject.org\\\/ca\\\/lgbtqi-resilience-project\\\/\",\"name\":\"Projecte de Resili\u00e8ncia LGBTQI+ - Ulex\",\"isPartOf\":{\"@id\":\"https:\\\/\\\/ulexproject.org\\\/ca\\\/#website\"},\"primaryImageOfPage\":{\"@id\":\"https:\\\/\\\/ulexproject.org\\\/ca\\\/lgbtqi-resilience-project\\\/#primaryimage\"},\"image\":{\"@id\":\"https:\\\/\\\/ulexproject.org\\\/ca\\\/lgbtqi-resilience-project\\\/#primaryimage\"},\"thumbnailUrl\":\"https:\\\/\\\/ulexproject.org\\\/wp-content\\\/uploads\\\/2020\\\/05\\\/da-25-e1702061952154.jpg\",\"datePublished\":\"2020-06-11T11:14:46+00:00\",\"dateModified\":\"2020-07-08T12:37:30+00:00\",\"breadcrumb\":{\"@id\":\"https:\\\/\\\/ulexproject.org\\\/ca\\\/lgbtqi-resilience-project\\\/#breadcrumb\"},\"inLanguage\":\"ca\",\"potentialAction\":[{\"@type\":\"ReadAction\",\"target\":[\"https:\\\/\\\/ulexproject.org\\\/ca\\\/lgbtqi-resilience-project\\\/\"]}]},{\"@type\":\"ImageObject\",\"inLanguage\":\"ca\",\"@id\":\"https:\\\/\\\/ulexproject.org\\\/ca\\\/lgbtqi-resilience-project\\\/#primaryimage\",\"url\":\"https:\\\/\\\/ulexproject.org\\\/wp-content\\\/uploads\\\/2020\\\/05\\\/da-25-e1702061952154.jpg\",\"contentUrl\":\"https:\\\/\\\/ulexproject.org\\\/wp-content\\\/uploads\\\/2020\\\/05\\\/da-25-e1702061952154.jpg\",\"width\":800,\"height\":214,\"caption\":\"Photo Credit: Agata Kubis\"},{\"@type\":\"BreadcrumbList\",\"@id\":\"https:\\\/\\\/ulexproject.org\\\/ca\\\/lgbtqi-resilience-project\\\/#breadcrumb\",\"itemListElement\":[{\"@type\":\"ListItem\",\"position\":1,\"name\":\"Home\",\"item\":\"https:\\\/\\\/ulexproject.org\\\/ca\\\/\"},{\"@type\":\"ListItem\",\"position\":2,\"name\":\"Projecte de Resili\u00e8ncia LGBTQI+\"}]},{\"@type\":\"WebSite\",\"@id\":\"https:\\\/\\\/ulexproject.org\\\/ca\\\/#website\",\"url\":\"https:\\\/\\\/ulexproject.org\\\/ca\\\/\",\"name\":\"Ulex\",\"description\":\"TRAININGS FOR SOCIAL MOVEMENT IMPACT &amp; RESILIENCE\",\"publisher\":{\"@id\":\"https:\\\/\\\/ulexproject.org\\\/ca\\\/#organization\"},\"potentialAction\":[{\"@type\":\"SearchAction\",\"target\":{\"@type\":\"EntryPoint\",\"urlTemplate\":\"https:\\\/\\\/ulexproject.org\\\/ca\\\/?s={search_term_string}\"},\"query-input\":{\"@type\":\"PropertyValueSpecification\",\"valueRequired\":true,\"valueName\":\"search_term_string\"}}],\"inLanguage\":\"ca\"},{\"@type\":\"Organization\",\"@id\":\"https:\\\/\\\/ulexproject.org\\\/ca\\\/#organization\",\"name\":\"Ulex\",\"url\":\"https:\\\/\\\/ulexproject.org\\\/ca\\\/\",\"logo\":{\"@type\":\"ImageObject\",\"inLanguage\":\"ca\",\"@id\":\"https:\\\/\\\/ulexproject.org\\\/ca\\\/#\\\/schema\\\/logo\\\/image\\\/\",\"url\":\"https:\\\/\\\/ulexproject.org\\\/wp-content\\\/uploads\\\/2016\\\/10\\\/ulex-new-logo.png\",\"contentUrl\":\"https:\\\/\\\/ulexproject.org\\\/wp-content\\\/uploads\\\/2016\\\/10\\\/ulex-new-logo.png\",\"width\":250,\"height\":133,\"caption\":\"Ulex\"},\"image\":{\"@id\":\"https:\\\/\\\/ulexproject.org\\\/ca\\\/#\\\/schema\\\/logo\\\/image\\\/\"}}]}<\/script>\n<!-- \/ Yoast SEO plugin. -->","yoast_head_json":{"title":"Projecte de Resili\u00e8ncia LGBTQI+ - Ulex","robots":{"index":"index","follow":"follow","max-snippet":"max-snippet:-1","max-image-preview":"max-image-preview:large","max-video-preview":"max-video-preview:-1"},"canonical":"https:\/\/ulexproject.org\/ca\/lgbtqi-resilience-project\/","og_locale":"ca_ES","og_type":"article","og_title":"Projecte de Resili\u00e8ncia LGBTQI+ - Ulex","og_description":"Enfortint la resili\u00e8ncia psico-social i la seguretat hol\u00edstica amb organitzacions LGBTQI+ d&#8217;Europa central i de l\u2019est, els Balcans, i altres pa\u00efsos post-sovi\u00e8tics . La comunitat LGBTQI+ \u00e9s una diana per a l&#8217;augment de l&#8217;extrema dreta. Els moviments populistes nacionalistes estan utilitzant narratives anti-LGBTQI+ com a arma dins la seua guerra cultural. Aquestes narratives esdevenen delits [&hellip;]","og_url":"https:\/\/ulexproject.org\/ca\/lgbtqi-resilience-project\/","og_site_name":"Ulex","article_modified_time":"2020-07-08T12:37:30+00:00","og_image":[{"width":960,"height":623,"url":"https:\/\/ulexproject.org\/wp-content\/uploads\/2020\/05\/da-25-e1614794856699-960x623.jpg","type":"image\/jpeg"}],"twitter_card":"summary_large_image","twitter_misc":{"Temps estimat de lectura":"4 minuts"},"schema":{"@context":"https:\/\/schema.org","@graph":[{"@type":"WebPage","@id":"https:\/\/ulexproject.org\/ca\/lgbtqi-resilience-project\/","url":"https:\/\/ulexproject.org\/ca\/lgbtqi-resilience-project\/","name":"Projecte de Resili\u00e8ncia LGBTQI+ - Ulex","isPartOf":{"@id":"https:\/\/ulexproject.org\/ca\/#website"},"primaryImageOfPage":{"@id":"https:\/\/ulexproject.org\/ca\/lgbtqi-resilience-project\/#primaryimage"},"image":{"@id":"https:\/\/ulexproject.org\/ca\/lgbtqi-resilience-project\/#primaryimage"},"thumbnailUrl":"https:\/\/ulexproject.org\/wp-content\/uploads\/2020\/05\/da-25-e1702061952154.jpg","datePublished":"2020-06-11T11:14:46+00:00","dateModified":"2020-07-08T12:37:30+00:00","breadcrumb":{"@id":"https:\/\/ulexproject.org\/ca\/lgbtqi-resilience-project\/#breadcrumb"},"inLanguage":"ca","potentialAction":[{"@type":"ReadAction","target":["https:\/\/ulexproject.org\/ca\/lgbtqi-resilience-project\/"]}]},{"@type":"ImageObject","inLanguage":"ca","@id":"https:\/\/ulexproject.org\/ca\/lgbtqi-resilience-project\/#primaryimage","url":"https:\/\/ulexproject.org\/wp-content\/uploads\/2020\/05\/da-25-e1702061952154.jpg","contentUrl":"https:\/\/ulexproject.org\/wp-content\/uploads\/2020\/05\/da-25-e1702061952154.jpg","width":800,"height":214,"caption":"Photo Credit: Agata Kubis"},{"@type":"BreadcrumbList","@id":"https:\/\/ulexproject.org\/ca\/lgbtqi-resilience-project\/#breadcrumb","itemListElement":[{"@type":"ListItem","position":1,"name":"Home","item":"https:\/\/ulexproject.org\/ca\/"},{"@type":"ListItem","position":2,"name":"Projecte de Resili\u00e8ncia LGBTQI+"}]},{"@type":"WebSite","@id":"https:\/\/ulexproject.org\/ca\/#website","url":"https:\/\/ulexproject.org\/ca\/","name":"Ulex","description":"TRAININGS FOR SOCIAL MOVEMENT IMPACT &amp; RESILIENCE","publisher":{"@id":"https:\/\/ulexproject.org\/ca\/#organization"},"potentialAction":[{"@type":"SearchAction","target":{"@type":"EntryPoint","urlTemplate":"https:\/\/ulexproject.org\/ca\/?s={search_term_string}"},"query-input":{"@type":"PropertyValueSpecification","valueRequired":true,"valueName":"search_term_string"}}],"inLanguage":"ca"},{"@type":"Organization","@id":"https:\/\/ulexproject.org\/ca\/#organization","name":"Ulex","url":"https:\/\/ulexproject.org\/ca\/","logo":{"@type":"ImageObject","inLanguage":"ca","@id":"https:\/\/ulexproject.org\/ca\/#\/schema\/logo\/image\/","url":"https:\/\/ulexproject.org\/wp-content\/uploads\/2016\/10\/ulex-new-logo.png","contentUrl":"https:\/\/ulexproject.org\/wp-content\/uploads\/2016\/10\/ulex-new-logo.png","width":250,"height":133,"caption":"Ulex"},"image":{"@id":"https:\/\/ulexproject.org\/ca\/#\/schema\/logo\/image\/"}}]}},"_links":{"self":[{"href":"https:\/\/ulexproject.org\/ca\/wp-json\/wp\/v2\/pages\/2854","targetHints":{"allow":["GET"]}}],"collection":[{"href":"https:\/\/ulexproject.org\/ca\/wp-json\/wp\/v2\/pages"}],"about":[{"href":"https:\/\/ulexproject.org\/ca\/wp-json\/wp\/v2\/types\/page"}],"author":[{"embeddable":true,"href":"https:\/\/ulexproject.org\/ca\/wp-json\/wp\/v2\/users\/3"}],"replies":[{"embeddable":true,"href":"https:\/\/ulexproject.org\/ca\/wp-json\/wp\/v2\/comments?post=2854"}],"version-history":[{"count":3,"href":"https:\/\/ulexproject.org\/ca\/wp-json\/wp\/v2\/pages\/2854\/revisions"}],"predecessor-version":[{"id":2857,"href":"https:\/\/ulexproject.org\/ca\/wp-json\/wp\/v2\/pages\/2854\/revisions\/2857"}],"wp:featuredmedia":[{"embeddable":true,"href":"https:\/\/ulexproject.org\/ca\/wp-json\/wp\/v2\/media\/2643"}],"wp:attachment":[{"href":"https:\/\/ulexproject.org\/ca\/wp-json\/wp\/v2\/media?parent=2854"}],"curies":[{"name":"wp","href":"https:\/\/api.w.org\/{rel}","templated":true}]}}