{"id":11525,"date":"2024-05-27T13:46:04","date_gmt":"2024-05-27T13:46:04","guid":{"rendered":"https:\/\/ulexproject.org\/the-centre\/"},"modified":"2024-07-15T12:40:41","modified_gmt":"2024-07-15T12:40:41","slug":"el-centro","status":"publish","type":"page","link":"https:\/\/ulexproject.org\/es\/el-centro\/","title":{"rendered":"El Centro"},"content":{"rendered":"\t\t<div data-elementor-type=\"wp-page\" data-elementor-id=\"11525\" class=\"elementor elementor-11525 elementor-8550\" data-elementor-settings=\"{&quot;element_pack_global_tooltip_width&quot;:{&quot;unit&quot;:&quot;px&quot;,&quot;size&quot;:&quot;&quot;,&quot;sizes&quot;:[]},&quot;element_pack_global_tooltip_width_tablet&quot;:{&quot;unit&quot;:&quot;px&quot;,&quot;size&quot;:&quot;&quot;,&quot;sizes&quot;:[]},&quot;element_pack_global_tooltip_width_mobile&quot;:{&quot;unit&quot;:&quot;px&quot;,&quot;size&quot;:&quot;&quot;,&quot;sizes&quot;:[]},&quot;element_pack_global_tooltip_padding&quot;:{&quot;unit&quot;:&quot;px&quot;,&quot;top&quot;:&quot;&quot;,&quot;right&quot;:&quot;&quot;,&quot;bottom&quot;:&quot;&quot;,&quot;left&quot;:&quot;&quot;,&quot;isLinked&quot;:true},&quot;element_pack_global_tooltip_padding_tablet&quot;:{&quot;unit&quot;:&quot;px&quot;,&quot;top&quot;:&quot;&quot;,&quot;right&quot;:&quot;&quot;,&quot;bottom&quot;:&quot;&quot;,&quot;left&quot;:&quot;&quot;,&quot;isLinked&quot;:true},&quot;element_pack_global_tooltip_padding_mobile&quot;:{&quot;unit&quot;:&quot;px&quot;,&quot;top&quot;:&quot;&quot;,&quot;right&quot;:&quot;&quot;,&quot;bottom&quot;:&quot;&quot;,&quot;left&quot;:&quot;&quot;,&quot;isLinked&quot;:true},&quot;element_pack_global_tooltip_border_radius&quot;:{&quot;unit&quot;:&quot;px&quot;,&quot;top&quot;:&quot;&quot;,&quot;right&quot;:&quot;&quot;,&quot;bottom&quot;:&quot;&quot;,&quot;left&quot;:&quot;&quot;,&quot;isLinked&quot;:true},&quot;element_pack_global_tooltip_border_radius_tablet&quot;:{&quot;unit&quot;:&quot;px&quot;,&quot;top&quot;:&quot;&quot;,&quot;right&quot;:&quot;&quot;,&quot;bottom&quot;:&quot;&quot;,&quot;left&quot;:&quot;&quot;,&quot;isLinked&quot;:true},&quot;element_pack_global_tooltip_border_radius_mobile&quot;:{&quot;unit&quot;:&quot;px&quot;,&quot;top&quot;:&quot;&quot;,&quot;right&quot;:&quot;&quot;,&quot;bottom&quot;:&quot;&quot;,&quot;left&quot;:&quot;&quot;,&quot;isLinked&quot;:true}}\" data-elementor-post-type=\"page\">\n\t\t\t\t<div class=\"elementor-element elementor-element-8999077 e-con-full e-flex e-con e-parent\" data-id=\"8999077\" data-element_type=\"container\" data-e-type=\"container\">\n\t\t\t\t<div class=\"elementor-element elementor-element-7389a7d elementor-widget elementor-widget-template\" data-id=\"7389a7d\" data-element_type=\"widget\" data-e-type=\"widget\" data-widget_type=\"template.default\">\n\t\t\t\t<div class=\"elementor-widget-container\">\n\t\t\t\t\t\t\t<div class=\"elementor-template\">\n\t\t\t\t\t<div data-elementor-type=\"container\" data-elementor-id=\"9466\" class=\"elementor elementor-9466\" data-elementor-post-type=\"elementor_library\">\n\t\t\t\t<div class=\"elementor-element elementor-element-7fd21df e-flex e-con-boxed e-con e-parent\" data-id=\"7fd21df\" data-element_type=\"container\" data-e-type=\"container\" data-settings=\"{&quot;background_background&quot;:&quot;gradient&quot;}\">\n\t\t\t\t\t<div class=\"e-con-inner\">\n\t\t<div class=\"elementor-element elementor-element-498aa85 e-con-full e-flex e-con e-child\" data-id=\"498aa85\" data-element_type=\"container\" data-e-type=\"container\">\n\t\t\t\t<\/div>\n\t\t\t\t\t<\/div>\n\t\t\t\t<\/div>\n\t\t\t\t<\/div>\n\t\t\t\t<\/div>\n\t\t\t\t\t\t<\/div>\n\t\t\t\t<\/div>\n\t\t\t\t<\/div>\n\t\t<div class=\"elementor-element elementor-element-a1dea2e e-flex e-con-boxed e-con e-parent\" data-id=\"a1dea2e\" data-element_type=\"container\" data-e-type=\"container\">\n\t\t\t\t\t<div class=\"e-con-inner\">\n\t\t\t\t<div class=\"elementor-element elementor-element-3fcdb86 elementor-widget elementor-widget-template\" data-id=\"3fcdb86\" data-element_type=\"widget\" data-e-type=\"widget\" data-widget_type=\"template.default\">\n\t\t\t\t<div class=\"elementor-widget-container\">\n\t\t\t\t\t\t\t<div class=\"elementor-template\">\n\t\t\t\t\t<div data-elementor-type=\"container\" data-elementor-id=\"10847\" class=\"elementor elementor-10847\" data-elementor-post-type=\"elementor_library\">\n\t\t\t\t<div class=\"elementor-element elementor-element-23b7e233 e-flex e-con-boxed e-con e-child\" data-id=\"23b7e233\" data-element_type=\"container\" data-e-type=\"container\">\n\t\t\t\t\t<div class=\"e-con-inner\">\n\t\t<div class=\"elementor-element elementor-element-12f817bc e-flex e-con-boxed e-con e-child\" data-id=\"12f817bc\" data-element_type=\"container\" data-e-type=\"container\">\n\t\t\t\t\t<div class=\"e-con-inner\">\n\t\t\t\t<div class=\"elementor-element elementor-element-6d1888fc elementor-widget elementor-widget-text-editor\" data-id=\"6d1888fc\" data-element_type=\"widget\" data-e-type=\"widget\" data-widget_type=\"text-editor.default\">\n\t\t\t\t<div class=\"elementor-widget-container\">\n\t\t\t\t\t\t\t\t\tEl Centro Ulex se encuentra en el salvaje oeste de Catalu\u00f1a. Est\u00e1 anidado en una regi\u00f3n monta\u00f1osa, el tipo de terreno que busca evadir la hegemon\u00eda del capitalismo tard\u00edo.\t\t\t\t\t\t\t\t<\/div>\n\t\t\t\t<\/div>\n\t\t\t\t<div class=\"elementor-element elementor-element-dc758b7 elementor-nav-menu--dropdown-none elementor-widget elementor-widget-nav-menu\" data-id=\"dc758b7\" data-element_type=\"widget\" data-e-type=\"widget\" data-settings=\"{&quot;layout&quot;:&quot;vertical&quot;,&quot;submenu_icon&quot;:{&quot;value&quot;:&quot;&lt;svg aria-hidden=\\&quot;true\\&quot; class=\\&quot;e-font-icon-svg e-fas-caret-down\\&quot; viewBox=\\&quot;0 0 320 512\\&quot; xmlns=\\&quot;http:\\\/\\\/www.w3.org\\\/2000\\\/svg\\&quot;&gt;&lt;path d=\\&quot;M31.3 192h257.3c17.8 0 26.7 21.5 14.1 34.1L174.1 354.8c-7.8 7.8-20.5 7.8-28.3 0L17.2 226.1C4.6 213.5 13.5 192 31.3 192z\\&quot;&gt;&lt;\\\/path&gt;&lt;\\\/svg&gt;&quot;,&quot;library&quot;:&quot;fa-solid&quot;}}\" data-widget_type=\"nav-menu.default\">\n\t\t\t\t<div class=\"elementor-widget-container\">\n\t\t\t\t\t\t\t\t<nav aria-label=\"Men\u00fa\" class=\"elementor-nav-menu--main elementor-nav-menu__container elementor-nav-menu--layout-vertical e--pointer-background e--animation-fade\">\n\t\t\t\t<ul id=\"menu-1-dc758b7\" class=\"elementor-nav-menu sm-vertical\"><li class=\"menu-item menu-item-type-post_type menu-item-object-page menu-item-12138\"><a href=\"https:\/\/ulexproject.org\/es\/el-centro\/the-place\/\" class=\"elementor-item\">El sitio<\/a><\/li>\n<li class=\"menu-item menu-item-type-post_type menu-item-object-page menu-item-12139\"><a href=\"https:\/\/ulexproject.org\/es\/el-centro\/aprendizaje-inmersivo\/\" class=\"elementor-item\">Aprendizaje inmersivo<\/a><\/li>\n<\/ul>\t\t\t<\/nav>\n\t\t\t\t\t\t<nav class=\"elementor-nav-menu--dropdown elementor-nav-menu__container\" aria-hidden=\"true\">\n\t\t\t\t<ul id=\"menu-2-dc758b7\" class=\"elementor-nav-menu sm-vertical\"><li class=\"menu-item menu-item-type-post_type menu-item-object-page menu-item-12138\"><a href=\"https:\/\/ulexproject.org\/es\/el-centro\/the-place\/\" class=\"elementor-item\" tabindex=\"-1\">El sitio<\/a><\/li>\n<li class=\"menu-item menu-item-type-post_type menu-item-object-page menu-item-12139\"><a href=\"https:\/\/ulexproject.org\/es\/el-centro\/aprendizaje-inmersivo\/\" class=\"elementor-item\" tabindex=\"-1\">Aprendizaje inmersivo<\/a><\/li>\n<\/ul>\t\t\t<\/nav>\n\t\t\t\t\t\t<\/div>\n\t\t\t\t<\/div>\n\t\t\t\t\t<\/div>\n\t\t\t\t<\/div>\n\t\t<div class=\"elementor-element elementor-element-2057f1ad e-flex e-con-boxed e-con e-child\" data-id=\"2057f1ad\" data-element_type=\"container\" data-e-type=\"container\">\n\t\t\t\t\t<div class=\"e-con-inner\">\n\t\t\t\t<div class=\"elementor-element elementor-element-1d52fb7b elementor-widget elementor-widget-google_maps\" data-id=\"1d52fb7b\" data-element_type=\"widget\" data-e-type=\"widget\" data-widget_type=\"google_maps.default\">\n\t\t\t\t<div class=\"elementor-widget-container\">\n\t\t\t\t\t\t\t<div class=\"elementor-custom-embed\">\n\t\t\t<iframe loading=\"lazy\"\n\t\t\t\t\tsrc=\"https:\/\/maps.google.com\/maps?q=Tremp%2C%20Catalunya&#038;t=m&#038;z=10&#038;output=embed&#038;iwloc=near\"\n\t\t\t\t\ttitle=\"Tremp, Catalunya\"\n\t\t\t\t\taria-label=\"Tremp, Catalunya\"\n\t\t\t><\/iframe>\n\t\t<\/div>\n\t\t\t\t\t\t<\/div>\n\t\t\t\t<\/div>\n\t\t\t\t\t<\/div>\n\t\t\t\t<\/div>\n\t\t\t\t\t<\/div>\n\t\t\t\t<\/div>\n\t\t\t\t<\/div>\n\t\t\t\t<\/div>\n\t\t\t\t\t\t<\/div>\n\t\t\t\t<\/div>\n\t\t\t\t\t<\/div>\n\t\t\t\t<\/div>\n\t\t\t\t<\/div>\n\t\t","protected":false},"excerpt":{"rendered":"","protected":false},"author":3,"featured_media":7252,"parent":0,"menu_order":15,"comment_status":"closed","ping_status":"closed","template":"","meta":{"_acf_changed":false,"_mo_disable_npp":"","cybocfi_hide_featured_image":"","footnotes":""},"class_list":["post-11525","page","type-page","status-publish","has-post-thumbnail","hentry"],"acf":[],"yoast_head":"<!-- This site is optimized with the Yoast SEO plugin v27.4 - https:\/\/yoast.com\/product\/yoast-seo-wordpress\/ -->\n<title>El Centro - Ulex<\/title>\n<meta name=\"robots\" content=\"index, follow, max-snippet:-1, max-image-preview:large, max-video-preview:-1\" \/>\n<link rel=\"canonical\" href=\"https:\/\/ulexproject.org\/es\/el-centro\/\" \/>\n<meta property=\"og:locale\" content=\"es_ES\" \/>\n<meta property=\"og:type\" content=\"article\" \/>\n<meta property=\"og:title\" content=\"El Centro - Ulex\" \/>\n<meta property=\"og:url\" content=\"https:\/\/ulexproject.org\/es\/el-centro\/\" \/>\n<meta property=\"og:site_name\" content=\"Ulex\" \/>\n<meta property=\"article:modified_time\" content=\"2024-07-15T12:40:41+00:00\" \/>\n<meta property=\"og:image\" content=\"https:\/\/ulexproject.org\/wp-content\/uploads\/2024\/03\/IMG_8137-2_Easy-Resize.com_.jpg\" \/>\n\t<meta property=\"og:image:width\" content=\"1280\" \/>\n\t<meta property=\"og:image:height\" content=\"960\" \/>\n\t<meta property=\"og:image:type\" content=\"image\/jpeg\" \/>\n<meta name=\"twitter:card\" content=\"summary_large_image\" \/>\n<meta name=\"twitter:label1\" content=\"Tiempo de lectura\" \/>\n\t<meta name=\"twitter:data1\" content=\"1 minuto\" \/>\n<script type=\"application\/ld+json\" class=\"yoast-schema-graph\">{\"@context\":\"https:\\\/\\\/schema.org\",\"@graph\":[{\"@type\":\"WebPage\",\"@id\":\"https:\\\/\\\/ulexproject.org\\\/es\\\/el-centro\\\/\",\"url\":\"https:\\\/\\\/ulexproject.org\\\/es\\\/el-centro\\\/\",\"name\":\"El Centro - Ulex\",\"isPartOf\":{\"@id\":\"https:\\\/\\\/ulexproject.org\\\/es\\\/#website\"},\"primaryImageOfPage\":{\"@id\":\"https:\\\/\\\/ulexproject.org\\\/es\\\/el-centro\\\/#primaryimage\"},\"image\":{\"@id\":\"https:\\\/\\\/ulexproject.org\\\/es\\\/el-centro\\\/#primaryimage\"},\"thumbnailUrl\":\"https:\\\/\\\/ulexproject.org\\\/wp-content\\\/uploads\\\/2024\\\/03\\\/IMG_8137-2_Easy-Resize.com_.jpg\",\"datePublished\":\"2024-05-27T13:46:04+00:00\",\"dateModified\":\"2024-07-15T12:40:41+00:00\",\"breadcrumb\":{\"@id\":\"https:\\\/\\\/ulexproject.org\\\/es\\\/el-centro\\\/#breadcrumb\"},\"inLanguage\":\"es\",\"potentialAction\":[{\"@type\":\"ReadAction\",\"target\":[\"https:\\\/\\\/ulexproject.org\\\/es\\\/el-centro\\\/\"]}]},{\"@type\":\"ImageObject\",\"inLanguage\":\"es\",\"@id\":\"https:\\\/\\\/ulexproject.org\\\/es\\\/el-centro\\\/#primaryimage\",\"url\":\"https:\\\/\\\/ulexproject.org\\\/wp-content\\\/uploads\\\/2024\\\/03\\\/IMG_8137-2_Easy-Resize.com_.jpg\",\"contentUrl\":\"https:\\\/\\\/ulexproject.org\\\/wp-content\\\/uploads\\\/2024\\\/03\\\/IMG_8137-2_Easy-Resize.com_.jpg\",\"width\":1280,\"height\":960},{\"@type\":\"BreadcrumbList\",\"@id\":\"https:\\\/\\\/ulexproject.org\\\/es\\\/el-centro\\\/#breadcrumb\",\"itemListElement\":[{\"@type\":\"ListItem\",\"position\":1,\"name\":\"Home\",\"item\":\"https:\\\/\\\/ulexproject.org\\\/es\\\/\"},{\"@type\":\"ListItem\",\"position\":2,\"name\":\"El Centro\"}]},{\"@type\":\"WebSite\",\"@id\":\"https:\\\/\\\/ulexproject.org\\\/es\\\/#website\",\"url\":\"https:\\\/\\\/ulexproject.org\\\/es\\\/\",\"name\":\"Ulex\",\"description\":\"TRAININGS FOR SOCIAL MOVEMENT IMPACT &amp; RESILIENCE\",\"publisher\":{\"@id\":\"https:\\\/\\\/ulexproject.org\\\/es\\\/#organization\"},\"potentialAction\":[{\"@type\":\"SearchAction\",\"target\":{\"@type\":\"EntryPoint\",\"urlTemplate\":\"https:\\\/\\\/ulexproject.org\\\/es\\\/?s={search_term_string}\"},\"query-input\":{\"@type\":\"PropertyValueSpecification\",\"valueRequired\":true,\"valueName\":\"search_term_string\"}}],\"inLanguage\":\"es\"},{\"@type\":\"Organization\",\"@id\":\"https:\\\/\\\/ulexproject.org\\\/es\\\/#organization\",\"name\":\"Ulex\",\"url\":\"https:\\\/\\\/ulexproject.org\\\/es\\\/\",\"logo\":{\"@type\":\"ImageObject\",\"inLanguage\":\"es\",\"@id\":\"https:\\\/\\\/ulexproject.org\\\/es\\\/#\\\/schema\\\/logo\\\/image\\\/\",\"url\":\"https:\\\/\\\/ulexproject.org\\\/wp-content\\\/uploads\\\/2016\\\/10\\\/ulex-new-logo.png\",\"contentUrl\":\"https:\\\/\\\/ulexproject.org\\\/wp-content\\\/uploads\\\/2016\\\/10\\\/ulex-new-logo.png\",\"width\":250,\"height\":133,\"caption\":\"Ulex\"},\"image\":{\"@id\":\"https:\\\/\\\/ulexproject.org\\\/es\\\/#\\\/schema\\\/logo\\\/image\\\/\"}}]}<\/script>\n<!-- \/ Yoast SEO plugin. -->","yoast_head_json":{"title":"El Centro - Ulex","robots":{"index":"index","follow":"follow","max-snippet":"max-snippet:-1","max-image-preview":"max-image-preview:large","max-video-preview":"max-video-preview:-1"},"canonical":"https:\/\/ulexproject.org\/es\/el-centro\/","og_locale":"es_ES","og_type":"article","og_title":"El Centro - Ulex","og_url":"https:\/\/ulexproject.org\/es\/el-centro\/","og_site_name":"Ulex","article_modified_time":"2024-07-15T12:40:41+00:00","og_image":[{"width":1280,"height":960,"url":"https:\/\/ulexproject.org\/wp-content\/uploads\/2024\/03\/IMG_8137-2_Easy-Resize.com_.jpg","type":"image\/jpeg"}],"twitter_card":"summary_large_image","twitter_misc":{"Tiempo de lectura":"1 minuto"},"schema":{"@context":"https:\/\/schema.org","@graph":[{"@type":"WebPage","@id":"https:\/\/ulexproject.org\/es\/el-centro\/","url":"https:\/\/ulexproject.org\/es\/el-centro\/","name":"El Centro - Ulex","isPartOf":{"@id":"https:\/\/ulexproject.org\/es\/#website"},"primaryImageOfPage":{"@id":"https:\/\/ulexproject.org\/es\/el-centro\/#primaryimage"},"image":{"@id":"https:\/\/ulexproject.org\/es\/el-centro\/#primaryimage"},"thumbnailUrl":"https:\/\/ulexproject.org\/wp-content\/uploads\/2024\/03\/IMG_8137-2_Easy-Resize.com_.jpg","datePublished":"2024-05-27T13:46:04+00:00","dateModified":"2024-07-15T12:40:41+00:00","breadcrumb":{"@id":"https:\/\/ulexproject.org\/es\/el-centro\/#breadcrumb"},"inLanguage":"es","potentialAction":[{"@type":"ReadAction","target":["https:\/\/ulexproject.org\/es\/el-centro\/"]}]},{"@type":"ImageObject","inLanguage":"es","@id":"https:\/\/ulexproject.org\/es\/el-centro\/#primaryimage","url":"https:\/\/ulexproject.org\/wp-content\/uploads\/2024\/03\/IMG_8137-2_Easy-Resize.com_.jpg","contentUrl":"https:\/\/ulexproject.org\/wp-content\/uploads\/2024\/03\/IMG_8137-2_Easy-Resize.com_.jpg","width":1280,"height":960},{"@type":"BreadcrumbList","@id":"https:\/\/ulexproject.org\/es\/el-centro\/#breadcrumb","itemListElement":[{"@type":"ListItem","position":1,"name":"Home","item":"https:\/\/ulexproject.org\/es\/"},{"@type":"ListItem","position":2,"name":"El Centro"}]},{"@type":"WebSite","@id":"https:\/\/ulexproject.org\/es\/#website","url":"https:\/\/ulexproject.org\/es\/","name":"Ulex","description":"TRAININGS FOR SOCIAL MOVEMENT IMPACT &amp; RESILIENCE","publisher":{"@id":"https:\/\/ulexproject.org\/es\/#organization"},"potentialAction":[{"@type":"SearchAction","target":{"@type":"EntryPoint","urlTemplate":"https:\/\/ulexproject.org\/es\/?s={search_term_string}"},"query-input":{"@type":"PropertyValueSpecification","valueRequired":true,"valueName":"search_term_string"}}],"inLanguage":"es"},{"@type":"Organization","@id":"https:\/\/ulexproject.org\/es\/#organization","name":"Ulex","url":"https:\/\/ulexproject.org\/es\/","logo":{"@type":"ImageObject","inLanguage":"es","@id":"https:\/\/ulexproject.org\/es\/#\/schema\/logo\/image\/","url":"https:\/\/ulexproject.org\/wp-content\/uploads\/2016\/10\/ulex-new-logo.png","contentUrl":"https:\/\/ulexproject.org\/wp-content\/uploads\/2016\/10\/ulex-new-logo.png","width":250,"height":133,"caption":"Ulex"},"image":{"@id":"https:\/\/ulexproject.org\/es\/#\/schema\/logo\/image\/"}}]}},"_links":{"self":[{"href":"https:\/\/ulexproject.org\/es\/wp-json\/wp\/v2\/pages\/11525","targetHints":{"allow":["GET"]}}],"collection":[{"href":"https:\/\/ulexproject.org\/es\/wp-json\/wp\/v2\/pages"}],"about":[{"href":"https:\/\/ulexproject.org\/es\/wp-json\/wp\/v2\/types\/page"}],"author":[{"embeddable":true,"href":"https:\/\/ulexproject.org\/es\/wp-json\/wp\/v2\/users\/3"}],"replies":[{"embeddable":true,"href":"https:\/\/ulexproject.org\/es\/wp-json\/wp\/v2\/comments?post=11525"}],"version-history":[{"count":2,"href":"https:\/\/ulexproject.org\/es\/wp-json\/wp\/v2\/pages\/11525\/revisions"}],"predecessor-version":[{"id":11919,"href":"https:\/\/ulexproject.org\/es\/wp-json\/wp\/v2\/pages\/11525\/revisions\/11919"}],"wp:featuredmedia":[{"embeddable":true,"href":"https:\/\/ulexproject.org\/es\/wp-json\/wp\/v2\/media\/7252"}],"wp:attachment":[{"href":"https:\/\/ulexproject.org\/es\/wp-json\/wp\/v2\/media?parent=11525"}],"curies":[{"name":"wp","href":"https:\/\/api.w.org\/{rel}","templated":true}]}}