{"id":18992,"date":"2025-08-04T08:03:22","date_gmt":"2025-08-04T08:03:22","guid":{"rendered":"https:\/\/ulexproject.org\/que-hacemos-y-por-que-2\/"},"modified":"2025-08-04T08:03:23","modified_gmt":"2025-08-04T08:03:23","slug":"que-hacemos-y-por-que-2","status":"publish","type":"page","link":"https:\/\/ulexproject.org\/es\/que-hacemos-y-por-que-2\/","title":{"rendered":"Qu\u00e9 hacemos y por qu\u00e9"},"content":{"rendered":"\t\t<div data-elementor-type=\"wp-page\" data-elementor-id=\"18992\" class=\"elementor elementor-18992 elementor-18983\" data-elementor-settings=\"{&quot;element_pack_global_tooltip_width&quot;:{&quot;unit&quot;:&quot;px&quot;,&quot;size&quot;:&quot;&quot;,&quot;sizes&quot;:[]},&quot;element_pack_global_tooltip_width_tablet&quot;:{&quot;unit&quot;:&quot;px&quot;,&quot;size&quot;:&quot;&quot;,&quot;sizes&quot;:[]},&quot;element_pack_global_tooltip_width_mobile&quot;:{&quot;unit&quot;:&quot;px&quot;,&quot;size&quot;:&quot;&quot;,&quot;sizes&quot;:[]},&quot;element_pack_global_tooltip_padding&quot;:{&quot;unit&quot;:&quot;px&quot;,&quot;top&quot;:&quot;&quot;,&quot;right&quot;:&quot;&quot;,&quot;bottom&quot;:&quot;&quot;,&quot;left&quot;:&quot;&quot;,&quot;isLinked&quot;:true},&quot;element_pack_global_tooltip_padding_tablet&quot;:{&quot;unit&quot;:&quot;px&quot;,&quot;top&quot;:&quot;&quot;,&quot;right&quot;:&quot;&quot;,&quot;bottom&quot;:&quot;&quot;,&quot;left&quot;:&quot;&quot;,&quot;isLinked&quot;:true},&quot;element_pack_global_tooltip_padding_mobile&quot;:{&quot;unit&quot;:&quot;px&quot;,&quot;top&quot;:&quot;&quot;,&quot;right&quot;:&quot;&quot;,&quot;bottom&quot;:&quot;&quot;,&quot;left&quot;:&quot;&quot;,&quot;isLinked&quot;:true},&quot;element_pack_global_tooltip_border_radius&quot;:{&quot;unit&quot;:&quot;px&quot;,&quot;top&quot;:&quot;&quot;,&quot;right&quot;:&quot;&quot;,&quot;bottom&quot;:&quot;&quot;,&quot;left&quot;:&quot;&quot;,&quot;isLinked&quot;:true},&quot;element_pack_global_tooltip_border_radius_tablet&quot;:{&quot;unit&quot;:&quot;px&quot;,&quot;top&quot;:&quot;&quot;,&quot;right&quot;:&quot;&quot;,&quot;bottom&quot;:&quot;&quot;,&quot;left&quot;:&quot;&quot;,&quot;isLinked&quot;:true},&quot;element_pack_global_tooltip_border_radius_mobile&quot;:{&quot;unit&quot;:&quot;px&quot;,&quot;top&quot;:&quot;&quot;,&quot;right&quot;:&quot;&quot;,&quot;bottom&quot;:&quot;&quot;,&quot;left&quot;:&quot;&quot;,&quot;isLinked&quot;:true}}\" data-elementor-post-type=\"page\">\n\t\t\t\t<div class=\"elementor-element elementor-element-e681e75 e-con-full e-flex e-con e-parent\" data-id=\"e681e75\" data-element_type=\"container\" data-e-type=\"container\">\n\t\t\t\t<div class=\"elementor-element elementor-element-6476428 elementor-widget elementor-widget-template\" data-id=\"6476428\" data-element_type=\"widget\" data-e-type=\"widget\" data-widget_type=\"template.default\">\n\t\t\t\t<div class=\"elementor-widget-container\">\n\t\t\t\t\t\t\t<div class=\"elementor-template\">\n\t\t\t\t\t<div data-elementor-type=\"container\" data-elementor-id=\"9466\" class=\"elementor elementor-9466\" data-elementor-post-type=\"elementor_library\">\n\t\t\t\t<div class=\"elementor-element elementor-element-7fd21df e-flex e-con-boxed e-con e-parent\" data-id=\"7fd21df\" data-element_type=\"container\" data-e-type=\"container\" data-settings=\"{&quot;background_background&quot;:&quot;gradient&quot;}\">\n\t\t\t\t\t<div class=\"e-con-inner\">\n\t\t<div class=\"elementor-element elementor-element-498aa85 e-con-full e-flex e-con e-child\" data-id=\"498aa85\" data-element_type=\"container\" data-e-type=\"container\">\n\t\t\t\t<\/div>\n\t\t\t\t\t<\/div>\n\t\t\t\t<\/div>\n\t\t\t\t<\/div>\n\t\t\t\t<\/div>\n\t\t\t\t\t\t<\/div>\n\t\t\t\t<\/div>\n\t\t\t\t<\/div>\n\t\t<div class=\"elementor-element elementor-element-3ffdc5b0 e-flex e-con-boxed e-con e-parent\" data-id=\"3ffdc5b0\" data-element_type=\"container\" data-e-type=\"container\">\n\t\t\t\t\t<div class=\"e-con-inner\">\n\t\t<div class=\"elementor-element elementor-element-309decd e-con-full e-flex e-con e-child\" data-id=\"309decd\" data-element_type=\"container\" data-e-type=\"container\">\n\t\t\t\t<div class=\"elementor-element elementor-element-71b9cda elementor-widget elementor-widget-heading\" data-id=\"71b9cda\" data-element_type=\"widget\" data-e-type=\"widget\" data-widget_type=\"heading.default\">\n\t\t\t\t<div class=\"elementor-widget-container\">\n\t\t\t\t\t<h2 class=\"elementor-heading-title elementor-size-default\">\u00bfQu\u00e9 es Ulex?<\/h2>\t\t\t\t<\/div>\n\t\t\t\t<\/div>\n\t\t\t\t<div class=\"elementor-element elementor-element-62bfd26b elementor-widget elementor-widget-text-editor\" data-id=\"62bfd26b\" data-element_type=\"widget\" data-e-type=\"widget\" data-widget_type=\"text-editor.default\">\n\t\t\t\t<div class=\"elementor-widget-container\">\n\t\t\t\t\t\t\t\t\t<ul>\r\n \t<li class=\"p1\">\r\n<pre>una\u00a0<a href=\"http:\/\/ulexproject.org\/courses_events\/?lang=es\">formaci\u00f3n<\/a>\u00a0de alta calidad que desarrolla la capacidad de los movimientos sociales para la justicia social y la integridad ecol\u00f3gica<b><\/b><\/pre>\r\n<\/li>\r\n \t<li class=\"p1\">\r\n<pre>un\u00a0<a href=\"http:\/\/ulexproject.org\/immersive-learning\/?lang=es\">centro de formaci\u00f3n residencial\u00a0<\/a>que responde a las necesidades a largo plazo de los movimientos sociales<\/pre>\r\n<\/li>\r\n \t<li class=\"p1\">\r\n<pre>una colaboraci\u00f3n y una innovaci\u00f3n para facilitar el desarrollo responsivo de la formaci\u00f3n para los movimientos sociales de Europa<b><\/b><\/pre>\r\n<\/li>\r\n \t<li class=\"p1\">\r\n<pre>un eje que fortalece las conexiones para la solidaridad paneuropea y la resiliencia de los movimientos sociales<\/pre>\r\n<\/li>\r\n<\/ul>\t\t\t\t\t\t\t\t<\/div>\n\t\t\t\t<\/div>\n\t\t\t\t<div class=\"elementor-element elementor-element-19bd25f elementor-widget elementor-widget-heading\" data-id=\"19bd25f\" data-element_type=\"widget\" data-e-type=\"widget\" data-widget_type=\"heading.default\">\n\t\t\t\t<div class=\"elementor-widget-container\">\n\t\t\t\t\t<h2 class=\"elementor-heading-title elementor-size-default\">\u00bfPor qu\u00e9 ahora?<\/h2>\t\t\t\t<\/div>\n\t\t\t\t<\/div>\n\t\t\t\t<div class=\"elementor-element elementor-element-c58d02e elementor-widget elementor-widget-text-editor\" data-id=\"c58d02e\" data-element_type=\"widget\" data-e-type=\"widget\" data-widget_type=\"text-editor.default\">\n\t\t\t\t<div class=\"elementor-widget-container\">\n\t\t\t\t\t\t\t\t\tEstamos viviendo un momento hist\u00f3rico de disrupci\u00f3n que trae consigo grandes peligros pero tambi\u00e9n grandes oportunidades. El motor del crecimiento neoliberal paralizado, un liderazgo pol\u00edtico insolvente, una sensaci\u00f3n creciente de injusticia distributiva y la urgencia apremiante del momento ecol\u00f3gico son las grietas entre las que puede emerger algo nuevo. El objetivo del Proyecto Ulex es apoyar a nuestros movimientos para que luchen por nuestro futuro en pro de la justicia social y la integridad ecol\u00f3gica<b>.<\/b>\t\t\t\t\t\t\t\t<\/div>\n\t\t\t\t<\/div>\n\t\t\t\t<div class=\"elementor-element elementor-element-c1b7c8b elementor-widget elementor-widget-heading\" data-id=\"c1b7c8b\" data-element_type=\"widget\" data-e-type=\"widget\" data-widget_type=\"heading.default\">\n\t\t\t\t<div class=\"elementor-widget-container\">\n\t\t\t\t\t<h2 class=\"elementor-heading-title elementor-size-default\">\u00bfPor qu\u00e9 Ulex?<\/h2>\t\t\t\t<\/div>\n\t\t\t\t<\/div>\n\t\t\t\t<div class=\"elementor-element elementor-element-76b08dd elementor-widget elementor-widget-text-editor\" data-id=\"76b08dd\" data-element_type=\"widget\" data-e-type=\"widget\" data-widget_type=\"text-editor.default\">\n\t\t\t\t<div class=\"elementor-widget-container\">\n\t\t\t\t\t\t\t\t\t<p class=\"p4\"><span class=\"s1\">Construir acci\u00f3n colectiva y empoderamiento personal no es f\u00e1cil. Una formaci\u00f3n de alta calidad ayuda: mejora nuestra base de habilidades, agudiza el an\u00e1lisis, apoya a nuestras organizaciones para encarnar nuestros valores y empodera a las personas para que aporten a nuestras luchas lo mejor de s\u00ed mismas.<\/span><\/p><br><br><blockquote>\r\n<p class=\"p4\">El motor del crecimiento neoliberal paralizado, un liderazgo pol\u00edtico insolvente, una sensaci\u00f3n creciente de injusticia distributiva y la urgencia apremiante del momento ecol\u00f3gico son las grietas entre las que puede emerger algo nuevo.<\/p>\r\n<\/blockquote><br>&nbsp;<br><br>Existe una necesidad identificada de estructuras eficaces de formaci\u00f3n a nivel paneuropeo. Durante los \u00faltimos cinco a\u00f1os, hemos innovado, llevado a cabo proyectos piloto y desarrollado redes. Hemos formado a cientos de activistas de m\u00e1s de 20 pa\u00edses a lo largo de decenas de miles de horas de formaci\u00f3n residencial. Hemos ofrecido apoyo a diversas organizaciones y colaborado con gran n\u00famero de organizaciones y facilitadores internacionales. Ahora echamos mano de toda esta experiencia para facilitar el Proyecto Ulex, para construir un programa efectivo de formaci\u00f3n paneuropeo para el impacto y la resiliencia de los movimientos sociales.<br><br>Los problemas que afrontamos est\u00e1n interconectados. Los problemas sist\u00e9micos requieren soluciones sist\u00e9micas y enfoques conectados. En nuestro mundo globalizado, los movimientos sociales y los generadores de cambio necesitan ampliar sus conexiones m\u00e1s all\u00e1 de fronteras, temas y sectores. Crear y fortalecer tales conexiones mejora tanto el impacto como la resiliencia. Compartir experiencias y aprendizaje aumenta la vitalidad y la capacidad de respuesta de los movimientos sociales. Es por eso que Ulex re\u00fane a personas de toda Europa, de diversos grupos y movimientos, para aprender juntas y construir solidaridad.\t\t\t\t\t\t\t\t<\/div>\n\t\t\t\t<\/div>\n\t\t\t\t<\/div>\n\t\t\t\t\t<\/div>\n\t\t\t\t<\/div>\n\t\t\t\t<\/div>\n\t\t","protected":false},"excerpt":{"rendered":"<p>\u00bfQu\u00e9 es Ulex? una\u00a0formaci\u00f3n\u00a0de alta calidad que desarrolla la capacidad de los movimientos sociales para la justicia social y la integridad ecol\u00f3gica un\u00a0centro de formaci\u00f3n residencial\u00a0que responde a las necesidades a largo plazo de los movimientos sociales una colaboraci\u00f3n y una innovaci\u00f3n para facilitar el desarrollo responsivo de la formaci\u00f3n para los movimientos sociales de [&hellip;]<\/p>\n","protected":false},"author":31770,"featured_media":3780,"parent":0,"menu_order":0,"comment_status":"closed","ping_status":"closed","template":"","meta":{"_acf_changed":false,"_mo_disable_npp":"","cybocfi_hide_featured_image":"","footnotes":""},"class_list":["post-18992","page","type-page","status-publish","has-post-thumbnail","hentry"],"acf":[],"yoast_head":"<!-- This site is optimized with the Yoast SEO plugin v27.3 - https:\/\/yoast.com\/product\/yoast-seo-wordpress\/ -->\n<title>Qu\u00e9 hacemos y por qu\u00e9 - Ulex<\/title>\n<meta name=\"robots\" content=\"index, follow, max-snippet:-1, max-image-preview:large, max-video-preview:-1\" \/>\n<link rel=\"canonical\" href=\"https:\/\/ulexproject.org\/es\/que-hacemos-y-por-que-2\/\" \/>\n<meta property=\"og:locale\" content=\"es_ES\" \/>\n<meta property=\"og:type\" content=\"article\" \/>\n<meta property=\"og:title\" content=\"Qu\u00e9 hacemos y por qu\u00e9 - Ulex\" \/>\n<meta property=\"og:description\" content=\"\u00bfQu\u00e9 es Ulex? una\u00a0formaci\u00f3n\u00a0de alta calidad que desarrolla la capacidad de los movimientos sociales para la justicia social y la integridad ecol\u00f3gica un\u00a0centro de formaci\u00f3n residencial\u00a0que responde a las necesidades a largo plazo de los movimientos sociales una colaboraci\u00f3n y una innovaci\u00f3n para facilitar el desarrollo responsivo de la formaci\u00f3n para los movimientos sociales de [&hellip;]\" \/>\n<meta property=\"og:url\" content=\"https:\/\/ulexproject.org\/es\/que-hacemos-y-por-que-2\/\" \/>\n<meta property=\"og:site_name\" content=\"Ulex\" \/>\n<meta property=\"article:modified_time\" content=\"2025-08-04T08:03:23+00:00\" \/>\n<meta property=\"og:image\" content=\"https:\/\/ulexproject.org\/wp-content\/uploads\/2017\/01\/h-IMG_1351-1-e1483700830759.jpg\" \/>\n\t<meta property=\"og:image:width\" content=\"1500\" \/>\n\t<meta property=\"og:image:height\" content=\"844\" \/>\n\t<meta property=\"og:image:type\" content=\"image\/jpeg\" \/>\n<meta name=\"twitter:card\" content=\"summary_large_image\" \/>\n<meta name=\"twitter:label1\" content=\"Tiempo de lectura\" \/>\n\t<meta name=\"twitter:data1\" content=\"2 minutos\" \/>\n<script type=\"application\/ld+json\" class=\"yoast-schema-graph\">{\"@context\":\"https:\\\/\\\/schema.org\",\"@graph\":[{\"@type\":\"WebPage\",\"@id\":\"https:\\\/\\\/ulexproject.org\\\/es\\\/que-hacemos-y-por-que-2\\\/\",\"url\":\"https:\\\/\\\/ulexproject.org\\\/es\\\/que-hacemos-y-por-que-2\\\/\",\"name\":\"Qu\u00e9 hacemos y por qu\u00e9 - Ulex\",\"isPartOf\":{\"@id\":\"https:\\\/\\\/ulexproject.org\\\/es\\\/#website\"},\"primaryImageOfPage\":{\"@id\":\"https:\\\/\\\/ulexproject.org\\\/es\\\/que-hacemos-y-por-que-2\\\/#primaryimage\"},\"image\":{\"@id\":\"https:\\\/\\\/ulexproject.org\\\/es\\\/que-hacemos-y-por-que-2\\\/#primaryimage\"},\"thumbnailUrl\":\"https:\\\/\\\/ulexproject.org\\\/wp-content\\\/uploads\\\/2017\\\/01\\\/h-IMG_1351-1-e1483700830759.jpg\",\"datePublished\":\"2025-08-04T08:03:22+00:00\",\"dateModified\":\"2025-08-04T08:03:23+00:00\",\"breadcrumb\":{\"@id\":\"https:\\\/\\\/ulexproject.org\\\/es\\\/que-hacemos-y-por-que-2\\\/#breadcrumb\"},\"inLanguage\":\"es\",\"potentialAction\":[{\"@type\":\"ReadAction\",\"target\":[\"https:\\\/\\\/ulexproject.org\\\/es\\\/que-hacemos-y-por-que-2\\\/\"]}]},{\"@type\":\"ImageObject\",\"inLanguage\":\"es\",\"@id\":\"https:\\\/\\\/ulexproject.org\\\/es\\\/que-hacemos-y-por-que-2\\\/#primaryimage\",\"url\":\"https:\\\/\\\/ulexproject.org\\\/wp-content\\\/uploads\\\/2017\\\/01\\\/h-IMG_1351-1-e1483700830759.jpg\",\"contentUrl\":\"https:\\\/\\\/ulexproject.org\\\/wp-content\\\/uploads\\\/2017\\\/01\\\/h-IMG_1351-1-e1483700830759.jpg\",\"width\":1500,\"height\":844},{\"@type\":\"BreadcrumbList\",\"@id\":\"https:\\\/\\\/ulexproject.org\\\/es\\\/que-hacemos-y-por-que-2\\\/#breadcrumb\",\"itemListElement\":[{\"@type\":\"ListItem\",\"position\":1,\"name\":\"Home\",\"item\":\"https:\\\/\\\/ulexproject.org\\\/es\\\/\"},{\"@type\":\"ListItem\",\"position\":2,\"name\":\"Qu\u00e9 hacemos y por qu\u00e9\"}]},{\"@type\":\"WebSite\",\"@id\":\"https:\\\/\\\/ulexproject.org\\\/es\\\/#website\",\"url\":\"https:\\\/\\\/ulexproject.org\\\/es\\\/\",\"name\":\"Ulex\",\"description\":\"TRAININGS FOR SOCIAL MOVEMENT IMPACT &amp; RESILIENCE\",\"publisher\":{\"@id\":\"https:\\\/\\\/ulexproject.org\\\/es\\\/#organization\"},\"potentialAction\":[{\"@type\":\"SearchAction\",\"target\":{\"@type\":\"EntryPoint\",\"urlTemplate\":\"https:\\\/\\\/ulexproject.org\\\/es\\\/?s={search_term_string}\"},\"query-input\":{\"@type\":\"PropertyValueSpecification\",\"valueRequired\":true,\"valueName\":\"search_term_string\"}}],\"inLanguage\":\"es\"},{\"@type\":\"Organization\",\"@id\":\"https:\\\/\\\/ulexproject.org\\\/es\\\/#organization\",\"name\":\"Ulex\",\"url\":\"https:\\\/\\\/ulexproject.org\\\/es\\\/\",\"logo\":{\"@type\":\"ImageObject\",\"inLanguage\":\"es\",\"@id\":\"https:\\\/\\\/ulexproject.org\\\/es\\\/#\\\/schema\\\/logo\\\/image\\\/\",\"url\":\"https:\\\/\\\/ulexproject.org\\\/wp-content\\\/uploads\\\/2016\\\/10\\\/ulex-new-logo.png\",\"contentUrl\":\"https:\\\/\\\/ulexproject.org\\\/wp-content\\\/uploads\\\/2016\\\/10\\\/ulex-new-logo.png\",\"width\":250,\"height\":133,\"caption\":\"Ulex\"},\"image\":{\"@id\":\"https:\\\/\\\/ulexproject.org\\\/es\\\/#\\\/schema\\\/logo\\\/image\\\/\"}}]}<\/script>\n<!-- \/ Yoast SEO plugin. -->","yoast_head_json":{"title":"Qu\u00e9 hacemos y por qu\u00e9 - Ulex","robots":{"index":"index","follow":"follow","max-snippet":"max-snippet:-1","max-image-preview":"max-image-preview:large","max-video-preview":"max-video-preview:-1"},"canonical":"https:\/\/ulexproject.org\/es\/que-hacemos-y-por-que-2\/","og_locale":"es_ES","og_type":"article","og_title":"Qu\u00e9 hacemos y por qu\u00e9 - Ulex","og_description":"\u00bfQu\u00e9 es Ulex? una\u00a0formaci\u00f3n\u00a0de alta calidad que desarrolla la capacidad de los movimientos sociales para la justicia social y la integridad ecol\u00f3gica un\u00a0centro de formaci\u00f3n residencial\u00a0que responde a las necesidades a largo plazo de los movimientos sociales una colaboraci\u00f3n y una innovaci\u00f3n para facilitar el desarrollo responsivo de la formaci\u00f3n para los movimientos sociales de [&hellip;]","og_url":"https:\/\/ulexproject.org\/es\/que-hacemos-y-por-que-2\/","og_site_name":"Ulex","article_modified_time":"2025-08-04T08:03:23+00:00","og_image":[{"width":1500,"height":844,"url":"https:\/\/ulexproject.org\/wp-content\/uploads\/2017\/01\/h-IMG_1351-1-e1483700830759.jpg","type":"image\/jpeg"}],"twitter_card":"summary_large_image","twitter_misc":{"Tiempo de lectura":"2 minutos"},"schema":{"@context":"https:\/\/schema.org","@graph":[{"@type":"WebPage","@id":"https:\/\/ulexproject.org\/es\/que-hacemos-y-por-que-2\/","url":"https:\/\/ulexproject.org\/es\/que-hacemos-y-por-que-2\/","name":"Qu\u00e9 hacemos y por qu\u00e9 - Ulex","isPartOf":{"@id":"https:\/\/ulexproject.org\/es\/#website"},"primaryImageOfPage":{"@id":"https:\/\/ulexproject.org\/es\/que-hacemos-y-por-que-2\/#primaryimage"},"image":{"@id":"https:\/\/ulexproject.org\/es\/que-hacemos-y-por-que-2\/#primaryimage"},"thumbnailUrl":"https:\/\/ulexproject.org\/wp-content\/uploads\/2017\/01\/h-IMG_1351-1-e1483700830759.jpg","datePublished":"2025-08-04T08:03:22+00:00","dateModified":"2025-08-04T08:03:23+00:00","breadcrumb":{"@id":"https:\/\/ulexproject.org\/es\/que-hacemos-y-por-que-2\/#breadcrumb"},"inLanguage":"es","potentialAction":[{"@type":"ReadAction","target":["https:\/\/ulexproject.org\/es\/que-hacemos-y-por-que-2\/"]}]},{"@type":"ImageObject","inLanguage":"es","@id":"https:\/\/ulexproject.org\/es\/que-hacemos-y-por-que-2\/#primaryimage","url":"https:\/\/ulexproject.org\/wp-content\/uploads\/2017\/01\/h-IMG_1351-1-e1483700830759.jpg","contentUrl":"https:\/\/ulexproject.org\/wp-content\/uploads\/2017\/01\/h-IMG_1351-1-e1483700830759.jpg","width":1500,"height":844},{"@type":"BreadcrumbList","@id":"https:\/\/ulexproject.org\/es\/que-hacemos-y-por-que-2\/#breadcrumb","itemListElement":[{"@type":"ListItem","position":1,"name":"Home","item":"https:\/\/ulexproject.org\/es\/"},{"@type":"ListItem","position":2,"name":"Qu\u00e9 hacemos y por qu\u00e9"}]},{"@type":"WebSite","@id":"https:\/\/ulexproject.org\/es\/#website","url":"https:\/\/ulexproject.org\/es\/","name":"Ulex","description":"TRAININGS FOR SOCIAL MOVEMENT IMPACT &amp; RESILIENCE","publisher":{"@id":"https:\/\/ulexproject.org\/es\/#organization"},"potentialAction":[{"@type":"SearchAction","target":{"@type":"EntryPoint","urlTemplate":"https:\/\/ulexproject.org\/es\/?s={search_term_string}"},"query-input":{"@type":"PropertyValueSpecification","valueRequired":true,"valueName":"search_term_string"}}],"inLanguage":"es"},{"@type":"Organization","@id":"https:\/\/ulexproject.org\/es\/#organization","name":"Ulex","url":"https:\/\/ulexproject.org\/es\/","logo":{"@type":"ImageObject","inLanguage":"es","@id":"https:\/\/ulexproject.org\/es\/#\/schema\/logo\/image\/","url":"https:\/\/ulexproject.org\/wp-content\/uploads\/2016\/10\/ulex-new-logo.png","contentUrl":"https:\/\/ulexproject.org\/wp-content\/uploads\/2016\/10\/ulex-new-logo.png","width":250,"height":133,"caption":"Ulex"},"image":{"@id":"https:\/\/ulexproject.org\/es\/#\/schema\/logo\/image\/"}}]}},"_links":{"self":[{"href":"https:\/\/ulexproject.org\/es\/wp-json\/wp\/v2\/pages\/18992","targetHints":{"allow":["GET"]}}],"collection":[{"href":"https:\/\/ulexproject.org\/es\/wp-json\/wp\/v2\/pages"}],"about":[{"href":"https:\/\/ulexproject.org\/es\/wp-json\/wp\/v2\/types\/page"}],"author":[{"embeddable":true,"href":"https:\/\/ulexproject.org\/es\/wp-json\/wp\/v2\/users\/31770"}],"replies":[{"embeddable":true,"href":"https:\/\/ulexproject.org\/es\/wp-json\/wp\/v2\/comments?post=18992"}],"version-history":[{"count":1,"href":"https:\/\/ulexproject.org\/es\/wp-json\/wp\/v2\/pages\/18992\/revisions"}],"predecessor-version":[{"id":18993,"href":"https:\/\/ulexproject.org\/es\/wp-json\/wp\/v2\/pages\/18992\/revisions\/18993"}],"wp:featuredmedia":[{"embeddable":true,"href":"https:\/\/ulexproject.org\/es\/wp-json\/wp\/v2\/media\/3780"}],"wp:attachment":[{"href":"https:\/\/ulexproject.org\/es\/wp-json\/wp\/v2\/media?parent=18992"}],"curies":[{"name":"wp","href":"https:\/\/api.w.org\/{rel}","templated":true}]}}