{"id":2765,"date":"2016-10-13T15:57:07","date_gmt":"2016-10-13T15:57:07","guid":{"rendered":"https:\/\/ulexproject.org\/what-we-do-why\/"},"modified":"2025-07-31T02:01:40","modified_gmt":"2025-07-31T02:01:40","slug":"que-hacemos-y-por-que","status":"publish","type":"page","link":"https:\/\/ulexproject.org\/es\/que-hacemos-y-por-que\/","title":{"rendered":"Qu\u00e9 hacemos y por qu\u00e9"},"content":{"rendered":"\t\t<div data-elementor-type=\"wp-page\" data-elementor-id=\"2765\" class=\"elementor elementor-2765\" data-elementor-settings=\"{&quot;element_pack_global_tooltip_width&quot;:{&quot;unit&quot;:&quot;px&quot;,&quot;size&quot;:&quot;&quot;,&quot;sizes&quot;:[]},&quot;element_pack_global_tooltip_width_tablet&quot;:{&quot;unit&quot;:&quot;px&quot;,&quot;size&quot;:&quot;&quot;,&quot;sizes&quot;:[]},&quot;element_pack_global_tooltip_width_mobile&quot;:{&quot;unit&quot;:&quot;px&quot;,&quot;size&quot;:&quot;&quot;,&quot;sizes&quot;:[]},&quot;element_pack_global_tooltip_padding&quot;:{&quot;unit&quot;:&quot;px&quot;,&quot;top&quot;:&quot;&quot;,&quot;right&quot;:&quot;&quot;,&quot;bottom&quot;:&quot;&quot;,&quot;left&quot;:&quot;&quot;,&quot;isLinked&quot;:true},&quot;element_pack_global_tooltip_padding_tablet&quot;:{&quot;unit&quot;:&quot;px&quot;,&quot;top&quot;:&quot;&quot;,&quot;right&quot;:&quot;&quot;,&quot;bottom&quot;:&quot;&quot;,&quot;left&quot;:&quot;&quot;,&quot;isLinked&quot;:true},&quot;element_pack_global_tooltip_padding_mobile&quot;:{&quot;unit&quot;:&quot;px&quot;,&quot;top&quot;:&quot;&quot;,&quot;right&quot;:&quot;&quot;,&quot;bottom&quot;:&quot;&quot;,&quot;left&quot;:&quot;&quot;,&quot;isLinked&quot;:true},&quot;element_pack_global_tooltip_border_radius&quot;:{&quot;unit&quot;:&quot;px&quot;,&quot;top&quot;:&quot;&quot;,&quot;right&quot;:&quot;&quot;,&quot;bottom&quot;:&quot;&quot;,&quot;left&quot;:&quot;&quot;,&quot;isLinked&quot;:true},&quot;element_pack_global_tooltip_border_radius_tablet&quot;:{&quot;unit&quot;:&quot;px&quot;,&quot;top&quot;:&quot;&quot;,&quot;right&quot;:&quot;&quot;,&quot;bottom&quot;:&quot;&quot;,&quot;left&quot;:&quot;&quot;,&quot;isLinked&quot;:true},&quot;element_pack_global_tooltip_border_radius_mobile&quot;:{&quot;unit&quot;:&quot;px&quot;,&quot;top&quot;:&quot;&quot;,&quot;right&quot;:&quot;&quot;,&quot;bottom&quot;:&quot;&quot;,&quot;left&quot;:&quot;&quot;,&quot;isLinked&quot;:true}}\" data-elementor-post-type=\"page\">\n\t\t\t\t<div class=\"elementor-element elementor-element-0904e0f e-con-full e-flex e-con e-parent\" data-id=\"0904e0f\" data-element_type=\"container\" data-e-type=\"container\">\n\t\t\t\t<div class=\"elementor-element elementor-element-05a5086 elementor-widget elementor-widget-template\" data-id=\"05a5086\" data-element_type=\"widget\" data-e-type=\"widget\" data-widget_type=\"template.default\">\n\t\t\t\t<div class=\"elementor-widget-container\">\n\t\t\t\t\t\t\t<div class=\"elementor-template\">\n\t\t\t\t\t<div data-elementor-type=\"container\" data-elementor-id=\"9466\" class=\"elementor elementor-9466\" data-elementor-post-type=\"elementor_library\">\n\t\t\t\t<div class=\"elementor-element elementor-element-7fd21df e-flex e-con-boxed e-con e-parent\" data-id=\"7fd21df\" data-element_type=\"container\" data-e-type=\"container\" data-settings=\"{&quot;background_background&quot;:&quot;gradient&quot;}\">\n\t\t\t\t\t<div class=\"e-con-inner\">\n\t\t<div class=\"elementor-element elementor-element-498aa85 e-con-full e-flex e-con e-child\" data-id=\"498aa85\" data-element_type=\"container\" data-e-type=\"container\">\n\t\t\t\t<\/div>\n\t\t\t\t\t<\/div>\n\t\t\t\t<\/div>\n\t\t\t\t<\/div>\n\t\t\t\t<\/div>\n\t\t\t\t\t\t<\/div>\n\t\t\t\t<\/div>\n\t\t\t\t<\/div>\n\t\t<div class=\"elementor-element elementor-element-a413c0f e-flex e-con-boxed e-con e-parent\" data-id=\"a413c0f\" data-element_type=\"container\" data-e-type=\"container\">\n\t\t\t\t\t<div class=\"e-con-inner\">\n\t\t<div class=\"elementor-element elementor-element-8016104 e-flex e-con-boxed e-con e-child\" data-id=\"8016104\" data-element_type=\"container\" data-e-type=\"container\">\n\t\t\t\t\t<div class=\"e-con-inner\">\n\t\t\t\t<div class=\"elementor-element elementor-element-d0f0cae elementor-widget elementor-widget-heading\" data-id=\"d0f0cae\" data-element_type=\"widget\" data-e-type=\"widget\" data-widget_type=\"heading.default\">\n\t\t\t\t<div class=\"elementor-widget-container\">\n\t\t\t\t\t<h2 class=\"elementor-heading-title elementor-size-default\">\u00bfQu\u00e9 es Ulex?<\/h2>\t\t\t\t<\/div>\n\t\t\t\t<\/div>\n\t\t\t\t<div class=\"elementor-element elementor-element-c2f4b9e elementor-widget elementor-widget-text-editor\" data-id=\"c2f4b9e\" data-element_type=\"widget\" data-e-type=\"widget\" data-widget_type=\"text-editor.default\">\n\t\t\t\t<div class=\"elementor-widget-container\">\n\t\t\t\t\t\t\t\t\t<ul><li class=\"p1\"><p>una\u00a0<a href=\"http:\/\/ulexproject.org\/courses_events\/?lang=es\">formaci\u00f3n<\/a>\u00a0de alta calidad que desarrolla la capacidad de los movimientos sociales para la justicia social y la integridad ecol\u00f3gica<b><\/b><\/p><\/li><li class=\"p1\"><p>un\u00a0<a href=\"http:\/\/ulexproject.org\/immersive-learning\/?lang=es\">centro de formaci\u00f3n residencial\u00a0<\/a>que responde a las necesidades a largo plazo de los movimientos sociales<\/p><\/li><li class=\"p1\"><p>una colaboraci\u00f3n y una innovaci\u00f3n para facilitar el desarrollo responsivo de la formaci\u00f3n para los movimientos sociales de Europa<b><\/b><\/p><\/li><li class=\"p1\"><p>un eje que fortalece las conexiones para la solidaridad paneuropea y la resiliencia de los movimientos sociales<\/p><\/li><\/ul>\t\t\t\t\t\t\t\t<\/div>\n\t\t\t\t<\/div>\n\t\t\t\t<div class=\"elementor-element elementor-element-9d68fcd elementor-widget elementor-widget-heading\" data-id=\"9d68fcd\" data-element_type=\"widget\" data-e-type=\"widget\" data-widget_type=\"heading.default\">\n\t\t\t\t<div class=\"elementor-widget-container\">\n\t\t\t\t\t<h2 class=\"elementor-heading-title elementor-size-default\">\u00bfPor qu\u00e9 ahora?<\/h2>\t\t\t\t<\/div>\n\t\t\t\t<\/div>\n\t\t\t\t<div class=\"elementor-element elementor-element-3405c5b elementor-widget elementor-widget-text-editor\" data-id=\"3405c5b\" data-element_type=\"widget\" data-e-type=\"widget\" data-widget_type=\"text-editor.default\">\n\t\t\t\t<div class=\"elementor-widget-container\">\n\t\t\t\t\t\t\t\t\t<p><span class=\"s1\">We\u2019re living at a historical point of disruption which contains both great peril and promise. The stalled engine of neoliberal growth, bankrupted political leadership, an increasing sense of distributive injustice, and the fierce urgency of the ecological now are the cracks out of which something new can emerge. The Ulex Project is about supporting our movements to contest our future \u2013 for social justice and ecological integrity.<\/span><\/p>\t\t\t\t\t\t\t\t<\/div>\n\t\t\t\t<\/div>\n\t\t\t\t<div class=\"elementor-element elementor-element-37816f4 elementor-widget elementor-widget-heading\" data-id=\"37816f4\" data-element_type=\"widget\" data-e-type=\"widget\" data-widget_type=\"heading.default\">\n\t\t\t\t<div class=\"elementor-widget-container\">\n\t\t\t\t\t<h2 class=\"elementor-heading-title elementor-size-default\">\u00bfPor qu\u00e9 Ulex?<\/h2>\t\t\t\t<\/div>\n\t\t\t\t<\/div>\n\t\t\t\t<div class=\"elementor-element elementor-element-d863c3d elementor-widget elementor-widget-text-editor\" data-id=\"d863c3d\" data-element_type=\"widget\" data-e-type=\"widget\" data-widget_type=\"text-editor.default\">\n\t\t\t\t<div class=\"elementor-widget-container\">\n\t\t\t\t\t\t\t\t\t<p>Construir acci\u00f3n colectiva y empoderamiento personal no es f\u00e1cil. Una formaci\u00f3n de alta calidad ayuda: mejora nuestra base de habilidades, agudiza el an\u00e1lisis, apoya a nuestras organizaciones para encarnar nuestros valores y empodera a las personas para que aporten a nuestras luchas lo mejor de s\u00ed mismas.<\/p>\t\t\t\t\t\t\t\t<\/div>\n\t\t\t\t<\/div>\n\t\t\t\t<div class=\"elementor-element elementor-element-e705aa1 elementor-widget__width-inherit elementor-blockquote--skin-border elementor-widget elementor-widget-blockquote\" data-id=\"e705aa1\" data-element_type=\"widget\" data-e-type=\"widget\" data-widget_type=\"blockquote.default\">\n\t\t\t\t<div class=\"elementor-widget-container\">\n\t\t\t\t\t\t\t<blockquote class=\"elementor-blockquote\">\n\t\t\t<p class=\"elementor-blockquote__content\">\n\t\t\t\tEl motor del crecimiento neoliberal paralizado, un liderazgo pol\u00edtico insolvente, una sensaci\u00f3n creciente de injusticia distributiva y la urgencia apremiante del momento ecol\u00f3gico son las grietas entre las que puede emerger algo nuevo.\t\t\t<\/p>\n\t\t\t\t\t<\/blockquote>\n\t\t\t\t\t\t<\/div>\n\t\t\t\t<\/div>\n\t\t\t\t<div class=\"elementor-element elementor-element-339c3e1 elementor-widget elementor-widget-text-editor\" data-id=\"339c3e1\" data-element_type=\"widget\" data-e-type=\"widget\" data-widget_type=\"text-editor.default\">\n\t\t\t\t<div class=\"elementor-widget-container\">\n\t\t\t\t\t\t\t\t\t<p>Existe una necesidad identificada de estructuras eficaces de formaci\u00f3n a nivel paneuropeo. Durante los \u00faltimos cinco a\u00f1os, hemos innovado, llevado a cabo proyectos piloto y desarrollado redes. Hemos formado a cientos de activistas de m\u00e1s de 20 pa\u00edses a lo largo de decenas de miles de horas de formaci\u00f3n residencial. Hemos ofrecido apoyo a diversas organizaciones y colaborado con gran n\u00famero de organizaciones y facilitadores internacionales. Ahora echamos mano de toda esta experiencia para facilitar el Proyecto Ulex, para construir un programa efectivo de formaci\u00f3n paneuropeo para el impacto y la resiliencia de los movimientos sociales.<\/p><p>Los problemas que afrontamos est\u00e1n interconectados. Los problemas sist\u00e9micos requieren soluciones sist\u00e9micas y enfoques conectados. En nuestro mundo globalizado, los movimientos sociales y los generadores de cambio necesitan ampliar sus conexiones m\u00e1s all\u00e1 de fronteras, temas y sectores. Crear y fortalecer tales conexiones mejora tanto el impacto como la resiliencia. Compartir experiencias y aprendizaje aumenta la vitalidad y la capacidad de respuesta de los movimientos sociales. Es por eso que Ulex re\u00fane a personas de toda Europa, de diversos grupos y movimientos, para aprender juntas y construir solidaridad.<\/p>\t\t\t\t\t\t\t\t<\/div>\n\t\t\t\t<\/div>\n\t\t\t\t\t<\/div>\n\t\t\t\t<\/div>\n\t\t\t\t\t<\/div>\n\t\t\t\t<\/div>\n\t\t\t\t<\/div>\n\t\t","protected":false},"excerpt":{"rendered":"<p>\u00bfQu\u00e9 es Ulex? una\u00a0formaci\u00f3n\u00a0de alta calidad que desarrolla la capacidad de los movimientos sociales para la justicia social y la integridad ecol\u00f3gica un\u00a0centro de formaci\u00f3n residencial\u00a0que responde a las necesidades a largo plazo de los movimientos sociales una colaboraci\u00f3n y una innovaci\u00f3n para facilitar el desarrollo responsivo de la formaci\u00f3n para los movimientos sociales de [&hellip;]<\/p>\n","protected":false},"author":3,"featured_media":3780,"parent":0,"menu_order":20,"comment_status":"closed","ping_status":"closed","template":"","meta":{"_acf_changed":false,"_mo_disable_npp":"","cybocfi_hide_featured_image":"","footnotes":""},"class_list":["post-2765","page","type-page","status-publish","has-post-thumbnail","hentry"],"acf":[],"yoast_head":"<!-- This site is optimized with the Yoast SEO plugin v27.5 - https:\/\/yoast.com\/product\/yoast-seo-wordpress\/ -->\n<title>Qu\u00e9 hacemos y por qu\u00e9 - Ulex<\/title>\n<meta name=\"robots\" content=\"index, follow, max-snippet:-1, max-image-preview:large, max-video-preview:-1\" \/>\n<link rel=\"canonical\" href=\"https:\/\/ulexproject.org\/es\/que-hacemos-y-por-que\/\" \/>\n<meta property=\"og:locale\" content=\"es_ES\" \/>\n<meta property=\"og:type\" content=\"article\" \/>\n<meta property=\"og:title\" content=\"Qu\u00e9 hacemos y por qu\u00e9 - Ulex\" \/>\n<meta property=\"og:description\" content=\"\u00bfQu\u00e9 es Ulex? una\u00a0formaci\u00f3n\u00a0de alta calidad que desarrolla la capacidad de los movimientos sociales para la justicia social y la integridad ecol\u00f3gica un\u00a0centro de formaci\u00f3n residencial\u00a0que responde a las necesidades a largo plazo de los movimientos sociales una colaboraci\u00f3n y una innovaci\u00f3n para facilitar el desarrollo responsivo de la formaci\u00f3n para los movimientos sociales de [&hellip;]\" \/>\n<meta property=\"og:url\" content=\"https:\/\/ulexproject.org\/es\/que-hacemos-y-por-que\/\" \/>\n<meta property=\"og:site_name\" content=\"Ulex\" \/>\n<meta property=\"article:modified_time\" content=\"2025-07-31T02:01:40+00:00\" \/>\n<meta property=\"og:image\" content=\"https:\/\/ulexproject.org\/wp-content\/uploads\/2017\/01\/h-IMG_1351-1-e1483700830759.jpg\" \/>\n\t<meta property=\"og:image:width\" content=\"1500\" \/>\n\t<meta property=\"og:image:height\" content=\"844\" \/>\n\t<meta property=\"og:image:type\" content=\"image\/jpeg\" \/>\n<meta name=\"twitter:card\" content=\"summary_large_image\" \/>\n<meta name=\"twitter:label1\" content=\"Tiempo de lectura\" \/>\n\t<meta name=\"twitter:data1\" content=\"2 minutos\" \/>\n<script type=\"application\/ld+json\" class=\"yoast-schema-graph\">{\"@context\":\"https:\\\/\\\/schema.org\",\"@graph\":[{\"@type\":\"WebPage\",\"@id\":\"https:\\\/\\\/ulexproject.org\\\/es\\\/que-hacemos-y-por-que\\\/\",\"url\":\"https:\\\/\\\/ulexproject.org\\\/es\\\/que-hacemos-y-por-que\\\/\",\"name\":\"Qu\u00e9 hacemos y por qu\u00e9 - Ulex\",\"isPartOf\":{\"@id\":\"https:\\\/\\\/ulexproject.org\\\/es\\\/#website\"},\"primaryImageOfPage\":{\"@id\":\"https:\\\/\\\/ulexproject.org\\\/es\\\/que-hacemos-y-por-que\\\/#primaryimage\"},\"image\":{\"@id\":\"https:\\\/\\\/ulexproject.org\\\/es\\\/que-hacemos-y-por-que\\\/#primaryimage\"},\"thumbnailUrl\":\"https:\\\/\\\/ulexproject.org\\\/wp-content\\\/uploads\\\/2017\\\/01\\\/h-IMG_1351-1-e1483700830759.jpg\",\"datePublished\":\"2016-10-13T15:57:07+00:00\",\"dateModified\":\"2025-07-31T02:01:40+00:00\",\"breadcrumb\":{\"@id\":\"https:\\\/\\\/ulexproject.org\\\/es\\\/que-hacemos-y-por-que\\\/#breadcrumb\"},\"inLanguage\":\"es\",\"potentialAction\":[{\"@type\":\"ReadAction\",\"target\":[\"https:\\\/\\\/ulexproject.org\\\/es\\\/que-hacemos-y-por-que\\\/\"]}]},{\"@type\":\"ImageObject\",\"inLanguage\":\"es\",\"@id\":\"https:\\\/\\\/ulexproject.org\\\/es\\\/que-hacemos-y-por-que\\\/#primaryimage\",\"url\":\"https:\\\/\\\/ulexproject.org\\\/wp-content\\\/uploads\\\/2017\\\/01\\\/h-IMG_1351-1-e1483700830759.jpg\",\"contentUrl\":\"https:\\\/\\\/ulexproject.org\\\/wp-content\\\/uploads\\\/2017\\\/01\\\/h-IMG_1351-1-e1483700830759.jpg\",\"width\":1500,\"height\":844},{\"@type\":\"BreadcrumbList\",\"@id\":\"https:\\\/\\\/ulexproject.org\\\/es\\\/que-hacemos-y-por-que\\\/#breadcrumb\",\"itemListElement\":[{\"@type\":\"ListItem\",\"position\":1,\"name\":\"Home\",\"item\":\"https:\\\/\\\/ulexproject.org\\\/es\\\/\"},{\"@type\":\"ListItem\",\"position\":2,\"name\":\"Qu\u00e9 hacemos y por qu\u00e9\"}]},{\"@type\":\"WebSite\",\"@id\":\"https:\\\/\\\/ulexproject.org\\\/es\\\/#website\",\"url\":\"https:\\\/\\\/ulexproject.org\\\/es\\\/\",\"name\":\"Ulex\",\"description\":\"TRAININGS FOR SOCIAL MOVEMENT IMPACT &amp; RESILIENCE\",\"publisher\":{\"@id\":\"https:\\\/\\\/ulexproject.org\\\/es\\\/#organization\"},\"potentialAction\":[{\"@type\":\"SearchAction\",\"target\":{\"@type\":\"EntryPoint\",\"urlTemplate\":\"https:\\\/\\\/ulexproject.org\\\/es\\\/?s={search_term_string}\"},\"query-input\":{\"@type\":\"PropertyValueSpecification\",\"valueRequired\":true,\"valueName\":\"search_term_string\"}}],\"inLanguage\":\"es\"},{\"@type\":\"Organization\",\"@id\":\"https:\\\/\\\/ulexproject.org\\\/es\\\/#organization\",\"name\":\"Ulex\",\"url\":\"https:\\\/\\\/ulexproject.org\\\/es\\\/\",\"logo\":{\"@type\":\"ImageObject\",\"inLanguage\":\"es\",\"@id\":\"https:\\\/\\\/ulexproject.org\\\/es\\\/#\\\/schema\\\/logo\\\/image\\\/\",\"url\":\"https:\\\/\\\/ulexproject.org\\\/wp-content\\\/uploads\\\/2016\\\/10\\\/ulex-new-logo.png\",\"contentUrl\":\"https:\\\/\\\/ulexproject.org\\\/wp-content\\\/uploads\\\/2016\\\/10\\\/ulex-new-logo.png\",\"width\":250,\"height\":133,\"caption\":\"Ulex\"},\"image\":{\"@id\":\"https:\\\/\\\/ulexproject.org\\\/es\\\/#\\\/schema\\\/logo\\\/image\\\/\"}}]}<\/script>\n<!-- \/ Yoast SEO plugin. -->","yoast_head_json":{"title":"Qu\u00e9 hacemos y por qu\u00e9 - Ulex","robots":{"index":"index","follow":"follow","max-snippet":"max-snippet:-1","max-image-preview":"max-image-preview:large","max-video-preview":"max-video-preview:-1"},"canonical":"https:\/\/ulexproject.org\/es\/que-hacemos-y-por-que\/","og_locale":"es_ES","og_type":"article","og_title":"Qu\u00e9 hacemos y por qu\u00e9 - Ulex","og_description":"\u00bfQu\u00e9 es Ulex? una\u00a0formaci\u00f3n\u00a0de alta calidad que desarrolla la capacidad de los movimientos sociales para la justicia social y la integridad ecol\u00f3gica un\u00a0centro de formaci\u00f3n residencial\u00a0que responde a las necesidades a largo plazo de los movimientos sociales una colaboraci\u00f3n y una innovaci\u00f3n para facilitar el desarrollo responsivo de la formaci\u00f3n para los movimientos sociales de [&hellip;]","og_url":"https:\/\/ulexproject.org\/es\/que-hacemos-y-por-que\/","og_site_name":"Ulex","article_modified_time":"2025-07-31T02:01:40+00:00","og_image":[{"width":1500,"height":844,"url":"https:\/\/ulexproject.org\/wp-content\/uploads\/2017\/01\/h-IMG_1351-1-e1483700830759.jpg","type":"image\/jpeg"}],"twitter_card":"summary_large_image","twitter_misc":{"Tiempo de lectura":"2 minutos"},"schema":{"@context":"https:\/\/schema.org","@graph":[{"@type":"WebPage","@id":"https:\/\/ulexproject.org\/es\/que-hacemos-y-por-que\/","url":"https:\/\/ulexproject.org\/es\/que-hacemos-y-por-que\/","name":"Qu\u00e9 hacemos y por qu\u00e9 - Ulex","isPartOf":{"@id":"https:\/\/ulexproject.org\/es\/#website"},"primaryImageOfPage":{"@id":"https:\/\/ulexproject.org\/es\/que-hacemos-y-por-que\/#primaryimage"},"image":{"@id":"https:\/\/ulexproject.org\/es\/que-hacemos-y-por-que\/#primaryimage"},"thumbnailUrl":"https:\/\/ulexproject.org\/wp-content\/uploads\/2017\/01\/h-IMG_1351-1-e1483700830759.jpg","datePublished":"2016-10-13T15:57:07+00:00","dateModified":"2025-07-31T02:01:40+00:00","breadcrumb":{"@id":"https:\/\/ulexproject.org\/es\/que-hacemos-y-por-que\/#breadcrumb"},"inLanguage":"es","potentialAction":[{"@type":"ReadAction","target":["https:\/\/ulexproject.org\/es\/que-hacemos-y-por-que\/"]}]},{"@type":"ImageObject","inLanguage":"es","@id":"https:\/\/ulexproject.org\/es\/que-hacemos-y-por-que\/#primaryimage","url":"https:\/\/ulexproject.org\/wp-content\/uploads\/2017\/01\/h-IMG_1351-1-e1483700830759.jpg","contentUrl":"https:\/\/ulexproject.org\/wp-content\/uploads\/2017\/01\/h-IMG_1351-1-e1483700830759.jpg","width":1500,"height":844},{"@type":"BreadcrumbList","@id":"https:\/\/ulexproject.org\/es\/que-hacemos-y-por-que\/#breadcrumb","itemListElement":[{"@type":"ListItem","position":1,"name":"Home","item":"https:\/\/ulexproject.org\/es\/"},{"@type":"ListItem","position":2,"name":"Qu\u00e9 hacemos y por qu\u00e9"}]},{"@type":"WebSite","@id":"https:\/\/ulexproject.org\/es\/#website","url":"https:\/\/ulexproject.org\/es\/","name":"Ulex","description":"TRAININGS FOR SOCIAL MOVEMENT IMPACT &amp; RESILIENCE","publisher":{"@id":"https:\/\/ulexproject.org\/es\/#organization"},"potentialAction":[{"@type":"SearchAction","target":{"@type":"EntryPoint","urlTemplate":"https:\/\/ulexproject.org\/es\/?s={search_term_string}"},"query-input":{"@type":"PropertyValueSpecification","valueRequired":true,"valueName":"search_term_string"}}],"inLanguage":"es"},{"@type":"Organization","@id":"https:\/\/ulexproject.org\/es\/#organization","name":"Ulex","url":"https:\/\/ulexproject.org\/es\/","logo":{"@type":"ImageObject","inLanguage":"es","@id":"https:\/\/ulexproject.org\/es\/#\/schema\/logo\/image\/","url":"https:\/\/ulexproject.org\/wp-content\/uploads\/2016\/10\/ulex-new-logo.png","contentUrl":"https:\/\/ulexproject.org\/wp-content\/uploads\/2016\/10\/ulex-new-logo.png","width":250,"height":133,"caption":"Ulex"},"image":{"@id":"https:\/\/ulexproject.org\/es\/#\/schema\/logo\/image\/"}}]}},"_links":{"self":[{"href":"https:\/\/ulexproject.org\/es\/wp-json\/wp\/v2\/pages\/2765","targetHints":{"allow":["GET"]}}],"collection":[{"href":"https:\/\/ulexproject.org\/es\/wp-json\/wp\/v2\/pages"}],"about":[{"href":"https:\/\/ulexproject.org\/es\/wp-json\/wp\/v2\/types\/page"}],"author":[{"embeddable":true,"href":"https:\/\/ulexproject.org\/es\/wp-json\/wp\/v2\/users\/3"}],"replies":[{"embeddable":true,"href":"https:\/\/ulexproject.org\/es\/wp-json\/wp\/v2\/comments?post=2765"}],"version-history":[{"count":35,"href":"https:\/\/ulexproject.org\/es\/wp-json\/wp\/v2\/pages\/2765\/revisions"}],"predecessor-version":[{"id":18933,"href":"https:\/\/ulexproject.org\/es\/wp-json\/wp\/v2\/pages\/2765\/revisions\/18933"}],"wp:featuredmedia":[{"embeddable":true,"href":"https:\/\/ulexproject.org\/es\/wp-json\/wp\/v2\/media\/3780"}],"wp:attachment":[{"href":"https:\/\/ulexproject.org\/es\/wp-json\/wp\/v2\/media?parent=2765"}],"curies":[{"name":"wp","href":"https:\/\/api.w.org\/{rel}","templated":true}]}}