{"id":2833,"date":"2016-10-14T10:25:35","date_gmt":"2016-10-14T10:25:35","guid":{"rendered":"https:\/\/ulexproject.org\/overview\/"},"modified":"2025-08-04T11:32:03","modified_gmt":"2025-08-04T11:32:03","slug":"overview","status":"publish","type":"page","link":"https:\/\/ulexproject.org\/es\/nuestro-enfoque\/overview\/","title":{"rendered":"Perspectiva general"},"content":{"rendered":"\t\t<div data-elementor-type=\"wp-page\" data-elementor-id=\"2833\" class=\"elementor elementor-2833 elementor-260\" data-elementor-settings=\"{&quot;element_pack_global_tooltip_width&quot;:{&quot;unit&quot;:&quot;px&quot;,&quot;size&quot;:&quot;&quot;,&quot;sizes&quot;:[]},&quot;element_pack_global_tooltip_width_tablet&quot;:{&quot;unit&quot;:&quot;px&quot;,&quot;size&quot;:&quot;&quot;,&quot;sizes&quot;:[]},&quot;element_pack_global_tooltip_width_mobile&quot;:{&quot;unit&quot;:&quot;px&quot;,&quot;size&quot;:&quot;&quot;,&quot;sizes&quot;:[]},&quot;element_pack_global_tooltip_padding&quot;:{&quot;unit&quot;:&quot;px&quot;,&quot;top&quot;:&quot;&quot;,&quot;right&quot;:&quot;&quot;,&quot;bottom&quot;:&quot;&quot;,&quot;left&quot;:&quot;&quot;,&quot;isLinked&quot;:true},&quot;element_pack_global_tooltip_padding_tablet&quot;:{&quot;unit&quot;:&quot;px&quot;,&quot;top&quot;:&quot;&quot;,&quot;right&quot;:&quot;&quot;,&quot;bottom&quot;:&quot;&quot;,&quot;left&quot;:&quot;&quot;,&quot;isLinked&quot;:true},&quot;element_pack_global_tooltip_padding_mobile&quot;:{&quot;unit&quot;:&quot;px&quot;,&quot;top&quot;:&quot;&quot;,&quot;right&quot;:&quot;&quot;,&quot;bottom&quot;:&quot;&quot;,&quot;left&quot;:&quot;&quot;,&quot;isLinked&quot;:true},&quot;element_pack_global_tooltip_border_radius&quot;:{&quot;unit&quot;:&quot;px&quot;,&quot;top&quot;:&quot;&quot;,&quot;right&quot;:&quot;&quot;,&quot;bottom&quot;:&quot;&quot;,&quot;left&quot;:&quot;&quot;,&quot;isLinked&quot;:true},&quot;element_pack_global_tooltip_border_radius_tablet&quot;:{&quot;unit&quot;:&quot;px&quot;,&quot;top&quot;:&quot;&quot;,&quot;right&quot;:&quot;&quot;,&quot;bottom&quot;:&quot;&quot;,&quot;left&quot;:&quot;&quot;,&quot;isLinked&quot;:true},&quot;element_pack_global_tooltip_border_radius_mobile&quot;:{&quot;unit&quot;:&quot;px&quot;,&quot;top&quot;:&quot;&quot;,&quot;right&quot;:&quot;&quot;,&quot;bottom&quot;:&quot;&quot;,&quot;left&quot;:&quot;&quot;,&quot;isLinked&quot;:true}}\" data-elementor-post-type=\"page\">\n\t\t\t\t<div class=\"elementor-element elementor-element-3476754 e-con-full e-flex e-con e-parent\" data-id=\"3476754\" data-element_type=\"container\" data-e-type=\"container\">\n\t\t\t\t<div class=\"elementor-element elementor-element-bf76acb elementor-widget elementor-widget-template\" data-id=\"bf76acb\" data-element_type=\"widget\" data-e-type=\"widget\" data-widget_type=\"template.default\">\n\t\t\t\t<div class=\"elementor-widget-container\">\n\t\t\t\t\t\t\t<div class=\"elementor-template\">\n\t\t\t\t\t<div data-elementor-type=\"container\" data-elementor-id=\"9466\" class=\"elementor elementor-9466\" data-elementor-post-type=\"elementor_library\">\n\t\t\t\t<div class=\"elementor-element elementor-element-7fd21df e-flex e-con-boxed e-con e-parent\" data-id=\"7fd21df\" data-element_type=\"container\" data-e-type=\"container\" data-settings=\"{&quot;background_background&quot;:&quot;gradient&quot;}\">\n\t\t\t\t\t<div class=\"e-con-inner\">\n\t\t<div class=\"elementor-element elementor-element-498aa85 e-con-full e-flex e-con e-child\" data-id=\"498aa85\" data-element_type=\"container\" data-e-type=\"container\">\n\t\t\t\t<\/div>\n\t\t\t\t\t<\/div>\n\t\t\t\t<\/div>\n\t\t\t\t<\/div>\n\t\t\t\t<\/div>\n\t\t\t\t\t\t<\/div>\n\t\t\t\t<\/div>\n\t\t\t\t<\/div>\n\t\t<div class=\"elementor-element elementor-element-be71bf3 e-flex e-con-boxed e-con e-parent\" data-id=\"be71bf3\" data-element_type=\"container\" data-e-type=\"container\">\n\t\t\t\t\t<div class=\"e-con-inner\">\n\t\t<div class=\"elementor-element elementor-element-c17672c e-flex e-con-boxed e-con e-child\" data-id=\"c17672c\" data-element_type=\"container\" data-e-type=\"container\">\n\t\t\t\t\t<div class=\"e-con-inner\">\n\t\t\t\t<div class=\"elementor-element elementor-element-ab4482d elementor-widget elementor-widget-heading\" data-id=\"ab4482d\" data-element_type=\"widget\" data-e-type=\"widget\" data-widget_type=\"heading.default\">\n\t\t\t\t<div class=\"elementor-widget-container\">\n\t\t\t\t\t<h2 class=\"elementor-heading-title elementor-size-default\">El Proyecto Ulex brindar\u00e1 lo mejor en capacitaci\u00f3n en movimientos sociales para activistas, creadores de cambios y organizaciones.<\/h2>\t\t\t\t<\/div>\n\t\t\t\t<\/div>\n\t\t\t\t<div class=\"elementor-element elementor-element-65ffe9b elementor-widget elementor-widget-heading\" data-id=\"65ffe9b\" data-element_type=\"widget\" data-e-type=\"widget\" data-widget_type=\"heading.default\">\n\t\t\t\t<div class=\"elementor-widget-container\">\n\t\t\t\t\t<h2 class=\"elementor-heading-title elementor-size-default\">EL PROGRAMA<\/h2>\t\t\t\t<\/div>\n\t\t\t\t<\/div>\n\t\t\t\t<div class=\"elementor-element elementor-element-fc91e71 elementor-widget elementor-widget-text-editor\" data-id=\"fc91e71\" data-element_type=\"widget\" data-e-type=\"widget\" data-widget_type=\"text-editor.default\">\n\t\t\t\t<div class=\"elementor-widget-container\">\n\t\t\t\t\t\t\t\t\t<ul>\n<li>cont\u00e9 un nucli de formacions distintives que exemplifiquen <a href=\"http:\/\/ulexproject.org\/integral-activist-training\/?lang=ca\">la Formaci\u00f3 Integral per a activistes<\/a><\/li>\n<li>representa una mostra de millors pr\u00e0ctiques de la m\u00e0 de <a href=\"https:\/\/ulexproject.org\/ca\/?page_id=2868&amp;lang=ca\">formadores i col\u00b7lectius<\/a> convidats<\/li>\n<li>fomenta la innovaci\u00f3 i les comunitats d\u2019indagaci\u00f3<\/li>\n<li>ofereix un disseny responsiu i formacions personalitzades<\/li>\n<\/ul>\n\t\t\t\t\t\t\t\t<\/div>\n\t\t\t\t<\/div>\n\t\t\t\t<div class=\"elementor-element elementor-element-fa105a3 elementor-widget elementor-widget-heading\" data-id=\"fa105a3\" data-element_type=\"widget\" data-e-type=\"widget\" data-widget_type=\"heading.default\">\n\t\t\t\t<div class=\"elementor-widget-container\">\n\t\t\t\t\t<h2 class=\"elementor-heading-title elementor-size-default\">FORMACIONS DISTINTIVES<\/h2>\t\t\t\t<\/div>\n\t\t\t\t<\/div>\n\t\t\t\t<div class=\"elementor-element elementor-element-309947c elementor-widget elementor-widget-text-editor\" data-id=\"309947c\" data-element_type=\"widget\" data-e-type=\"widget\" data-widget_type=\"text-editor.default\">\n\t\t\t\t<div class=\"elementor-widget-container\">\n\t\t\t\t\t\t\t\t\t<p>Fa for\u00e7a anys que ens dediquem a innovar i desenvolupar formacions per a moviments socials. La nostra tasca ha donat forma i ha inspirat iniciatives de formaci\u00f3 arreu d\u2019Europa i est\u00e0 conformada per all\u00f2 que nosaltres anomenem\u00a0<a href=\"http:\/\/ulexproject.org\/integral-activist-training\/?lang=ca\">Formaci\u00f3 Integral per a activistes<\/a>. Les formacions distintives aprofiten el millor d\u2019aquest treball. Entre aquestes formacions, hi trobar\u00e0s la nostra altament respectada tasca en sostenibilitat i resili\u00e8ncia per a activistes i grups, com tamb\u00e9 aplicacions innovadores de perspectives reflexives i contemplatives m\u00e9s profundes per a apoderar l\u2019ag\u00e8ncia social.<\/p>\n\t\t\t\t\t\t\t\t<\/div>\n\t\t\t\t<\/div>\n\t\t\t\t<div class=\"elementor-element elementor-element-5709ddb elementor-widget elementor-widget-text-editor\" data-id=\"5709ddb\" data-element_type=\"widget\" data-e-type=\"widget\" data-widget_type=\"text-editor.default\">\n\t\t\t\t<div class=\"elementor-widget-container\">\n\t\t\t\t\t\t\t\t\t<ul>\n<li><a href=\"http:\/\/ulexproject.org\/wp-content\/uploads\/2017\/02\/sustainable-activism-ulex-signature-trainings.pdf\" target=\"_blank\" rel=\"noopener\">Activisme sostenible<\/a>: un conjunt de formacions que proposen eines i habilitats per a sostenir-nos i construir organitzacions resilients.<\/li>\n<li><a href=\"http:\/\/ulexproject.org\/wp-content\/uploads\/2017\/01\/trans-coll-publication1.pdf\" target=\"_blank\" rel=\"noopener\">Col\u00b7laboraci\u00f3 transformadora<\/a>: aquests cursos exploren els reptes de treballar amb altra gent; com els podem convertir en oportunitats transformadores, i com podem desenvolupar unes organitzacions \u00e0gils i efectives.<\/li>\n<li>Mindfulness per al canvi social: aprofitar el poder de l\u2019atenci\u00f3 i la consci\u00e8ncia plenes.<\/li>\n<li>Eines creatives per al canvi social: enfocaments multidisciplinaris i transversals en els quals s\u2019apliquen eines creatives per a l\u2019apoderament comunitari, el desenvolupament de campanyes i l\u2019acci\u00f3 directa.<\/li>\n<\/ul>\n\t\t\t\t\t\t\t\t<\/div>\n\t\t\t\t<\/div>\n\t\t\t\t<div class=\"elementor-element elementor-element-6e93a7d elementor-widget elementor-widget-heading\" data-id=\"6e93a7d\" data-element_type=\"widget\" data-e-type=\"widget\" data-widget_type=\"heading.default\">\n\t\t\t\t<div class=\"elementor-widget-container\">\n\t\t\t\t\t<h2 class=\"elementor-heading-title elementor-size-default\">MOSTRA DE MILLORS PR\u00c0CTIQUES<\/h2>\t\t\t\t<\/div>\n\t\t\t\t<\/div>\n\t\t\t\t<div class=\"elementor-element elementor-element-5038298 elementor-widget elementor-widget-text-editor\" data-id=\"5038298\" data-element_type=\"widget\" data-e-type=\"widget\" data-widget_type=\"text-editor.default\">\n\t\t\t\t<div class=\"elementor-widget-container\">\n\t\t\t\t\t\t\t\t\t<p>Per a mantenir-nos sempre al dia, solem convidar professionals i col\u00b7lectius que duen a terme un treball excepcional en l\u2019\u00e0mbit de l\u2019educaci\u00f3 i la formaci\u00f3 per al canvi social. Aix\u00ed podem servir d\u2019aparador per a les millors pr\u00e0ctiques i compartir-les; millorar el nostre propi aprenentatge, i fomentar la pol\u00b7linitzaci\u00f3 creuada de diverses perspectives. Treballem amb una \u00e0mplia xarxa de\u00a0<a href=\"http:\/\/ulexproject.org\/who-we-are\/trainer-network\/?lang=ca\">companyes<\/a>\u00a0i\u00a0<a href=\"http:\/\/ulexproject.org\/who-we-are\/advisory-group\/?lang=ca\">assessores<\/a>\u00a0per a avaluar iniciatives internacionals, i sempre tenim molt d\u2019inter\u00e8s per connectar amb professionals i organitzacions que comparteixin la nostra passi\u00f3.<\/p>\n\t\t\t\t\t\t\t\t<\/div>\n\t\t\t\t<\/div>\n\t\t\t\t<div class=\"elementor-element elementor-element-613962a elementor-widget elementor-widget-heading\" data-id=\"613962a\" data-element_type=\"widget\" data-e-type=\"widget\" data-widget_type=\"heading.default\">\n\t\t\t\t<div class=\"elementor-widget-container\">\n\t\t\t\t\t<h2 class=\"elementor-heading-title elementor-size-default\">FOMENT DE LA INNOVACI\u00d3 I LES COMUNITATS D\u2019INDAGACI\u00d3<\/h2>\t\t\t\t<\/div>\n\t\t\t\t<\/div>\n\t\t<div class=\"elementor-element elementor-element-f6ba48b e-grid e-con-boxed e-con e-child\" data-id=\"f6ba48b\" data-element_type=\"container\" data-e-type=\"container\">\n\t\t\t\t\t<div class=\"e-con-inner\">\n\t\t\t\t<div class=\"elementor-element elementor-element-e243976 elementor-widget elementor-widget-text-editor\" data-id=\"e243976\" data-element_type=\"widget\" data-e-type=\"widget\" data-widget_type=\"text-editor.default\">\n\t\t\t\t<div class=\"elementor-widget-container\">\n\t\t\t\t\t\t\t\t\t<p><img fetchpriority=\"high\" decoding=\"async\" class=\"size-full wp-image-1277 alignright\" src=\"https:\/\/ulexproject.org\/wp-content\/uploads\/2017\/01\/body-IMG_1293-resized.jpg\" alt=\"\" width=\"350\" height=\"350\" srcset=\"https:\/\/ulexproject.org\/wp-content\/uploads\/2017\/01\/body-IMG_1293-resized.jpg 350w, https:\/\/ulexproject.org\/wp-content\/uploads\/2017\/01\/body-IMG_1293-resized-150x150.jpg 150w\" sizes=\"(max-width: 350px) 100vw, 350px\" \/><\/p>\n<p>Les coses canvien. Abra\u00e7ar la imperman\u00e8ncia i cercar el potencial creatiu que aquesta amaga \u00e9s clau per a la nostra efectivitat. Seguir un pressentiment, prendre riscos, reunir diverses persones i influ\u00e8ncies diferents\u2026, s\u00f3n coses que sabem fer b\u00e9. Aix\u00ed han nascut formacions i programes nous i d\u2019\u00e8xit. Estem compromesos amb fomentar la innovaci\u00f3 i reunir professionals en noves sinergies. Acollim converses explorat\u00f2ries i intercanvis d\u2019habilitats; fomentem noves perspectives i metodologies, i mantenim al dia la nostra pr\u00f2pia visi\u00f3 a trav\u00e9s de la curiositat. Tot aix\u00f2 queda plasmat en un seguit de comunitats de reflexi\u00f3, seminaris i laboratoris vivents. A m\u00e9s, cada estiu acollim el Projecte Eroles, gestionat de manera aut\u00f2noma, en el qual deixem que processos emergents i radicalment participatius refresquin el nostre esperit de reflexi\u00f3 innovadora.<\/p>\n<p>Algunes de les formacions i indagacions innovadores que estem desenvolupant i recolzant actualment inclouen:<\/p>\n<p>\u2022 Recursos per a la resili\u00e8ncia: Habilitats per a intervenir en el trauma<br \/>\u2022 Formaci\u00f3 per a la seguretat hol\u00edstica<br \/>\u2022 Perspectives radicals per a la diversitat: Una comunitat d\u2019indagaci\u00f3 profunda<br \/>\u2022 Ecologia dels moviments socials: Ag\u00e8ncia, teoria i estrat\u00e8gies<\/p>\n\t\t\t\t\t\t\t\t<\/div>\n\t\t\t\t<\/div>\n\t\t\t\t\t<\/div>\n\t\t\t\t<\/div>\n\t\t\t\t<div class=\"elementor-element elementor-element-4ca7a33 elementor-widget elementor-widget-heading\" data-id=\"4ca7a33\" data-element_type=\"widget\" data-e-type=\"widget\" data-widget_type=\"heading.default\">\n\t\t\t\t<div class=\"elementor-widget-container\">\n\t\t\t\t\t<h2 class=\"elementor-heading-title elementor-size-default\">DISSENY RESPONSIU<\/h2>\t\t\t\t<\/div>\n\t\t\t\t<\/div>\n\t\t\t\t<div class=\"elementor-element elementor-element-d197ab9 elementor-widget elementor-widget-text-editor\" data-id=\"d197ab9\" data-element_type=\"widget\" data-e-type=\"widget\" data-widget_type=\"text-editor.default\">\n\t\t\t\t<div class=\"elementor-widget-container\">\n\t\t\t\t\t\t\t\t\t<p>Ens associem amb organitzacions i grups per tal d\u2019ajudar-los a identificar les seves necessitats de formaci\u00f3 i, despr\u00e9s, dissenyem i desenvolupem programes de formaci\u00f3 per tal de cobrir aquestes necessitats. Aquestes formacions personalitzades es creen en col\u00b7laboraci\u00f3 amb les\u00a0<a href=\"http:\/\/ulexproject.org\/who-we-are\/partner-organisations\/?lang=ca\">organitzacions associades<\/a>\u00a0per assegurar que siguin rellevants i eficaces.<\/p>\n<p>Ens mantenim atentes a q\u00fcestions i preocupacions de rellev\u00e0ncia paneuropea i procurem reunir els sectors, els grups i les persones pertinents per compartir experi\u00e8ncies i aprenentatges entre les organitzacions i els moviments. Mitjan\u00e7ant la identificaci\u00f3 de necessitats emergents i canviants, dissenyem les nostres formacions per ajudar els nostres moviments a mantenir-se sans, din\u00e0mics i rellevants.<\/p>\n\t\t\t\t\t\t\t\t<\/div>\n\t\t\t\t<\/div>\n\t\t\t\t<div class=\"elementor-element elementor-element-a6c1d3d elementor-widget elementor-widget-heading\" data-id=\"a6c1d3d\" data-element_type=\"widget\" data-e-type=\"widget\" data-widget_type=\"heading.default\">\n\t\t\t\t<div class=\"elementor-widget-container\">\n\t\t\t\t\t<h2 class=\"elementor-heading-title elementor-size-default\">CONSECUCI\u00d3 DE RECURSOS<\/h2>\t\t\t\t<\/div>\n\t\t\t\t<\/div>\n\t\t\t\t<div class=\"elementor-element elementor-element-57ed66f elementor-widget elementor-widget-text-editor\" data-id=\"57ed66f\" data-element_type=\"widget\" data-e-type=\"widget\" data-widget_type=\"text-editor.default\">\n\t\t\t\t<div class=\"elementor-widget-container\">\n\t\t\t\t\t\t\t\t\t<p>Per a molts grups i organitzacions, resulta dif\u00edcil generar recursos per a accedir a la formaci\u00f3, trobar un espai per a reflexionar en profunditat sobre l\u2019experi\u00e8ncia, incorporar l\u2019aprenentatge a les seves pr\u00e0ctiques o crear m\u00e9s capacitat estrat\u00e8gica. Per tant, ajudem a aconseguir subvencions per facilitar-ne l\u2019acc\u00e9s a grups i organitzacions. D\u2019aquesta manera, els donem la possibilitat de desenvolupar capacitats de la manera que valorin m\u00e9s important per a la realitzaci\u00f3 dels seus objectius. Aquests programes de formaci\u00f3 i processos organitzatius personalitzats poden anar des de cursos puntuals a estrat\u00e8gies per a diversos anys.\u00a0<a href=\"http:\/\/ulexproject.org\/contact-us\/?lang=ca\">Posa\u2019t en contacte<\/a>\u00a0amb nosaltres si vols que ajudem la teva organitzaci\u00f3 o el teu grup a accedir a formacions de desenvolupament de capacitats.<\/p>\n\t\t\t\t\t\t\t\t<\/div>\n\t\t\t\t<\/div>\n\t\t\t\t\t<\/div>\n\t\t\t\t<\/div>\n\t\t\t\t\t<\/div>\n\t\t\t\t<\/div>\n\t\t\t\t<\/div>\n\t\t","protected":false},"excerpt":{"rendered":"<p>EL PROGRAMA cont\u00e9 un nucli de formacions distintives que exemplifiquen la Formaci\u00f3 Integral per a activistes representa una mostra de millors pr\u00e0ctiques de la m\u00e0 de formadores i col\u00b7lectius convidats fomenta la innovaci\u00f3 i les comunitats d\u2019indagaci\u00f3 ofereix un disseny responsiu i formacions personalitzades FORMACIONS DISTINTIVES Fa for\u00e7a anys que ens dediquem a innovar i [&hellip;]<\/p>\n","protected":false},"author":3,"featured_media":19008,"parent":11541,"menu_order":0,"comment_status":"closed","ping_status":"closed","template":"","meta":{"_acf_changed":false,"_mo_disable_npp":"","cybocfi_hide_featured_image":"","footnotes":""},"class_list":["post-2833","page","type-page","status-publish","has-post-thumbnail","hentry"],"acf":[],"yoast_head":"<!-- This site is optimized with the Yoast SEO plugin v27.3 - https:\/\/yoast.com\/product\/yoast-seo-wordpress\/ -->\n<title>Perspectiva general - Ulex<\/title>\n<meta name=\"robots\" content=\"index, follow, max-snippet:-1, max-image-preview:large, max-video-preview:-1\" \/>\n<link rel=\"canonical\" href=\"https:\/\/ulexproject.org\/es\/nuestro-enfoque\/overview\/\" \/>\n<meta property=\"og:locale\" content=\"es_ES\" \/>\n<meta property=\"og:type\" content=\"article\" \/>\n<meta property=\"og:title\" content=\"Perspectiva general - Ulex\" \/>\n<meta property=\"og:description\" content=\"EL PROGRAMA cont\u00e9 un nucli de formacions distintives que exemplifiquen la Formaci\u00f3 Integral per a activistes representa una mostra de millors pr\u00e0ctiques de la m\u00e0 de formadores i col\u00b7lectius convidats fomenta la innovaci\u00f3 i les comunitats d\u2019indagaci\u00f3 ofereix un disseny responsiu i formacions personalitzades FORMACIONS DISTINTIVES Fa for\u00e7a anys que ens dediquem a innovar i [&hellip;]\" \/>\n<meta property=\"og:url\" content=\"https:\/\/ulexproject.org\/es\/nuestro-enfoque\/overview\/\" \/>\n<meta property=\"og:site_name\" content=\"Ulex\" \/>\n<meta property=\"article:modified_time\" content=\"2025-08-04T11:32:03+00:00\" \/>\n<meta property=\"og:image\" content=\"https:\/\/ulexproject.org\/wp-content\/uploads\/2016\/10\/ULEX-BR-scan-crop-double-2.jpg\" \/>\n\t<meta property=\"og:image:width\" content=\"1119\" \/>\n\t<meta property=\"og:image:height\" content=\"746\" \/>\n\t<meta property=\"og:image:type\" content=\"image\/jpeg\" \/>\n<meta name=\"twitter:card\" content=\"summary_large_image\" \/>\n<meta name=\"twitter:label1\" content=\"Tiempo de lectura\" \/>\n\t<meta name=\"twitter:data1\" content=\"4 minutos\" \/>\n<script type=\"application\/ld+json\" class=\"yoast-schema-graph\">{\"@context\":\"https:\\\/\\\/schema.org\",\"@graph\":[{\"@type\":\"WebPage\",\"@id\":\"https:\\\/\\\/ulexproject.org\\\/es\\\/nuestro-enfoque\\\/overview\\\/\",\"url\":\"https:\\\/\\\/ulexproject.org\\\/es\\\/nuestro-enfoque\\\/overview\\\/\",\"name\":\"Perspectiva general - Ulex\",\"isPartOf\":{\"@id\":\"https:\\\/\\\/ulexproject.org\\\/es\\\/#website\"},\"primaryImageOfPage\":{\"@id\":\"https:\\\/\\\/ulexproject.org\\\/es\\\/nuestro-enfoque\\\/overview\\\/#primaryimage\"},\"image\":{\"@id\":\"https:\\\/\\\/ulexproject.org\\\/es\\\/nuestro-enfoque\\\/overview\\\/#primaryimage\"},\"thumbnailUrl\":\"https:\\\/\\\/ulexproject.org\\\/wp-content\\\/uploads\\\/2016\\\/10\\\/ULEX-BR-scan-crop-double-2.jpg\",\"datePublished\":\"2016-10-14T10:25:35+00:00\",\"dateModified\":\"2025-08-04T11:32:03+00:00\",\"breadcrumb\":{\"@id\":\"https:\\\/\\\/ulexproject.org\\\/es\\\/nuestro-enfoque\\\/overview\\\/#breadcrumb\"},\"inLanguage\":\"es\",\"potentialAction\":[{\"@type\":\"ReadAction\",\"target\":[\"https:\\\/\\\/ulexproject.org\\\/es\\\/nuestro-enfoque\\\/overview\\\/\"]}]},{\"@type\":\"ImageObject\",\"inLanguage\":\"es\",\"@id\":\"https:\\\/\\\/ulexproject.org\\\/es\\\/nuestro-enfoque\\\/overview\\\/#primaryimage\",\"url\":\"https:\\\/\\\/ulexproject.org\\\/wp-content\\\/uploads\\\/2016\\\/10\\\/ULEX-BR-scan-crop-double-2.jpg\",\"contentUrl\":\"https:\\\/\\\/ulexproject.org\\\/wp-content\\\/uploads\\\/2016\\\/10\\\/ULEX-BR-scan-crop-double-2.jpg\",\"width\":1119,\"height\":746},{\"@type\":\"BreadcrumbList\",\"@id\":\"https:\\\/\\\/ulexproject.org\\\/es\\\/nuestro-enfoque\\\/overview\\\/#breadcrumb\",\"itemListElement\":[{\"@type\":\"ListItem\",\"position\":1,\"name\":\"Home\",\"item\":\"https:\\\/\\\/ulexproject.org\\\/es\\\/\"},{\"@type\":\"ListItem\",\"position\":2,\"name\":\"Nuestro enfoque\",\"item\":\"https:\\\/\\\/ulexproject.org\\\/es\\\/nuestro-enfoque\\\/\"},{\"@type\":\"ListItem\",\"position\":3,\"name\":\"Perspectiva general\"}]},{\"@type\":\"WebSite\",\"@id\":\"https:\\\/\\\/ulexproject.org\\\/es\\\/#website\",\"url\":\"https:\\\/\\\/ulexproject.org\\\/es\\\/\",\"name\":\"Ulex\",\"description\":\"TRAININGS FOR SOCIAL MOVEMENT IMPACT &amp; RESILIENCE\",\"publisher\":{\"@id\":\"https:\\\/\\\/ulexproject.org\\\/es\\\/#organization\"},\"potentialAction\":[{\"@type\":\"SearchAction\",\"target\":{\"@type\":\"EntryPoint\",\"urlTemplate\":\"https:\\\/\\\/ulexproject.org\\\/es\\\/?s={search_term_string}\"},\"query-input\":{\"@type\":\"PropertyValueSpecification\",\"valueRequired\":true,\"valueName\":\"search_term_string\"}}],\"inLanguage\":\"es\"},{\"@type\":\"Organization\",\"@id\":\"https:\\\/\\\/ulexproject.org\\\/es\\\/#organization\",\"name\":\"Ulex\",\"url\":\"https:\\\/\\\/ulexproject.org\\\/es\\\/\",\"logo\":{\"@type\":\"ImageObject\",\"inLanguage\":\"es\",\"@id\":\"https:\\\/\\\/ulexproject.org\\\/es\\\/#\\\/schema\\\/logo\\\/image\\\/\",\"url\":\"https:\\\/\\\/ulexproject.org\\\/wp-content\\\/uploads\\\/2016\\\/10\\\/ulex-new-logo.png\",\"contentUrl\":\"https:\\\/\\\/ulexproject.org\\\/wp-content\\\/uploads\\\/2016\\\/10\\\/ulex-new-logo.png\",\"width\":250,\"height\":133,\"caption\":\"Ulex\"},\"image\":{\"@id\":\"https:\\\/\\\/ulexproject.org\\\/es\\\/#\\\/schema\\\/logo\\\/image\\\/\"}}]}<\/script>\n<!-- \/ Yoast SEO plugin. -->","yoast_head_json":{"title":"Perspectiva general - Ulex","robots":{"index":"index","follow":"follow","max-snippet":"max-snippet:-1","max-image-preview":"max-image-preview:large","max-video-preview":"max-video-preview:-1"},"canonical":"https:\/\/ulexproject.org\/es\/nuestro-enfoque\/overview\/","og_locale":"es_ES","og_type":"article","og_title":"Perspectiva general - Ulex","og_description":"EL PROGRAMA cont\u00e9 un nucli de formacions distintives que exemplifiquen la Formaci\u00f3 Integral per a activistes representa una mostra de millors pr\u00e0ctiques de la m\u00e0 de formadores i col\u00b7lectius convidats fomenta la innovaci\u00f3 i les comunitats d\u2019indagaci\u00f3 ofereix un disseny responsiu i formacions personalitzades FORMACIONS DISTINTIVES Fa for\u00e7a anys que ens dediquem a innovar i [&hellip;]","og_url":"https:\/\/ulexproject.org\/es\/nuestro-enfoque\/overview\/","og_site_name":"Ulex","article_modified_time":"2025-08-04T11:32:03+00:00","og_image":[{"width":1119,"height":746,"url":"https:\/\/ulexproject.org\/wp-content\/uploads\/2016\/10\/ULEX-BR-scan-crop-double-2.jpg","type":"image\/jpeg"}],"twitter_card":"summary_large_image","twitter_misc":{"Tiempo de lectura":"4 minutos"},"schema":{"@context":"https:\/\/schema.org","@graph":[{"@type":"WebPage","@id":"https:\/\/ulexproject.org\/es\/nuestro-enfoque\/overview\/","url":"https:\/\/ulexproject.org\/es\/nuestro-enfoque\/overview\/","name":"Perspectiva general - Ulex","isPartOf":{"@id":"https:\/\/ulexproject.org\/es\/#website"},"primaryImageOfPage":{"@id":"https:\/\/ulexproject.org\/es\/nuestro-enfoque\/overview\/#primaryimage"},"image":{"@id":"https:\/\/ulexproject.org\/es\/nuestro-enfoque\/overview\/#primaryimage"},"thumbnailUrl":"https:\/\/ulexproject.org\/wp-content\/uploads\/2016\/10\/ULEX-BR-scan-crop-double-2.jpg","datePublished":"2016-10-14T10:25:35+00:00","dateModified":"2025-08-04T11:32:03+00:00","breadcrumb":{"@id":"https:\/\/ulexproject.org\/es\/nuestro-enfoque\/overview\/#breadcrumb"},"inLanguage":"es","potentialAction":[{"@type":"ReadAction","target":["https:\/\/ulexproject.org\/es\/nuestro-enfoque\/overview\/"]}]},{"@type":"ImageObject","inLanguage":"es","@id":"https:\/\/ulexproject.org\/es\/nuestro-enfoque\/overview\/#primaryimage","url":"https:\/\/ulexproject.org\/wp-content\/uploads\/2016\/10\/ULEX-BR-scan-crop-double-2.jpg","contentUrl":"https:\/\/ulexproject.org\/wp-content\/uploads\/2016\/10\/ULEX-BR-scan-crop-double-2.jpg","width":1119,"height":746},{"@type":"BreadcrumbList","@id":"https:\/\/ulexproject.org\/es\/nuestro-enfoque\/overview\/#breadcrumb","itemListElement":[{"@type":"ListItem","position":1,"name":"Home","item":"https:\/\/ulexproject.org\/es\/"},{"@type":"ListItem","position":2,"name":"Nuestro enfoque","item":"https:\/\/ulexproject.org\/es\/nuestro-enfoque\/"},{"@type":"ListItem","position":3,"name":"Perspectiva general"}]},{"@type":"WebSite","@id":"https:\/\/ulexproject.org\/es\/#website","url":"https:\/\/ulexproject.org\/es\/","name":"Ulex","description":"TRAININGS FOR SOCIAL MOVEMENT IMPACT &amp; RESILIENCE","publisher":{"@id":"https:\/\/ulexproject.org\/es\/#organization"},"potentialAction":[{"@type":"SearchAction","target":{"@type":"EntryPoint","urlTemplate":"https:\/\/ulexproject.org\/es\/?s={search_term_string}"},"query-input":{"@type":"PropertyValueSpecification","valueRequired":true,"valueName":"search_term_string"}}],"inLanguage":"es"},{"@type":"Organization","@id":"https:\/\/ulexproject.org\/es\/#organization","name":"Ulex","url":"https:\/\/ulexproject.org\/es\/","logo":{"@type":"ImageObject","inLanguage":"es","@id":"https:\/\/ulexproject.org\/es\/#\/schema\/logo\/image\/","url":"https:\/\/ulexproject.org\/wp-content\/uploads\/2016\/10\/ulex-new-logo.png","contentUrl":"https:\/\/ulexproject.org\/wp-content\/uploads\/2016\/10\/ulex-new-logo.png","width":250,"height":133,"caption":"Ulex"},"image":{"@id":"https:\/\/ulexproject.org\/es\/#\/schema\/logo\/image\/"}}]}},"_links":{"self":[{"href":"https:\/\/ulexproject.org\/es\/wp-json\/wp\/v2\/pages\/2833","targetHints":{"allow":["GET"]}}],"collection":[{"href":"https:\/\/ulexproject.org\/es\/wp-json\/wp\/v2\/pages"}],"about":[{"href":"https:\/\/ulexproject.org\/es\/wp-json\/wp\/v2\/types\/page"}],"author":[{"embeddable":true,"href":"https:\/\/ulexproject.org\/es\/wp-json\/wp\/v2\/users\/3"}],"replies":[{"embeddable":true,"href":"https:\/\/ulexproject.org\/es\/wp-json\/wp\/v2\/comments?post=2833"}],"version-history":[{"count":14,"href":"https:\/\/ulexproject.org\/es\/wp-json\/wp\/v2\/pages\/2833\/revisions"}],"predecessor-version":[{"id":19014,"href":"https:\/\/ulexproject.org\/es\/wp-json\/wp\/v2\/pages\/2833\/revisions\/19014"}],"up":[{"embeddable":true,"href":"https:\/\/ulexproject.org\/es\/wp-json\/wp\/v2\/pages\/11541"}],"wp:featuredmedia":[{"embeddable":true,"href":"https:\/\/ulexproject.org\/es\/wp-json\/wp\/v2\/media\/19008"}],"wp:attachment":[{"href":"https:\/\/ulexproject.org\/es\/wp-json\/wp\/v2\/media?parent=2833"}],"curies":[{"name":"wp","href":"https:\/\/api.w.org\/{rel}","templated":true}]}}