{"id":2887,"date":"2016-10-14T10:27:46","date_gmt":"2016-10-14T10:27:46","guid":{"rendered":"https:\/\/ulexproject.org\/donate\/"},"modified":"2026-02-27T08:44:20","modified_gmt":"2026-02-27T08:44:20","slug":"donaciones","status":"publish","type":"page","link":"https:\/\/ulexproject.org\/es\/donaciones\/","title":{"rendered":"Donaciones"},"content":{"rendered":"\t\t<div data-elementor-type=\"wp-page\" data-elementor-id=\"2887\" class=\"elementor elementor-2887 elementor-272\" data-elementor-settings=\"{&quot;element_pack_global_tooltip_width&quot;:{&quot;unit&quot;:&quot;px&quot;,&quot;size&quot;:&quot;&quot;,&quot;sizes&quot;:[]},&quot;element_pack_global_tooltip_width_tablet&quot;:{&quot;unit&quot;:&quot;px&quot;,&quot;size&quot;:&quot;&quot;,&quot;sizes&quot;:[]},&quot;element_pack_global_tooltip_width_mobile&quot;:{&quot;unit&quot;:&quot;px&quot;,&quot;size&quot;:&quot;&quot;,&quot;sizes&quot;:[]},&quot;element_pack_global_tooltip_padding&quot;:{&quot;unit&quot;:&quot;px&quot;,&quot;top&quot;:&quot;&quot;,&quot;right&quot;:&quot;&quot;,&quot;bottom&quot;:&quot;&quot;,&quot;left&quot;:&quot;&quot;,&quot;isLinked&quot;:true},&quot;element_pack_global_tooltip_padding_tablet&quot;:{&quot;unit&quot;:&quot;px&quot;,&quot;top&quot;:&quot;&quot;,&quot;right&quot;:&quot;&quot;,&quot;bottom&quot;:&quot;&quot;,&quot;left&quot;:&quot;&quot;,&quot;isLinked&quot;:true},&quot;element_pack_global_tooltip_padding_mobile&quot;:{&quot;unit&quot;:&quot;px&quot;,&quot;top&quot;:&quot;&quot;,&quot;right&quot;:&quot;&quot;,&quot;bottom&quot;:&quot;&quot;,&quot;left&quot;:&quot;&quot;,&quot;isLinked&quot;:true},&quot;element_pack_global_tooltip_border_radius&quot;:{&quot;unit&quot;:&quot;px&quot;,&quot;top&quot;:&quot;&quot;,&quot;right&quot;:&quot;&quot;,&quot;bottom&quot;:&quot;&quot;,&quot;left&quot;:&quot;&quot;,&quot;isLinked&quot;:true},&quot;element_pack_global_tooltip_border_radius_tablet&quot;:{&quot;unit&quot;:&quot;px&quot;,&quot;top&quot;:&quot;&quot;,&quot;right&quot;:&quot;&quot;,&quot;bottom&quot;:&quot;&quot;,&quot;left&quot;:&quot;&quot;,&quot;isLinked&quot;:true},&quot;element_pack_global_tooltip_border_radius_mobile&quot;:{&quot;unit&quot;:&quot;px&quot;,&quot;top&quot;:&quot;&quot;,&quot;right&quot;:&quot;&quot;,&quot;bottom&quot;:&quot;&quot;,&quot;left&quot;:&quot;&quot;,&quot;isLinked&quot;:true}}\" data-elementor-post-type=\"page\">\n\t\t\t\t<div class=\"elementor-element elementor-element-c08f6ba e-flex e-con-boxed e-con e-parent\" data-id=\"c08f6ba\" data-element_type=\"container\" data-e-type=\"container\">\n\t\t\t\t\t<div class=\"e-con-inner\">\n\t\t\t\t<div class=\"elementor-element elementor-element-73be673 elementor-widget elementor-widget-template\" data-id=\"73be673\" data-element_type=\"widget\" data-e-type=\"widget\" data-widget_type=\"template.default\">\n\t\t\t\t<div class=\"elementor-widget-container\">\n\t\t\t\t\t\t\t<div class=\"elementor-template\">\n\t\t\t\t\t<div data-elementor-type=\"container\" data-elementor-id=\"9466\" class=\"elementor elementor-9466\" data-elementor-post-type=\"elementor_library\">\n\t\t\t\t<div class=\"elementor-element elementor-element-7fd21df e-flex e-con-boxed e-con e-parent\" data-id=\"7fd21df\" data-element_type=\"container\" data-e-type=\"container\" data-settings=\"{&quot;background_background&quot;:&quot;gradient&quot;}\">\n\t\t\t\t\t<div class=\"e-con-inner\">\n\t\t<div class=\"elementor-element elementor-element-498aa85 e-con-full e-flex e-con e-child\" data-id=\"498aa85\" data-element_type=\"container\" data-e-type=\"container\">\n\t\t\t\t<\/div>\n\t\t\t\t\t<\/div>\n\t\t\t\t<\/div>\n\t\t\t\t<\/div>\n\t\t\t\t<\/div>\n\t\t\t\t\t\t<\/div>\n\t\t\t\t<\/div>\n\t\t\t\t\t<\/div>\n\t\t\t\t<\/div>\n\t\t<div class=\"elementor-element elementor-element-c3b220f e-flex e-con-boxed e-con e-parent\" data-id=\"c3b220f\" data-element_type=\"container\" data-e-type=\"container\" data-settings=\"{&quot;background_background&quot;:&quot;classic&quot;}\">\n\t\t\t\t\t<div class=\"e-con-inner\">\n\t\t<div class=\"elementor-element elementor-element-face217 e-flex e-con-boxed e-con e-child\" data-id=\"face217\" data-element_type=\"container\" data-e-type=\"container\">\n\t\t\t\t\t<div class=\"e-con-inner\">\n\t\t\t\t<div class=\"elementor-element elementor-element-71d6334 elementor-widget elementor-widget-text-editor\" data-id=\"71d6334\" data-element_type=\"widget\" data-e-type=\"widget\" data-widget_type=\"text-editor.default\">\n\t\t\t\t<div class=\"elementor-widget-container\">\n\t\t\t\t\t\t\t\t\tNecesitamos tu apoyo. Numerosas personas dan enormes cantidades de tiempo y energ\u00eda para hacer que Ulex funcione, fortaleciendo los movimientos sociales, aumentando la justicia social y la integridad ecol\u00f3gica. Nuestro trabajo desaf\u00eda la exclusi\u00f3n social y la marginaci\u00f3n, brindando acceso a la capacitaci\u00f3n para el desarrollo de capacidades a activistas en toda Europa. Si puede ayudar financieramente, estamos profundamente agradecidos.\t\t\t\t\t\t\t\t<\/div>\n\t\t\t\t<\/div>\n\t\t\t\t<div class=\"elementor-element elementor-element-ef232a8 elementor-hidden-desktop elementor-hidden-tablet elementor-hidden-mobile elementor-widget elementor-widget-text-editor\" data-id=\"ef232a8\" data-element_type=\"widget\" data-e-type=\"widget\" data-widget_type=\"text-editor.default\">\n\t\t\t\t<div class=\"elementor-widget-container\">\n\t\t\t\t\t\t\t\t\t<p>Please support the work by considering one off or regular donations:<\/p><p><input name=\"currency_code\" type=\"hidden\" value=\"EUR\" \/><\/p>\t\t\t\t\t\t\t\t<\/div>\n\t\t\t\t<\/div>\n\t\t\t\t<div class=\"elementor-element elementor-element-e19edaf elementor-widget elementor-widget-button\" data-id=\"e19edaf\" data-element_type=\"widget\" data-e-type=\"widget\" data-widget_type=\"button.default\">\n\t\t\t\t<div class=\"elementor-widget-container\">\n\t\t\t\t\t\t\t\t\t<div class=\"elementor-button-wrapper\">\n\t\t\t\t\t<a class=\"elementor-button elementor-button-link elementor-size-sm\" href=\"https:\/\/ulexproject.org\/es\/certificate-of-donations\/\">\n\t\t\t\t\t\t<span class=\"elementor-button-content-wrapper\">\n\t\t\t\t\t\t\t\t\t<span class=\"elementor-button-text\">DONATE HERE<\/span>\n\t\t\t\t\t<\/span>\n\t\t\t\t\t<\/a>\n\t\t\t\t<\/div>\n\t\t\t\t\t\t\t\t<\/div>\n\t\t\t\t<\/div>\n\t\t\t\t<div class=\"elementor-element elementor-element-e2c2c57 elementor-hidden-desktop elementor-hidden-tablet elementor-hidden-mobile elementor-widget elementor-widget-text-editor\" data-id=\"e2c2c57\" data-element_type=\"widget\" data-e-type=\"widget\" data-widget_type=\"text-editor.default\">\n\t\t\t\t<div class=\"elementor-widget-container\">\n\t\t\t\t\t\t\t\t\t<p><input alt=\"PayPal - The safer, easier way to pay online!\" name=\"submit\" src=\"http:\/\/ulexproject.org\/wp-content\/uploads\/2016\/10\/onetimepng.png\" type=\"image\" \/><\/p><div class=\"col-lg-3 col-md-3 col-xs-12 col-sm-12 nopad stepbut\"><div class=\"box-buttons-step1\"><div class=\"subah\"><form action=\"https:\/\/www.paypal.com\/cgi-bin\/webscr\" method=\"post\" target=\"_top\"><span style=\"font-size: 8pt;\"><img decoding=\"async\" src=\"https:\/\/www.paypalobjects.com\/en_US\/i\/scr\/pixel.gif\" alt=\"\" width=\"1\" height=\"1\" border=\"0\" \/><\/span><\/form><\/div><div class=\"subah\"><form action=\"https:\/\/www.paypal.com\/cgi-bin\/webscr\" method=\"post\" target=\"_top\"><input name=\"cmd\" type=\"hidden\" value=\"_s-xclick\" \/><br \/><input name=\"hosted_button_id\" type=\"hidden\" value=\"QYSRM6H3LSCC2\" \/><\/form><\/div><\/div><\/div><table id=\"paypal-select\"><tbody><tr><td><input name=\"on0\" type=\"hidden\" value=\"\" \/><\/td><\/tr><tr><td data-children-count=\"1\"><select id=\"mySelect\" name=\"os0\"><option value=\"Option 1\">Option 1 : \u20ac5,00 EUR &#8211; monthly<\/option><option value=\"Option 2\">Option 2 : \u20ac10,00 EUR &#8211; monthly<\/option><option value=\"Option 3\">Option 3 : \u20ac25,00 EUR &#8211; monthly<\/option><option value=\"Option 4\">Option 4 : \u20ac50,00 EUR &#8211; monthly<\/option><option value=\"Option 5\">Option 5 : \u20ac100,00 EUR &#8211; monthly<\/option><\/select><\/td><\/tr><\/tbody><\/table><div class=\"absolutexs\"><input alt=\"PayPal - The safer, easier way to pay online!\" name=\"submit\" src=\"http:\/\/ulexproject.org\/wp-content\/uploads\/2016\/11\/imgpsh_fullsize.png\" type=\"image\" \/><\/div><p><input name=\"currency_code\" type=\"hidden\" value=\"EUR\" \/><\/p>\t\t\t\t\t\t\t\t<\/div>\n\t\t\t\t<\/div>\n\t\t\t\t<div class=\"elementor-element elementor-element-df06755 elementor-hidden-desktop elementor-hidden-tablet elementor-hidden-mobile elementor-widget elementor-widget-text-editor\" data-id=\"df06755\" data-element_type=\"widget\" data-e-type=\"widget\" data-widget_type=\"text-editor.default\">\n\t\t\t\t<div class=\"elementor-widget-container\">\n\t\t\t\t\t\t\t\t\t<h6><span style=\"font-size: 12pt;\"><a href=\"https:\/\/ulexproject.org\/es\/contactar\/\">Get in touch<\/a> if you want to discuss specific ways of giving us financial support.<\/span><\/h6><h6>We are a registered non-profit organisation.<\/h6>\t\t\t\t\t\t\t\t<\/div>\n\t\t\t\t<\/div>\n\t\t\t\t\t<\/div>\n\t\t\t\t<\/div>\n\t\t\t\t\t<\/div>\n\t\t\t\t<\/div>\n\t\t\t\t<\/div>\n\t\t","protected":false},"excerpt":{"rendered":"<p>Please support the work by considering one off or regular donations: DONATE HERE Option 1 : \u20ac5,00 EUR &#8211; monthlyOption 2 : \u20ac10,00 EUR &#8211; monthlyOption 3 : \u20ac25,00 EUR &#8211; monthlyOption 4 : \u20ac50,00 EUR &#8211; monthlyOption 5 : \u20ac100,00 EUR &#8211; monthly Get in touch if you want to discuss specific ways of [&hellip;]<\/p>\n","protected":false},"author":3,"featured_media":23237,"parent":0,"menu_order":25,"comment_status":"closed","ping_status":"closed","template":"","meta":{"_acf_changed":false,"_mo_disable_npp":"","cybocfi_hide_featured_image":"","footnotes":""},"class_list":["post-2887","page","type-page","status-publish","has-post-thumbnail","hentry"],"acf":[],"yoast_head":"<!-- This site is optimized with the Yoast SEO plugin v27.4 - https:\/\/yoast.com\/product\/yoast-seo-wordpress\/ -->\n<title>Donaciones - Ulex<\/title>\n<meta name=\"robots\" content=\"index, follow, max-snippet:-1, max-image-preview:large, max-video-preview:-1\" \/>\n<link rel=\"canonical\" href=\"https:\/\/ulexproject.org\/es\/donaciones\/\" \/>\n<meta property=\"og:locale\" content=\"es_ES\" \/>\n<meta property=\"og:type\" content=\"article\" \/>\n<meta property=\"og:title\" content=\"Donaciones - Ulex\" \/>\n<meta property=\"og:description\" content=\"Please support the work by considering one off or regular donations: DONATE HERE Option 1 : \u20ac5,00 EUR &#8211; monthlyOption 2 : \u20ac10,00 EUR &#8211; monthlyOption 3 : \u20ac25,00 EUR &#8211; monthlyOption 4 : \u20ac50,00 EUR &#8211; monthlyOption 5 : \u20ac100,00 EUR &#8211; monthly Get in touch if you want to discuss specific ways of [&hellip;]\" \/>\n<meta property=\"og:url\" content=\"https:\/\/ulexproject.org\/es\/donaciones\/\" \/>\n<meta property=\"og:site_name\" content=\"Ulex\" \/>\n<meta property=\"article:modified_time\" content=\"2026-02-27T08:44:20+00:00\" \/>\n<meta property=\"og:image\" content=\"https:\/\/ulexproject.org\/wp-content\/uploads\/2026\/02\/Hands-in-together-1.webp\" \/>\n\t<meta property=\"og:image:width\" content=\"1920\" \/>\n\t<meta property=\"og:image:height\" content=\"650\" \/>\n\t<meta property=\"og:image:type\" content=\"image\/webp\" \/>\n<meta name=\"twitter:card\" content=\"summary_large_image\" \/>\n<meta name=\"twitter:label1\" content=\"Tiempo de lectura\" \/>\n\t<meta name=\"twitter:data1\" content=\"1 minuto\" \/>\n<script type=\"application\/ld+json\" class=\"yoast-schema-graph\">{\"@context\":\"https:\\\/\\\/schema.org\",\"@graph\":[{\"@type\":\"WebPage\",\"@id\":\"https:\\\/\\\/ulexproject.org\\\/es\\\/donaciones\\\/\",\"url\":\"https:\\\/\\\/ulexproject.org\\\/es\\\/donaciones\\\/\",\"name\":\"Donaciones - Ulex\",\"isPartOf\":{\"@id\":\"https:\\\/\\\/ulexproject.org\\\/es\\\/#website\"},\"primaryImageOfPage\":{\"@id\":\"https:\\\/\\\/ulexproject.org\\\/es\\\/donaciones\\\/#primaryimage\"},\"image\":{\"@id\":\"https:\\\/\\\/ulexproject.org\\\/es\\\/donaciones\\\/#primaryimage\"},\"thumbnailUrl\":\"https:\\\/\\\/ulexproject.org\\\/wp-content\\\/uploads\\\/2026\\\/02\\\/Hands-in-together-1.webp\",\"datePublished\":\"2016-10-14T10:27:46+00:00\",\"dateModified\":\"2026-02-27T08:44:20+00:00\",\"breadcrumb\":{\"@id\":\"https:\\\/\\\/ulexproject.org\\\/es\\\/donaciones\\\/#breadcrumb\"},\"inLanguage\":\"es\",\"potentialAction\":[{\"@type\":\"ReadAction\",\"target\":[\"https:\\\/\\\/ulexproject.org\\\/es\\\/donaciones\\\/\"]}]},{\"@type\":\"ImageObject\",\"inLanguage\":\"es\",\"@id\":\"https:\\\/\\\/ulexproject.org\\\/es\\\/donaciones\\\/#primaryimage\",\"url\":\"https:\\\/\\\/ulexproject.org\\\/wp-content\\\/uploads\\\/2026\\\/02\\\/Hands-in-together-1.webp\",\"contentUrl\":\"https:\\\/\\\/ulexproject.org\\\/wp-content\\\/uploads\\\/2026\\\/02\\\/Hands-in-together-1.webp\",\"width\":1920,\"height\":650},{\"@type\":\"BreadcrumbList\",\"@id\":\"https:\\\/\\\/ulexproject.org\\\/es\\\/donaciones\\\/#breadcrumb\",\"itemListElement\":[{\"@type\":\"ListItem\",\"position\":1,\"name\":\"Home\",\"item\":\"https:\\\/\\\/ulexproject.org\\\/es\\\/\"},{\"@type\":\"ListItem\",\"position\":2,\"name\":\"Donaciones\"}]},{\"@type\":\"WebSite\",\"@id\":\"https:\\\/\\\/ulexproject.org\\\/es\\\/#website\",\"url\":\"https:\\\/\\\/ulexproject.org\\\/es\\\/\",\"name\":\"Ulex\",\"description\":\"TRAININGS FOR SOCIAL MOVEMENT IMPACT &amp; RESILIENCE\",\"publisher\":{\"@id\":\"https:\\\/\\\/ulexproject.org\\\/es\\\/#organization\"},\"potentialAction\":[{\"@type\":\"SearchAction\",\"target\":{\"@type\":\"EntryPoint\",\"urlTemplate\":\"https:\\\/\\\/ulexproject.org\\\/es\\\/?s={search_term_string}\"},\"query-input\":{\"@type\":\"PropertyValueSpecification\",\"valueRequired\":true,\"valueName\":\"search_term_string\"}}],\"inLanguage\":\"es\"},{\"@type\":\"Organization\",\"@id\":\"https:\\\/\\\/ulexproject.org\\\/es\\\/#organization\",\"name\":\"Ulex\",\"url\":\"https:\\\/\\\/ulexproject.org\\\/es\\\/\",\"logo\":{\"@type\":\"ImageObject\",\"inLanguage\":\"es\",\"@id\":\"https:\\\/\\\/ulexproject.org\\\/es\\\/#\\\/schema\\\/logo\\\/image\\\/\",\"url\":\"https:\\\/\\\/ulexproject.org\\\/wp-content\\\/uploads\\\/2016\\\/10\\\/ulex-new-logo.png\",\"contentUrl\":\"https:\\\/\\\/ulexproject.org\\\/wp-content\\\/uploads\\\/2016\\\/10\\\/ulex-new-logo.png\",\"width\":250,\"height\":133,\"caption\":\"Ulex\"},\"image\":{\"@id\":\"https:\\\/\\\/ulexproject.org\\\/es\\\/#\\\/schema\\\/logo\\\/image\\\/\"}}]}<\/script>\n<!-- \/ Yoast SEO plugin. -->","yoast_head_json":{"title":"Donaciones - Ulex","robots":{"index":"index","follow":"follow","max-snippet":"max-snippet:-1","max-image-preview":"max-image-preview:large","max-video-preview":"max-video-preview:-1"},"canonical":"https:\/\/ulexproject.org\/es\/donaciones\/","og_locale":"es_ES","og_type":"article","og_title":"Donaciones - Ulex","og_description":"Please support the work by considering one off or regular donations: DONATE HERE Option 1 : \u20ac5,00 EUR &#8211; monthlyOption 2 : \u20ac10,00 EUR &#8211; monthlyOption 3 : \u20ac25,00 EUR &#8211; monthlyOption 4 : \u20ac50,00 EUR &#8211; monthlyOption 5 : \u20ac100,00 EUR &#8211; monthly Get in touch if you want to discuss specific ways of [&hellip;]","og_url":"https:\/\/ulexproject.org\/es\/donaciones\/","og_site_name":"Ulex","article_modified_time":"2026-02-27T08:44:20+00:00","og_image":[{"width":1920,"height":650,"url":"https:\/\/ulexproject.org\/wp-content\/uploads\/2026\/02\/Hands-in-together-1.webp","type":"image\/webp"}],"twitter_card":"summary_large_image","twitter_misc":{"Tiempo de lectura":"1 minuto"},"schema":{"@context":"https:\/\/schema.org","@graph":[{"@type":"WebPage","@id":"https:\/\/ulexproject.org\/es\/donaciones\/","url":"https:\/\/ulexproject.org\/es\/donaciones\/","name":"Donaciones - Ulex","isPartOf":{"@id":"https:\/\/ulexproject.org\/es\/#website"},"primaryImageOfPage":{"@id":"https:\/\/ulexproject.org\/es\/donaciones\/#primaryimage"},"image":{"@id":"https:\/\/ulexproject.org\/es\/donaciones\/#primaryimage"},"thumbnailUrl":"https:\/\/ulexproject.org\/wp-content\/uploads\/2026\/02\/Hands-in-together-1.webp","datePublished":"2016-10-14T10:27:46+00:00","dateModified":"2026-02-27T08:44:20+00:00","breadcrumb":{"@id":"https:\/\/ulexproject.org\/es\/donaciones\/#breadcrumb"},"inLanguage":"es","potentialAction":[{"@type":"ReadAction","target":["https:\/\/ulexproject.org\/es\/donaciones\/"]}]},{"@type":"ImageObject","inLanguage":"es","@id":"https:\/\/ulexproject.org\/es\/donaciones\/#primaryimage","url":"https:\/\/ulexproject.org\/wp-content\/uploads\/2026\/02\/Hands-in-together-1.webp","contentUrl":"https:\/\/ulexproject.org\/wp-content\/uploads\/2026\/02\/Hands-in-together-1.webp","width":1920,"height":650},{"@type":"BreadcrumbList","@id":"https:\/\/ulexproject.org\/es\/donaciones\/#breadcrumb","itemListElement":[{"@type":"ListItem","position":1,"name":"Home","item":"https:\/\/ulexproject.org\/es\/"},{"@type":"ListItem","position":2,"name":"Donaciones"}]},{"@type":"WebSite","@id":"https:\/\/ulexproject.org\/es\/#website","url":"https:\/\/ulexproject.org\/es\/","name":"Ulex","description":"TRAININGS FOR SOCIAL MOVEMENT IMPACT &amp; RESILIENCE","publisher":{"@id":"https:\/\/ulexproject.org\/es\/#organization"},"potentialAction":[{"@type":"SearchAction","target":{"@type":"EntryPoint","urlTemplate":"https:\/\/ulexproject.org\/es\/?s={search_term_string}"},"query-input":{"@type":"PropertyValueSpecification","valueRequired":true,"valueName":"search_term_string"}}],"inLanguage":"es"},{"@type":"Organization","@id":"https:\/\/ulexproject.org\/es\/#organization","name":"Ulex","url":"https:\/\/ulexproject.org\/es\/","logo":{"@type":"ImageObject","inLanguage":"es","@id":"https:\/\/ulexproject.org\/es\/#\/schema\/logo\/image\/","url":"https:\/\/ulexproject.org\/wp-content\/uploads\/2016\/10\/ulex-new-logo.png","contentUrl":"https:\/\/ulexproject.org\/wp-content\/uploads\/2016\/10\/ulex-new-logo.png","width":250,"height":133,"caption":"Ulex"},"image":{"@id":"https:\/\/ulexproject.org\/es\/#\/schema\/logo\/image\/"}}]}},"_links":{"self":[{"href":"https:\/\/ulexproject.org\/es\/wp-json\/wp\/v2\/pages\/2887","targetHints":{"allow":["GET"]}}],"collection":[{"href":"https:\/\/ulexproject.org\/es\/wp-json\/wp\/v2\/pages"}],"about":[{"href":"https:\/\/ulexproject.org\/es\/wp-json\/wp\/v2\/types\/page"}],"author":[{"embeddable":true,"href":"https:\/\/ulexproject.org\/es\/wp-json\/wp\/v2\/users\/3"}],"replies":[{"embeddable":true,"href":"https:\/\/ulexproject.org\/es\/wp-json\/wp\/v2\/comments?post=2887"}],"version-history":[{"count":23,"href":"https:\/\/ulexproject.org\/es\/wp-json\/wp\/v2\/pages\/2887\/revisions"}],"predecessor-version":[{"id":23238,"href":"https:\/\/ulexproject.org\/es\/wp-json\/wp\/v2\/pages\/2887\/revisions\/23238"}],"wp:featuredmedia":[{"embeddable":true,"href":"https:\/\/ulexproject.org\/es\/wp-json\/wp\/v2\/media\/23237"}],"wp:attachment":[{"href":"https:\/\/ulexproject.org\/es\/wp-json\/wp\/v2\/media?parent=2887"}],"curies":[{"name":"wp","href":"https:\/\/api.w.org\/{rel}","templated":true}]}}