{"id":3473,"date":"2016-10-14T10:26:42","date_gmt":"2016-10-14T10:26:42","guid":{"rendered":"https:\/\/ulexproject.org\/the-place\/"},"modified":"2024-07-18T10:22:05","modified_gmt":"2024-07-18T10:22:05","slug":"the-place","status":"publish","type":"page","link":"https:\/\/ulexproject.org\/es\/el-centro\/the-place\/","title":{"rendered":"El sitio"},"content":{"rendered":"\t\t<div data-elementor-type=\"wp-page\" data-elementor-id=\"3473\" class=\"elementor elementor-3473 elementor-266\" data-elementor-settings=\"{&quot;element_pack_global_tooltip_width&quot;:{&quot;unit&quot;:&quot;px&quot;,&quot;size&quot;:&quot;&quot;,&quot;sizes&quot;:[]},&quot;element_pack_global_tooltip_width_tablet&quot;:{&quot;unit&quot;:&quot;px&quot;,&quot;size&quot;:&quot;&quot;,&quot;sizes&quot;:[]},&quot;element_pack_global_tooltip_width_mobile&quot;:{&quot;unit&quot;:&quot;px&quot;,&quot;size&quot;:&quot;&quot;,&quot;sizes&quot;:[]},&quot;element_pack_global_tooltip_padding&quot;:{&quot;unit&quot;:&quot;px&quot;,&quot;top&quot;:&quot;&quot;,&quot;right&quot;:&quot;&quot;,&quot;bottom&quot;:&quot;&quot;,&quot;left&quot;:&quot;&quot;,&quot;isLinked&quot;:true},&quot;element_pack_global_tooltip_padding_tablet&quot;:{&quot;unit&quot;:&quot;px&quot;,&quot;top&quot;:&quot;&quot;,&quot;right&quot;:&quot;&quot;,&quot;bottom&quot;:&quot;&quot;,&quot;left&quot;:&quot;&quot;,&quot;isLinked&quot;:true},&quot;element_pack_global_tooltip_padding_mobile&quot;:{&quot;unit&quot;:&quot;px&quot;,&quot;top&quot;:&quot;&quot;,&quot;right&quot;:&quot;&quot;,&quot;bottom&quot;:&quot;&quot;,&quot;left&quot;:&quot;&quot;,&quot;isLinked&quot;:true},&quot;element_pack_global_tooltip_border_radius&quot;:{&quot;unit&quot;:&quot;px&quot;,&quot;top&quot;:&quot;&quot;,&quot;right&quot;:&quot;&quot;,&quot;bottom&quot;:&quot;&quot;,&quot;left&quot;:&quot;&quot;,&quot;isLinked&quot;:true},&quot;element_pack_global_tooltip_border_radius_tablet&quot;:{&quot;unit&quot;:&quot;px&quot;,&quot;top&quot;:&quot;&quot;,&quot;right&quot;:&quot;&quot;,&quot;bottom&quot;:&quot;&quot;,&quot;left&quot;:&quot;&quot;,&quot;isLinked&quot;:true},&quot;element_pack_global_tooltip_border_radius_mobile&quot;:{&quot;unit&quot;:&quot;px&quot;,&quot;top&quot;:&quot;&quot;,&quot;right&quot;:&quot;&quot;,&quot;bottom&quot;:&quot;&quot;,&quot;left&quot;:&quot;&quot;,&quot;isLinked&quot;:true}}\" data-elementor-post-type=\"page\">\n\t\t\t\t<div class=\"elementor-element elementor-element-4500d01 e-con-full e-flex e-con e-parent\" data-id=\"4500d01\" data-element_type=\"container\" data-e-type=\"container\">\n\t\t\t\t<div class=\"elementor-element elementor-element-e06f935 elementor-widget elementor-widget-template\" data-id=\"e06f935\" data-element_type=\"widget\" data-e-type=\"widget\" data-widget_type=\"template.default\">\n\t\t\t\t<div class=\"elementor-widget-container\">\n\t\t\t\t\t\t\t<div class=\"elementor-template\">\n\t\t\t\t\t<div data-elementor-type=\"single-page\" data-elementor-id=\"11580\" class=\"elementor elementor-11580\" data-elementor-settings=\"{&quot;element_pack_global_tooltip_width&quot;:{&quot;unit&quot;:&quot;px&quot;,&quot;size&quot;:&quot;&quot;,&quot;sizes&quot;:[]},&quot;element_pack_global_tooltip_width_tablet&quot;:{&quot;unit&quot;:&quot;px&quot;,&quot;size&quot;:&quot;&quot;,&quot;sizes&quot;:[]},&quot;element_pack_global_tooltip_width_mobile&quot;:{&quot;unit&quot;:&quot;px&quot;,&quot;size&quot;:&quot;&quot;,&quot;sizes&quot;:[]},&quot;element_pack_global_tooltip_padding&quot;:{&quot;unit&quot;:&quot;px&quot;,&quot;top&quot;:&quot;&quot;,&quot;right&quot;:&quot;&quot;,&quot;bottom&quot;:&quot;&quot;,&quot;left&quot;:&quot;&quot;,&quot;isLinked&quot;:true},&quot;element_pack_global_tooltip_padding_tablet&quot;:{&quot;unit&quot;:&quot;px&quot;,&quot;top&quot;:&quot;&quot;,&quot;right&quot;:&quot;&quot;,&quot;bottom&quot;:&quot;&quot;,&quot;left&quot;:&quot;&quot;,&quot;isLinked&quot;:true},&quot;element_pack_global_tooltip_padding_mobile&quot;:{&quot;unit&quot;:&quot;px&quot;,&quot;top&quot;:&quot;&quot;,&quot;right&quot;:&quot;&quot;,&quot;bottom&quot;:&quot;&quot;,&quot;left&quot;:&quot;&quot;,&quot;isLinked&quot;:true},&quot;element_pack_global_tooltip_border_radius&quot;:{&quot;unit&quot;:&quot;px&quot;,&quot;top&quot;:&quot;&quot;,&quot;right&quot;:&quot;&quot;,&quot;bottom&quot;:&quot;&quot;,&quot;left&quot;:&quot;&quot;,&quot;isLinked&quot;:true},&quot;element_pack_global_tooltip_border_radius_tablet&quot;:{&quot;unit&quot;:&quot;px&quot;,&quot;top&quot;:&quot;&quot;,&quot;right&quot;:&quot;&quot;,&quot;bottom&quot;:&quot;&quot;,&quot;left&quot;:&quot;&quot;,&quot;isLinked&quot;:true},&quot;element_pack_global_tooltip_border_radius_mobile&quot;:{&quot;unit&quot;:&quot;px&quot;,&quot;top&quot;:&quot;&quot;,&quot;right&quot;:&quot;&quot;,&quot;bottom&quot;:&quot;&quot;,&quot;left&quot;:&quot;&quot;,&quot;isLinked&quot;:true}}\" data-elementor-post-type=\"elementor_library\">\n\t\t\t<div class=\"elementor-element elementor-element-a4ad064 e-con-full e-flex e-con e-parent\" data-id=\"a4ad064\" data-element_type=\"container\" data-e-type=\"container\">\n\t\t\t\t<div class=\"elementor-element elementor-element-50e5abe elementor-widget elementor-widget-template\" data-id=\"50e5abe\" data-element_type=\"widget\" data-e-type=\"widget\" data-widget_type=\"template.default\">\n\t\t\t\t<div class=\"elementor-widget-container\">\n\t\t\t\t\t\t\t<div class=\"elementor-template\">\n\t\t\t\t\t<div data-elementor-type=\"container\" data-elementor-id=\"9466\" class=\"elementor elementor-9466\" data-elementor-post-type=\"elementor_library\">\n\t\t\t\t<div class=\"elementor-element elementor-element-7fd21df e-flex e-con-boxed e-con e-parent\" data-id=\"7fd21df\" data-element_type=\"container\" data-e-type=\"container\" data-settings=\"{&quot;background_background&quot;:&quot;gradient&quot;}\">\n\t\t\t\t\t<div class=\"e-con-inner\">\n\t\t<div class=\"elementor-element elementor-element-498aa85 e-con-full e-flex e-con e-child\" data-id=\"498aa85\" data-element_type=\"container\" data-e-type=\"container\">\n\t\t\t\t<\/div>\n\t\t\t\t\t<\/div>\n\t\t\t\t<\/div>\n\t\t\t\t<\/div>\n\t\t\t\t<\/div>\n\t\t\t\t\t\t<\/div>\n\t\t\t\t<\/div>\n\t\t\t\t<\/div>\n\t\t<div class=\"elementor-element elementor-element-68d2dd6 e-flex e-con-boxed e-con e-parent\" data-id=\"68d2dd6\" data-element_type=\"container\" data-e-type=\"container\">\n\t\t\t\t\t<div class=\"e-con-inner\">\n\t\t<div class=\"elementor-element elementor-element-5afd219 e-flex e-con-boxed e-con e-child\" data-id=\"5afd219\" data-element_type=\"container\" data-e-type=\"container\">\n\t\t\t\t\t<div class=\"e-con-inner\">\n\t\t\t\t<div class=\"elementor-element elementor-element-3a34196 elementor-widget elementor-widget-text-editor\" data-id=\"3a34196\" data-element_type=\"widget\" data-e-type=\"widget\" data-widget_type=\"text-editor.default\">\n\t\t\t\t<div class=\"elementor-widget-container\">\n\t\t\t\t\t\t\t\t\tCatalunya tiene una larga historia de lucha pol\u00edtica progresista. Hoy es el hogar de autogesti\u00f3n y organizaci\u00f3n inspiradoras.\t\t\t\t\t\t\t\t<\/div>\n\t\t\t\t<\/div>\n\t\t\t\t<div class=\"elementor-element elementor-element-4c42b8d elementor-widget elementor-widget-text-editor\" data-id=\"4c42b8d\" data-element_type=\"widget\" data-e-type=\"widget\" data-widget_type=\"text-editor.default\">\n\t\t\t\t<div class=\"elementor-widget-container\">\n\t\t\t\t\t\t\t\t\t<p>El centro de Ulex se encuentra en el salvaje oeste de Catalu\u00f1a. Est\u00e1 alojado en una regi\u00f3n monta\u00f1osa; el tipo de terreno que busca evadirse de la hegemon\u00eda del capitalismo tard\u00edo. De diversas maneras, es una regi\u00f3n en la que hay espacio para experimentos de relocalizaci\u00f3n econ\u00f3mica, producci\u00f3n local y org\u00e1nica de alimentos y nuevas formas de vida en comunidad. \u00bfQu\u00e9 mejor lugar para dar espacio a la novedad? \u00bfPara formular las preguntas profundas que necesitamos preguntar? \u00bfPara explorar los cambios que necesitamos hacer?<\/p>\n\t\t\t\t\t\t\t\t<\/div>\n\t\t\t\t<\/div>\n\t\t\t\t<div class=\"elementor-element elementor-element-b788899 elementor-widget elementor-widget-text-editor\" data-id=\"b788899\" data-element_type=\"widget\" data-e-type=\"widget\" data-widget_type=\"text-editor.default\">\n\t\t\t\t<div class=\"elementor-widget-container\">\n\t\t\t\t\t\t\t\t\t<p>El edificio es una antigua casa de campo en el coraz\u00f3n de un peque\u00f1o pueblo de monta\u00f1a. Actualmente est\u00e1 en fase de renovaci\u00f3n. Un miembro de nuestro colectivo la compr\u00f3 en 2001 y la dio al proyecto. Repartidos en tres plantas, hay varios dormitorios compartidos (generalmente, para dos o tres personas), una espaciosa sala-comedor, un espacio para talleres, algunas terrazas y un patio. Pasando por unos ventanales se puede salir al balc\u00f3n y disfrutar de la vasta vista del valle hacia el este. Junto a la casa, el antiguo granero sigue esperando fondos para ser restaurado.<\/p>\n\t\t\t\t\t\t\t\t<\/div>\n\t\t\t\t<\/div>\n\t\t\t\t<div class=\"elementor-element elementor-element-19b412a elementor-widget elementor-widget-text-editor\" data-id=\"19b412a\" data-element_type=\"widget\" data-e-type=\"widget\" data-widget_type=\"text-editor.default\">\n\t\t\t\t<div class=\"elementor-widget-container\">\n\t\t\t\t\t\t\t\t\t<p>Hay humildad en el paisaje. El pueblo mismo estuvo abandonado durante algunos a\u00f1os hasta que el \u00e9xodo comenz\u00f3 a revertirse en las \u00faltimas dos d\u00e9cadas. Peque\u00f1os arroyos escurren entre arcilla gris\u00e1cea y viejos olivos se atornillan encima de las rocas. El cielo nocturno es uno de los m\u00e1s claros de Europa. Los campos de los alrededores est\u00e1n llenos de hierbas arom\u00e1ticas. Hay algo en el entorno descuidado que nos recuerda que aqu\u00ed estamos fuera de los m\u00e1rgenes.<\/p>\n\t\t\t\t\t\t\t\t<\/div>\n\t\t\t\t<\/div>\n\t\t\t\t<div class=\"elementor-element elementor-element-63a7912 elementor-widget elementor-widget-text-editor\" data-id=\"63a7912\" data-element_type=\"widget\" data-e-type=\"widget\" data-widget_type=\"text-editor.default\">\n\t\t\t\t<div class=\"elementor-widget-container\">\n\t\t\t\t\t\t\t\t\t<p>Aunque tenemos un cometido internacional, actuar globalmente no nos impide actuar localmente. Tal como la planta de la que proviene nuestro nombre, el Proyecto Ulex ayuda a crear las condiciones para rejuvenecer la comunidad local y la econom\u00eda sostenible. Durante a\u00f1os, hemos participado en tareas para fortalecer la comunidad local. La comida que ofrecemos es casi toda de producci\u00f3n local u org\u00e1nica. Hemos pasado a\u00f1os apoyando la relocalizaci\u00f3n a trav\u00e9s de una peque\u00f1a iniciativa de cooperativa local y hemos sembrado proyectos de agricultura sostenida por la comunidad con agricultores locales. Nuestro equipo residente est\u00e1 implicado en movimientos sociales locales y regionales, tanto desde la vertiente de activistas como de formadores. Nuestro programa de formaci\u00f3n global tambi\u00e9n nutre la\u00a0regi\u00f3n donde nos encontramos.<\/p>\n\t\t\t\t\t\t\t\t<\/div>\n\t\t\t\t<\/div>\n\t\t\t\t\t<\/div>\n\t\t\t\t<\/div>\n\t\t\t\t\t<\/div>\n\t\t\t\t<\/div>\n\t\t\t\t<\/div>\n\t\t\t\t<\/div>\n\t\t\t\t\t\t<\/div>\n\t\t\t\t<\/div>\n\t\t\t\t<\/div>\n\t\t\t\t<\/div>\n\t\t","protected":false},"excerpt":{"rendered":"","protected":false},"author":3,"featured_media":1245,"parent":11525,"menu_order":0,"comment_status":"closed","ping_status":"closed","template":"","meta":{"_acf_changed":false,"_mo_disable_npp":"","cybocfi_hide_featured_image":"","footnotes":""},"class_list":["post-3473","page","type-page","status-publish","has-post-thumbnail","hentry"],"acf":[],"yoast_head":"<!-- This site is optimized with the Yoast SEO plugin v27.3 - https:\/\/yoast.com\/product\/yoast-seo-wordpress\/ -->\n<title>El sitio - Ulex<\/title>\n<meta name=\"robots\" content=\"index, follow, max-snippet:-1, max-image-preview:large, max-video-preview:-1\" \/>\n<link rel=\"canonical\" href=\"https:\/\/ulexproject.org\/es\/el-centro\/the-place\/\" \/>\n<meta property=\"og:locale\" content=\"es_ES\" \/>\n<meta property=\"og:type\" content=\"article\" \/>\n<meta property=\"og:title\" content=\"El sitio - Ulex\" \/>\n<meta property=\"og:url\" content=\"https:\/\/ulexproject.org\/es\/el-centro\/the-place\/\" \/>\n<meta property=\"og:site_name\" content=\"Ulex\" \/>\n<meta property=\"article:modified_time\" content=\"2024-07-18T10:22:05+00:00\" \/>\n<meta property=\"og:image\" content=\"https:\/\/ulexproject.org\/wp-content\/uploads\/2017\/01\/h-place-6-blank-1-e1483717280274.jpg\" \/>\n\t<meta property=\"og:image:width\" content=\"1500\" \/>\n\t<meta property=\"og:image:height\" content=\"1001\" \/>\n\t<meta property=\"og:image:type\" content=\"image\/jpeg\" \/>\n<meta name=\"twitter:card\" content=\"summary_large_image\" \/>\n<meta name=\"twitter:label1\" content=\"Tiempo de lectura\" \/>\n\t<meta name=\"twitter:data1\" content=\"1 minuto\" \/>\n<script type=\"application\/ld+json\" class=\"yoast-schema-graph\">{\"@context\":\"https:\\\/\\\/schema.org\",\"@graph\":[{\"@type\":\"WebPage\",\"@id\":\"https:\\\/\\\/ulexproject.org\\\/es\\\/el-centro\\\/the-place\\\/\",\"url\":\"https:\\\/\\\/ulexproject.org\\\/es\\\/el-centro\\\/the-place\\\/\",\"name\":\"El sitio - Ulex\",\"isPartOf\":{\"@id\":\"https:\\\/\\\/ulexproject.org\\\/es\\\/#website\"},\"primaryImageOfPage\":{\"@id\":\"https:\\\/\\\/ulexproject.org\\\/es\\\/el-centro\\\/the-place\\\/#primaryimage\"},\"image\":{\"@id\":\"https:\\\/\\\/ulexproject.org\\\/es\\\/el-centro\\\/the-place\\\/#primaryimage\"},\"thumbnailUrl\":\"https:\\\/\\\/ulexproject.org\\\/wp-content\\\/uploads\\\/2017\\\/01\\\/h-place-6-blank-1-e1483717280274.jpg\",\"datePublished\":\"2016-10-14T10:26:42+00:00\",\"dateModified\":\"2024-07-18T10:22:05+00:00\",\"breadcrumb\":{\"@id\":\"https:\\\/\\\/ulexproject.org\\\/es\\\/el-centro\\\/the-place\\\/#breadcrumb\"},\"inLanguage\":\"es\",\"potentialAction\":[{\"@type\":\"ReadAction\",\"target\":[\"https:\\\/\\\/ulexproject.org\\\/es\\\/el-centro\\\/the-place\\\/\"]}]},{\"@type\":\"ImageObject\",\"inLanguage\":\"es\",\"@id\":\"https:\\\/\\\/ulexproject.org\\\/es\\\/el-centro\\\/the-place\\\/#primaryimage\",\"url\":\"https:\\\/\\\/ulexproject.org\\\/wp-content\\\/uploads\\\/2017\\\/01\\\/h-place-6-blank-1-e1483717280274.jpg\",\"contentUrl\":\"https:\\\/\\\/ulexproject.org\\\/wp-content\\\/uploads\\\/2017\\\/01\\\/h-place-6-blank-1-e1483717280274.jpg\",\"width\":1500,\"height\":1001},{\"@type\":\"BreadcrumbList\",\"@id\":\"https:\\\/\\\/ulexproject.org\\\/es\\\/el-centro\\\/the-place\\\/#breadcrumb\",\"itemListElement\":[{\"@type\":\"ListItem\",\"position\":1,\"name\":\"Home\",\"item\":\"https:\\\/\\\/ulexproject.org\\\/es\\\/\"},{\"@type\":\"ListItem\",\"position\":2,\"name\":\"El Centro\",\"item\":\"https:\\\/\\\/ulexproject.org\\\/es\\\/el-centro\\\/\"},{\"@type\":\"ListItem\",\"position\":3,\"name\":\"El sitio\"}]},{\"@type\":\"WebSite\",\"@id\":\"https:\\\/\\\/ulexproject.org\\\/es\\\/#website\",\"url\":\"https:\\\/\\\/ulexproject.org\\\/es\\\/\",\"name\":\"Ulex\",\"description\":\"TRAININGS FOR SOCIAL MOVEMENT IMPACT &amp; RESILIENCE\",\"publisher\":{\"@id\":\"https:\\\/\\\/ulexproject.org\\\/es\\\/#organization\"},\"potentialAction\":[{\"@type\":\"SearchAction\",\"target\":{\"@type\":\"EntryPoint\",\"urlTemplate\":\"https:\\\/\\\/ulexproject.org\\\/es\\\/?s={search_term_string}\"},\"query-input\":{\"@type\":\"PropertyValueSpecification\",\"valueRequired\":true,\"valueName\":\"search_term_string\"}}],\"inLanguage\":\"es\"},{\"@type\":\"Organization\",\"@id\":\"https:\\\/\\\/ulexproject.org\\\/es\\\/#organization\",\"name\":\"Ulex\",\"url\":\"https:\\\/\\\/ulexproject.org\\\/es\\\/\",\"logo\":{\"@type\":\"ImageObject\",\"inLanguage\":\"es\",\"@id\":\"https:\\\/\\\/ulexproject.org\\\/es\\\/#\\\/schema\\\/logo\\\/image\\\/\",\"url\":\"https:\\\/\\\/ulexproject.org\\\/wp-content\\\/uploads\\\/2016\\\/10\\\/ulex-new-logo.png\",\"contentUrl\":\"https:\\\/\\\/ulexproject.org\\\/wp-content\\\/uploads\\\/2016\\\/10\\\/ulex-new-logo.png\",\"width\":250,\"height\":133,\"caption\":\"Ulex\"},\"image\":{\"@id\":\"https:\\\/\\\/ulexproject.org\\\/es\\\/#\\\/schema\\\/logo\\\/image\\\/\"}}]}<\/script>\n<!-- \/ Yoast SEO plugin. -->","yoast_head_json":{"title":"El sitio - Ulex","robots":{"index":"index","follow":"follow","max-snippet":"max-snippet:-1","max-image-preview":"max-image-preview:large","max-video-preview":"max-video-preview:-1"},"canonical":"https:\/\/ulexproject.org\/es\/el-centro\/the-place\/","og_locale":"es_ES","og_type":"article","og_title":"El sitio - Ulex","og_url":"https:\/\/ulexproject.org\/es\/el-centro\/the-place\/","og_site_name":"Ulex","article_modified_time":"2024-07-18T10:22:05+00:00","og_image":[{"width":1500,"height":1001,"url":"https:\/\/ulexproject.org\/wp-content\/uploads\/2017\/01\/h-place-6-blank-1-e1483717280274.jpg","type":"image\/jpeg"}],"twitter_card":"summary_large_image","twitter_misc":{"Tiempo de lectura":"1 minuto"},"schema":{"@context":"https:\/\/schema.org","@graph":[{"@type":"WebPage","@id":"https:\/\/ulexproject.org\/es\/el-centro\/the-place\/","url":"https:\/\/ulexproject.org\/es\/el-centro\/the-place\/","name":"El sitio - Ulex","isPartOf":{"@id":"https:\/\/ulexproject.org\/es\/#website"},"primaryImageOfPage":{"@id":"https:\/\/ulexproject.org\/es\/el-centro\/the-place\/#primaryimage"},"image":{"@id":"https:\/\/ulexproject.org\/es\/el-centro\/the-place\/#primaryimage"},"thumbnailUrl":"https:\/\/ulexproject.org\/wp-content\/uploads\/2017\/01\/h-place-6-blank-1-e1483717280274.jpg","datePublished":"2016-10-14T10:26:42+00:00","dateModified":"2024-07-18T10:22:05+00:00","breadcrumb":{"@id":"https:\/\/ulexproject.org\/es\/el-centro\/the-place\/#breadcrumb"},"inLanguage":"es","potentialAction":[{"@type":"ReadAction","target":["https:\/\/ulexproject.org\/es\/el-centro\/the-place\/"]}]},{"@type":"ImageObject","inLanguage":"es","@id":"https:\/\/ulexproject.org\/es\/el-centro\/the-place\/#primaryimage","url":"https:\/\/ulexproject.org\/wp-content\/uploads\/2017\/01\/h-place-6-blank-1-e1483717280274.jpg","contentUrl":"https:\/\/ulexproject.org\/wp-content\/uploads\/2017\/01\/h-place-6-blank-1-e1483717280274.jpg","width":1500,"height":1001},{"@type":"BreadcrumbList","@id":"https:\/\/ulexproject.org\/es\/el-centro\/the-place\/#breadcrumb","itemListElement":[{"@type":"ListItem","position":1,"name":"Home","item":"https:\/\/ulexproject.org\/es\/"},{"@type":"ListItem","position":2,"name":"El Centro","item":"https:\/\/ulexproject.org\/es\/el-centro\/"},{"@type":"ListItem","position":3,"name":"El sitio"}]},{"@type":"WebSite","@id":"https:\/\/ulexproject.org\/es\/#website","url":"https:\/\/ulexproject.org\/es\/","name":"Ulex","description":"TRAININGS FOR SOCIAL MOVEMENT IMPACT &amp; RESILIENCE","publisher":{"@id":"https:\/\/ulexproject.org\/es\/#organization"},"potentialAction":[{"@type":"SearchAction","target":{"@type":"EntryPoint","urlTemplate":"https:\/\/ulexproject.org\/es\/?s={search_term_string}"},"query-input":{"@type":"PropertyValueSpecification","valueRequired":true,"valueName":"search_term_string"}}],"inLanguage":"es"},{"@type":"Organization","@id":"https:\/\/ulexproject.org\/es\/#organization","name":"Ulex","url":"https:\/\/ulexproject.org\/es\/","logo":{"@type":"ImageObject","inLanguage":"es","@id":"https:\/\/ulexproject.org\/es\/#\/schema\/logo\/image\/","url":"https:\/\/ulexproject.org\/wp-content\/uploads\/2016\/10\/ulex-new-logo.png","contentUrl":"https:\/\/ulexproject.org\/wp-content\/uploads\/2016\/10\/ulex-new-logo.png","width":250,"height":133,"caption":"Ulex"},"image":{"@id":"https:\/\/ulexproject.org\/es\/#\/schema\/logo\/image\/"}}]}},"_links":{"self":[{"href":"https:\/\/ulexproject.org\/es\/wp-json\/wp\/v2\/pages\/3473","targetHints":{"allow":["GET"]}}],"collection":[{"href":"https:\/\/ulexproject.org\/es\/wp-json\/wp\/v2\/pages"}],"about":[{"href":"https:\/\/ulexproject.org\/es\/wp-json\/wp\/v2\/types\/page"}],"author":[{"embeddable":true,"href":"https:\/\/ulexproject.org\/es\/wp-json\/wp\/v2\/users\/3"}],"replies":[{"embeddable":true,"href":"https:\/\/ulexproject.org\/es\/wp-json\/wp\/v2\/comments?post=3473"}],"version-history":[{"count":19,"href":"https:\/\/ulexproject.org\/es\/wp-json\/wp\/v2\/pages\/3473\/revisions"}],"predecessor-version":[{"id":12720,"href":"https:\/\/ulexproject.org\/es\/wp-json\/wp\/v2\/pages\/3473\/revisions\/12720"}],"up":[{"embeddable":true,"href":"https:\/\/ulexproject.org\/es\/wp-json\/wp\/v2\/pages\/11525"}],"wp:featuredmedia":[{"embeddable":true,"href":"https:\/\/ulexproject.org\/es\/wp-json\/wp\/v2\/media\/1245"}],"wp:attachment":[{"href":"https:\/\/ulexproject.org\/es\/wp-json\/wp\/v2\/media?parent=3473"}],"curies":[{"name":"wp","href":"https:\/\/api.w.org\/{rel}","templated":true}]}}